{"id":2311,"date":"2025-08-28T17:56:13","date_gmt":"2025-08-28T15:56:13","guid":{"rendered":"https:\/\/vozolpuff.de\/?post_type=product&#038;p=2311"},"modified":"2025-08-28T17:57:30","modified_gmt":"2025-08-28T15:57:30","slug":"randm-tornado-15000-blueberry-bubblegum","status":"publish","type":"product","link":"https:\/\/vozolpuff.de\/fr\/produit\/randm-tornado-15000-blueberry-bubblegum\/","title":{"rendered":"RandM Tornado 15000 Blueberry Bubblegum"},"content":{"rendered":"<h2 class=\"text-xl font-bold text-text-100 mt-1 -mb-0.5\">RandM Tornado 15000 Blueberry Bubblegum Vaporisateur jetable<\/h2>\n<p class=\"whitespace-normal break-words\">Retrouvez les plaisirs nostalgiques de l'enfance avec la RandM Tornado 15000 Blueberry Bubblegum - un m\u00e9lange ludique de myrtilles juteuses et d'un go\u00fbt classique de chewing-gum. Cette combinaison unique rappelle de doux souvenirs et offre une exp\u00e9rience de vapotage incomparable. 15.000 bouff\u00e9es et un r\u00e9servoir de 25 ml dans les taux de nicotine 0%, 2%, 3% et 5%.<\/p>\n<h3 class=\"text-lg font-bold text-text-100 mt-1 -mb-1.5\">\u00c9quipement sp\u00e9cial Blueberry Bubblegum :<\/h3>\n<p class=\"whitespace-normal break-words\"><strong>Batterie nostalgique de 850mAh pour chewing-gum :<\/strong> Une alimentation en \u00e9nergie fiable pr\u00e9serve le charme caract\u00e9ristique de Bubblegum et assure des performances continues pour toute l'exp\u00e9rience nostalgique.<\/p>\n<p class=\"whitespace-normal break-words\"><strong>R\u00e9cipient ludique pour chewing-gum de 25 ML :<\/strong> Le r\u00e9servoir g\u00e9n\u00e9reux offre une capacit\u00e9 suffisante pour de longues phases de vapotage de bubblegum sans interruptions g\u00eanantes du plaisir sucr\u00e9.<\/p>\n<p class=\"whitespace-normal break-words\"><strong>Bobine maill\u00e9e 0,90\u03a9 optimis\u00e9e pour le bubblegum :<\/strong> Une technique de chauffage sp\u00e9cialement adapt\u00e9e renforce les propri\u00e9t\u00e9s typiques du chewing-gum et met parfaitement en valeur la fra\u00eecheur des myrtilles.<\/p>\n<p class=\"whitespace-normal break-words\"><strong>Port nostalgique Fun Type-C :<\/strong> La technologie moderne de charge rapide r\u00e9duit consid\u00e9rablement les temps d'attente entre les moments de vapeur ludique.<\/p>\n<p class=\"whitespace-normal break-words\"><strong>Une puissance gigantesque de 15 000 bouff\u00e9es de bubblegum :<\/strong> Capacit\u00e9 exceptionnelle pour des semaines de voyages nostalgiques sans perdre le charme caract\u00e9ristique du chewing-gum.<\/p>\n<p class=\"whitespace-normal break-words\"><strong>Spectacle de chewing-gum RVB color\u00e9 :<\/strong> De joyeux changements de couleur rappellent les boules de chewing-gum multicolores et servent de charmants indicateurs de fonction.<\/p>\n<h3 class=\"text-lg font-bold text-text-100 mt-1 -mb-1.5\">D\u00e9couvrir plus de FUMOT VAPE chez vozolpuff<\/h3>\n<p class=\"whitespace-normal break-words\">D\u00e9couvrez d'autres produits vapeur de qualit\u00e9 dans notre <strong><a class=\"underline\" href=\"https:\/\/vozolpuff.de\/fr\/\">Assortiment principal<\/a><\/strong>Explorez l'ensemble de la <strong><a class=\"underline\" href=\"https:\/\/vozolpuff.de\/fr\/product-category\/fumot-vape\/\">Collection FUMOT VAPE<\/a><\/strong> ou parcourez toutes les offres disponibles <strong><a class=\"underline\" href=\"https:\/\/vozolpuff.de\/fr\/product-category\/fumot-vape\/randm-tornado-15000\/\">RandM Tornado 15000 saveurs<\/a><\/strong> pour votre exp\u00e9rience parfaite de la vapeur.<\/p>","protected":false},"excerpt":{"rendered":"<div>\n<div class=\"grid-cols-1 grid gap-2.5 [&amp;_&gt;_*]:min-w-0 !gap-3.5\">\n<p class=\"whitespace-normal break-words\">Die RandM Tornado 15000 Blueberry Bubblegum Einweg-Vape kombiniert saftige Blaubeeren mit klassischem Kaugummi-Geschmack f\u00fcr nostalgische Kindheitsfreuden. Mit 15.000 Z\u00fcgen, 25ml Tank, 850mAh Akku und RGB-Beleuchtung. Erh\u00e4ltlich in 0%, 2%, 3% und 5% Nikotin.<\/p>\n<\/div>\n<\/div>\n<div class=\"h-8\"><\/div>\n","protected":false},"featured_media":2314,"comment_status":"open","ping_status":"closed","template":"","meta":{"_acf_changed":false},"product_brand":[],"product_cat":[44],"product_tag":[],"class_list":{"0":"post-2311","1":"product","2":"type-product","3":"status-publish","4":"has-post-thumbnail","6":"product_cat-randm-tornado-15000","8":"first","9":"instock","10":"shipping-taxable","11":"purchasable","12":"product-type-variable"},"acf":[],"_links":{"self":[{"href":"https:\/\/vozolpuff.de\/fr\/wp-json\/wp\/v2\/product\/2311","targetHints":{"allow":["GET"]}}],"collection":[{"href":"https:\/\/vozolpuff.de\/fr\/wp-json\/wp\/v2\/product"}],"about":[{"href":"https:\/\/vozolpuff.de\/fr\/wp-json\/wp\/v2\/types\/product"}],"replies":[{"embeddable":true,"href":"https:\/\/vozolpuff.de\/fr\/wp-json\/wp\/v2\/comments?post=2311"}],"wp:featuredmedia":[{"embeddable":true,"href":"https:\/\/vozolpuff.de\/fr\/wp-json\/wp\/v2\/media\/2314"}],"wp:attachment":[{"href":"https:\/\/vozolpuff.de\/fr\/wp-json\/wp\/v2\/media?parent=2311"}],"wp:term":[{"taxonomy":"product_brand","embeddable":true,"href":"https:\/\/vozolpuff.de\/fr\/wp-json\/wp\/v2\/product_brand?post=2311"},{"taxonomy":"product_cat","embeddable":true,"href":"https:\/\/vozolpuff.de\/fr\/wp-json\/wp\/v2\/product_cat?post=2311"},{"taxonomy":"product_tag","embeddable":true,"href":"https:\/\/vozolpuff.de\/fr\/wp-json\/wp\/v2\/product_tag?post=2311"}],"curies":[{"name":"wp","href":"https:\/\/api.w.org\/{rel}","templated":true}]}}