{"id":2683,"date":"2025-09-03T11:06:59","date_gmt":"2025-09-03T09:06:59","guid":{"rendered":"https:\/\/vozolpuff.de\/?post_type=product&#038;p=2683"},"modified":"2025-09-03T11:06:59","modified_gmt":"2025-09-03T09:06:59","slug":"fumot-tornado-25000-cherry-bomb","status":"publish","type":"product","link":"https:\/\/vozolpuff.de\/fr\/produit\/fumot-tornado-25000-cherry-bomb\/","title":{"rendered":"Fumot Tornado 25000 Cherry Bomb"},"content":{"rendered":"<h2 class=\"text-xl font-bold text-text-100 mt-1 -mb-0.5\">Cigarette \u00e9lectronique jetable Fumot Tornado 25000 Cherry Bomb<\/h2>\n<p class=\"whitespace-normal break-words\">D\u00e9couvrez la saveur explosive de la cerise avec la Fumot Tornado 25000 Cherry Bomb. Cette cigarette \u00e9lectronique jetable haut de gamme offre des notes intenses de cerise pour jusqu'\u00e0 25 000 bouff\u00e9es. Avec une capacit\u00e9 g\u00e9n\u00e9reuse de 20 ml d'e-liquide et un choix de concentrations de nicotine 0%, 2%, 3% ou 5%, elle offre un plaisir durable.<\/p>\n<p class=\"whitespace-normal break-words\">La puissante batterie de 700 mAh avec fonction de charge rapide de type C garantit des performances fiables tout au long de la journ\u00e9e. La technologie innovante Dual Mesh Coil renforce les notes sucr\u00e9es et acidul\u00e9es de cerise et assure une production de vapeur constante. Son design compact de 120 g se glisse parfaitement dans toutes les poches.<\/p>\n<p class=\"whitespace-normal break-words\">L'\u00e9cran tactile TFT intuitif de 1,77 pouce vous permet de contr\u00f4ler pr\u00e9cis\u00e9ment votre exp\u00e9rience de vapotage. Cherry Bomb combine un go\u00fbt fruit\u00e9 classique avec une technologie de vapotage moderne pour une exp\u00e9rience incomparable.<\/p>\n<h3 class=\"text-lg font-bold text-text-100 mt-1 -mb-1.5\">Sp\u00e9cifications techniques<\/h3>\n<p class=\"whitespace-normal break-words\"><strong>Trains :<\/strong> Jusqu'\u00e0 25.000<br \/>\n<strong>Affichage :<\/strong> Indique le niveau d'e-liquide et de batterie<br \/>\n<strong>Capacit\u00e9 :<\/strong> 20 ml<br \/>\n<strong>Type de bobine :<\/strong> Bobine \u00e0 trois mailles<br \/>\n<strong>poids :<\/strong> 120g<br \/>\n<strong>\u00c9cran tactile :<\/strong> \u00e9cran TFT de 1,77 pouce<br \/>\n<strong>Batterie rechargeable :<\/strong> 700mAh rechargeable avec charge rapide Type-C<\/p>\n<h3 class=\"text-lg font-bold text-text-100 mt-1 -mb-1.5\">D\u00e9couvrir plus de FUMOT VAPE chez vozolpuff<\/h3>\n<p class=\"whitespace-normal break-words\">D\u00e9couvrez d'autres produits \u00e0 vapeur haut de gamme dans notre <strong><a class=\"underline\" href=\"https:\/\/vozolpuff.de\/fr\/\">Assortiment principal<\/a><\/strong>Pour plus d'informations, consultez notre <strong><a class=\"underline\" href=\"https:\/\/vozolpuff.de\/fr\/product-category\/fumot-vape\/\">Collection FUMOT VAPE<\/a><\/strong> ou explorer toutes les saveurs de la <strong><a class=\"underline\" href=\"https:\/\/vozolpuff.de\/fr\/product-category\/fumot-vape\/fumot-tornado-25000\/\">S\u00e9rie Fumot Tornado 25000<\/a><\/strong>.<\/p>","protected":false},"excerpt":{"rendered":"<p class=\"whitespace-normal break-words\">Fumot Tornado 25000 Cherry Bomb : cigarette \u00e9lectronique jetable haut de gamme au go\u00fbt explosif de cerise. 25 000 bouff\u00e9es, capacit\u00e9 de 20 ml, batterie de 700 mAh avec charge de type C. Technologie \u00e0 double r\u00e9sistance mesh, \u00e9cran tactile TFT de 1,77 pouces. Disponible en nicotine 0%, 2%, 3% ou 5%. Design compact de 120 g.<\/p>\n<h2 class=\"text-xl font-bold text-text-100 mt-1 -mb-0.5\"><\/h2>","protected":false},"featured_media":2688,"comment_status":"open","ping_status":"closed","template":"","meta":{"_acf_changed":false},"product_brand":[],"product_cat":[46],"product_tag":[],"class_list":{"0":"post-2683","1":"product","2":"type-product","3":"status-publish","4":"has-post-thumbnail","6":"product_cat-fumot-tornado-25000","8":"first","9":"instock","10":"shipping-taxable","11":"purchasable","12":"product-type-variable"},"acf":[],"_links":{"self":[{"href":"https:\/\/vozolpuff.de\/fr\/wp-json\/wp\/v2\/product\/2683","targetHints":{"allow":["GET"]}}],"collection":[{"href":"https:\/\/vozolpuff.de\/fr\/wp-json\/wp\/v2\/product"}],"about":[{"href":"https:\/\/vozolpuff.de\/fr\/wp-json\/wp\/v2\/types\/product"}],"replies":[{"embeddable":true,"href":"https:\/\/vozolpuff.de\/fr\/wp-json\/wp\/v2\/comments?post=2683"}],"wp:featuredmedia":[{"embeddable":true,"href":"https:\/\/vozolpuff.de\/fr\/wp-json\/wp\/v2\/media\/2688"}],"wp:attachment":[{"href":"https:\/\/vozolpuff.de\/fr\/wp-json\/wp\/v2\/media?parent=2683"}],"wp:term":[{"taxonomy":"product_brand","embeddable":true,"href":"https:\/\/vozolpuff.de\/fr\/wp-json\/wp\/v2\/product_brand?post=2683"},{"taxonomy":"product_cat","embeddable":true,"href":"https:\/\/vozolpuff.de\/fr\/wp-json\/wp\/v2\/product_cat?post=2683"},{"taxonomy":"product_tag","embeddable":true,"href":"https:\/\/vozolpuff.de\/fr\/wp-json\/wp\/v2\/product_tag?post=2683"}],"curies":[{"name":"wp","href":"https:\/\/api.w.org\/{rel}","templated":true}]}}