{"id":2693,"date":"2025-09-03T11:10:08","date_gmt":"2025-09-03T09:10:08","guid":{"rendered":"https:\/\/vozolpuff.de\/?post_type=product&#038;p=2693"},"modified":"2025-09-03T11:10:08","modified_gmt":"2025-09-03T09:10:08","slug":"fumot-tornado-25000-strawberry-mint-candy","status":"publish","type":"product","link":"https:\/\/vozolpuff.de\/fr\/produit\/fumot-tornado-25000-strawberry-mint-candy\/","title":{"rendered":"Fumot Tornado 25000 Fraise Menthe Candy"},"content":{"rendered":"<h2 class=\"text-xl font-bold text-text-100 mt-1 -mb-0.5\">Cigarette \u00e9lectronique jetable Fumot Tornado 25000 Strawberry Mint Candy<\/h2>\n<p class=\"whitespace-normal break-words\">Profitez de l'\u00e9quilibre parfait entre la fraise sucr\u00e9e et la menthe rafra\u00eechissante avec la Fumot Tornado 25000 Strawberry Mint Candy. Cette cigarette \u00e9lectronique jetable exceptionnelle combine le go\u00fbt fruit\u00e9 de la fraise et la fra\u00eecheur rafra\u00eechissante de la menthe pour jusqu'\u00e0 25 000 bouff\u00e9es savoureuses.<\/p>\n<p class=\"whitespace-normal break-words\">La capacit\u00e9 de 20 ml d'e-liquide disponible en diff\u00e9rentes concentrations de nicotine (0%, 2%, 3%, 5%) permet une adaptation individuelle \u00e0 vos besoins. La puissante batterie 700 mAh avec charge rapide de type C garantit une vape ininterrompue. La technologie avanc\u00e9e \u00e0 trois r\u00e9sistances mesh assure un d\u00e9veloppement optimal des saveurs de cette combinaison sucr\u00e9e et menthol\u00e9e.<\/p>\n<p class=\"whitespace-normal break-words\">Avec un poids de seulement 120 g, cet appareil est id\u00e9al pour les d\u00e9placements. L'\u00e9cran TFT haute r\u00e9solution de 1,77 pouces offre une utilisation simple et un contr\u00f4le total sur votre exp\u00e9rience de vapotage.<\/p>\n<h3 class=\"text-lg font-bold text-text-100 mt-1 -mb-1.5\">Sp\u00e9cifications techniques<\/h3>\n<p class=\"whitespace-normal break-words\"><strong>Trains :<\/strong> Jusqu'\u00e0 25.000<br \/>\n<strong>Affichage :<\/strong> Indique le niveau d'e-liquide et de batterie<br \/>\n<strong>Capacit\u00e9 :<\/strong> 20 ml<br \/>\n<strong>Type de bobine :<\/strong> Bobine \u00e0 trois mailles<br \/>\n<strong>poids :<\/strong> 120g<br \/>\n<strong>\u00c9cran tactile :<\/strong> \u00e9cran TFT de 1,77 pouce<br \/>\n<strong>Batterie rechargeable :<\/strong> 700mAh rechargeable avec charge rapide Type-C<\/p>\n<h3 class=\"text-lg font-bold text-text-100 mt-1 -mb-1.5\">D\u00e9couvrir plus de FUMOT VAPE chez vozolpuff<\/h3>\n<p class=\"whitespace-normal break-words\">Visitez notre <strong><a class=\"underline\" href=\"https:\/\/vozolpuff.de\/fr\/\">Gamme en ligne<\/a><\/strong> Pour d\u00e9couvrir d'autres produits \u00e0 vapeur, parcourez la rubrique <strong><a class=\"underline\" href=\"https:\/\/vozolpuff.de\/fr\/product-category\/fumot-vape\/\">Gamme de produits FUMOT VAPE<\/a><\/strong> ou d\u00e9couvrez toutes les variantes de <strong><a class=\"underline\" href=\"https:\/\/vozolpuff.de\/fr\/product-category\/fumot-vape\/fumot-tornado-25000\/\">Fumot Tornado 25000 Collection de saveurs<\/a><\/strong>.<\/p>","protected":false},"excerpt":{"rendered":"<p class=\"whitespace-normal break-words\">Fumot Tornado 25000 Strawberry Mint Candy : cigarette \u00e9lectronique jetable haut de gamme avec une combinaison sucr\u00e9e et rafra\u00eechissante de fraise et de menthe. 25 000 bouff\u00e9es, capacit\u00e9 de 20 ml, batterie de 700 mAh avec charge de type C. Technologie \u00e0 triple bobine, \u00e9cran TFT 1,77 pouces. Disponible en nicotine 0%, 2%, 3% ou 5%. Seulement 120 g.<\/p>\n<h2 class=\"text-xl font-bold text-text-100 mt-1 -mb-0.5\"><\/h2>","protected":false},"featured_media":2698,"comment_status":"open","ping_status":"closed","template":"","meta":{"_acf_changed":false},"product_brand":[],"product_cat":[46],"product_tag":[],"class_list":{"0":"post-2693","1":"product","2":"type-product","3":"status-publish","4":"has-post-thumbnail","6":"product_cat-fumot-tornado-25000","8":"first","9":"instock","10":"shipping-taxable","11":"purchasable","12":"product-type-variable"},"acf":[],"_links":{"self":[{"href":"https:\/\/vozolpuff.de\/fr\/wp-json\/wp\/v2\/product\/2693","targetHints":{"allow":["GET"]}}],"collection":[{"href":"https:\/\/vozolpuff.de\/fr\/wp-json\/wp\/v2\/product"}],"about":[{"href":"https:\/\/vozolpuff.de\/fr\/wp-json\/wp\/v2\/types\/product"}],"replies":[{"embeddable":true,"href":"https:\/\/vozolpuff.de\/fr\/wp-json\/wp\/v2\/comments?post=2693"}],"wp:featuredmedia":[{"embeddable":true,"href":"https:\/\/vozolpuff.de\/fr\/wp-json\/wp\/v2\/media\/2698"}],"wp:attachment":[{"href":"https:\/\/vozolpuff.de\/fr\/wp-json\/wp\/v2\/media?parent=2693"}],"wp:term":[{"taxonomy":"product_brand","embeddable":true,"href":"https:\/\/vozolpuff.de\/fr\/wp-json\/wp\/v2\/product_brand?post=2693"},{"taxonomy":"product_cat","embeddable":true,"href":"https:\/\/vozolpuff.de\/fr\/wp-json\/wp\/v2\/product_cat?post=2693"},{"taxonomy":"product_tag","embeddable":true,"href":"https:\/\/vozolpuff.de\/fr\/wp-json\/wp\/v2\/product_tag?post=2693"}],"curies":[{"name":"wp","href":"https:\/\/api.w.org\/{rel}","templated":true}]}}