{"id":2723,"date":"2025-09-03T11:26:14","date_gmt":"2025-09-03T09:26:14","guid":{"rendered":"https:\/\/vozolpuff.de\/?post_type=product&#038;p=2723"},"modified":"2025-09-03T11:26:14","modified_gmt":"2025-09-03T09:26:14","slug":"fumot-tornado-25000-strawberry-ice","status":"publish","type":"product","link":"https:\/\/vozolpuff.de\/fr\/produit\/fumot-tornado-25000-strawberry-ice\/","title":{"rendered":"Fumot Tornado 25000 Strawberry Ice"},"content":{"rendered":"<h2 class=\"text-xl font-bold text-text-100 mt-1 -mb-0.5\">E-cigarette jetable Fumot Tornado 25000 Strawberry Ice<\/h2>\n<p class=\"whitespace-normal break-words\">Rafra\u00eechissez-vous avec la rafra\u00eechissante Fumot Tornado 25000 Strawberry Ice. Cette e-cigarette jetable haut de gamme associe des fraises juteuses \u00e0 une fra\u00eecheur glac\u00e9e pour jusqu'\u00e0 25 000 bouff\u00e9es rafra\u00eechissantes. Le m\u00e9lange populaire de fruits et de glace offre un \u00e9quilibre parfait entre douceur et fra\u00eecheur.<\/p>\n<p class=\"whitespace-normal break-words\">La grande capacit\u00e9 de 20 ml d'e-liquide avec des options de nicotine flexibles de 0% \u00e0 5% s'adapte \u00e0 vos pr\u00e9f\u00e9rences individuelles. La batterie fiable de 700mAh avec charge rapide de type C permet de vaper toute la journ\u00e9e sans interruption. La technologie sophistiqu\u00e9e des coils \u00e0 trois mailles maximise \u00e0 la fois le go\u00fbt de la fraise et l'effet de refroidissement.<\/p>\n<p class=\"whitespace-normal break-words\">Le bo\u00eetier compact de 120 g offre un confort portable, tandis que l'\u00e9cran TFT clair de 1,77 pouce permet une utilisation et une surveillance faciles. Strawberry Ice est le premier choix des amateurs de fra\u00eecheur fruit\u00e9e.<\/p>\n<h3 class=\"text-lg font-bold text-text-100 mt-1 -mb-1.5\">Sp\u00e9cifications techniques<\/h3>\n<p class=\"whitespace-normal break-words\"><strong>Trains :<\/strong> Jusqu'\u00e0 25.000<br \/>\n<strong>Affichage :<\/strong> Indique le niveau d'e-liquide et de batterie<br \/>\n<strong>Capacit\u00e9 :<\/strong> 20 ml<br \/>\n<strong>Type de bobine :<\/strong> Bobine \u00e0 trois mailles<br \/>\n<strong>poids :<\/strong> 120g<br \/>\n<strong>\u00c9cran tactile :<\/strong> \u00e9cran TFT de 1,77 pouce<br \/>\n<strong>Batterie rechargeable :<\/strong> 700mAh rechargeable avec charge rapide Type-C<\/p>\n<h3 class=\"text-lg font-bold text-text-100 mt-1 -mb-1.5\">D\u00e9couvrir plus de FUMOT VAPE chez vozolpuff<\/h3>\n<p class=\"whitespace-normal break-words\">Parcourez notre <strong><a class=\"underline\" href=\"https:\/\/vozolpuff.de\/fr\/\">Gamme compl\u00e8te<\/a><\/strong> apr\u00e8s d'autres produits \u00e0 vapeur, d\u00e9couvrez les <strong><a class=\"underline\" href=\"https:\/\/vozolpuff.de\/fr\/product-category\/fumot-vape\/\">Ligne de produits FUMOT VAPE<\/a><\/strong> ou explorer toutes les <strong><a class=\"underline\" href=\"https:\/\/vozolpuff.de\/fr\/product-category\/fumot-vape\/fumot-tornado-25000\/\">Fumot Tornado 25000 Saveurs<\/a><\/strong>.<\/p>","protected":false},"excerpt":{"rendered":"<p class=\"whitespace-normal break-words\">Fumot Tornado 25000 Strawberry Ice : E-cigarette jetable premium aux fraises juteuses et \u00e0 la fra\u00eecheur glac\u00e9e. 25 000 bouff\u00e9es, capacit\u00e9 de 20 ml, batterie 700mAh avec charge Type-C. Technologie \u00e0 trois mailles de coil, \u00e9cran TFT de 1,77\u2033. Disponible en 0%, 2%, 3% ou 5% de nicotine. Parfaitement doux et rafra\u00eechissant.<\/p>\n<h2 class=\"text-xl font-bold text-text-100 mt-1 -mb-0.5\"><\/h2>","protected":false},"featured_media":2728,"comment_status":"open","ping_status":"closed","template":"","meta":{"_acf_changed":false},"product_brand":[],"product_cat":[46],"product_tag":[],"class_list":{"0":"post-2723","1":"product","2":"type-product","3":"status-publish","4":"has-post-thumbnail","6":"product_cat-fumot-tornado-25000","8":"first","9":"instock","10":"shipping-taxable","11":"purchasable","12":"product-type-variable"},"acf":[],"_links":{"self":[{"href":"https:\/\/vozolpuff.de\/fr\/wp-json\/wp\/v2\/product\/2723","targetHints":{"allow":["GET"]}}],"collection":[{"href":"https:\/\/vozolpuff.de\/fr\/wp-json\/wp\/v2\/product"}],"about":[{"href":"https:\/\/vozolpuff.de\/fr\/wp-json\/wp\/v2\/types\/product"}],"replies":[{"embeddable":true,"href":"https:\/\/vozolpuff.de\/fr\/wp-json\/wp\/v2\/comments?post=2723"}],"wp:featuredmedia":[{"embeddable":true,"href":"https:\/\/vozolpuff.de\/fr\/wp-json\/wp\/v2\/media\/2728"}],"wp:attachment":[{"href":"https:\/\/vozolpuff.de\/fr\/wp-json\/wp\/v2\/media?parent=2723"}],"wp:term":[{"taxonomy":"product_brand","embeddable":true,"href":"https:\/\/vozolpuff.de\/fr\/wp-json\/wp\/v2\/product_brand?post=2723"},{"taxonomy":"product_cat","embeddable":true,"href":"https:\/\/vozolpuff.de\/fr\/wp-json\/wp\/v2\/product_cat?post=2723"},{"taxonomy":"product_tag","embeddable":true,"href":"https:\/\/vozolpuff.de\/fr\/wp-json\/wp\/v2\/product_tag?post=2723"}],"curies":[{"name":"wp","href":"https:\/\/api.w.org\/{rel}","templated":true}]}}