{"id":2753,"date":"2025-09-03T11:36:28","date_gmt":"2025-09-03T09:36:28","guid":{"rendered":"https:\/\/vozolpuff.de\/?post_type=product&#038;p=2753"},"modified":"2025-09-03T11:36:28","modified_gmt":"2025-09-03T09:36:28","slug":"fumot-tornado-25000-grape-ice","status":"publish","type":"product","link":"https:\/\/vozolpuff.de\/fr\/produit\/fumot-tornado-25000-grape-ice\/","title":{"rendered":"Fumot Tornado 25000 Grape Ice"},"content":{"rendered":"<h2 class=\"text-xl font-bold text-text-100 mt-1 -mb-0.5\">Cigarette \u00e9lectronique jetable Fumot Tornado 25000 Grape Ice<\/h2>\n<p class=\"whitespace-normal break-words\">D\u00e9couvrez la fusion parfaite entre le go\u00fbt sucr\u00e9 du raisin et la fra\u00eecheur glac\u00e9e avec la Fumot Tornado 25000 Grape Ice. Cette cigarette \u00e9lectronique jetable haut de gamme offre le go\u00fbt authentique du raisin m\u00fbr avec une fra\u00eecheur rafra\u00eechissante pour jusqu'\u00e0 25 000 bouff\u00e9es d\u00e9licieuses.<\/p>\n<p class=\"whitespace-normal break-words\">Le r\u00e9servoir d'e-liquide de 20 ml, disponible en diff\u00e9rentes concentrations de nicotine allant de 0% \u00e0 5%, permet une personnalisation individuelle. La puissante batterie de 700 mAh avec fonction de charge rapide de type C garantit un fonctionnement ininterrompu. La technologie avanc\u00e9e \u00e0 trois r\u00e9sistances mesh intensifie la douceur naturelle du raisin et la fra\u00eecheur vivifiante.<\/p>\n<p class=\"whitespace-normal break-words\">Avec son poids compact de 120 g, l'appareil est id\u00e9al pour une utilisation mobile, tandis que l'\u00e9cran TFT haute r\u00e9solution de 1,77 pouce permet une utilisation facile. Grape Ice offre un plaisir fruit\u00e9 avec une fra\u00eecheur rafra\u00eechissante.<\/p>\n<h3 class=\"text-lg font-bold text-text-100 mt-1 -mb-1.5\">Sp\u00e9cifications techniques<\/h3>\n<p class=\"whitespace-normal break-words\"><strong>Trains :<\/strong> Jusqu'\u00e0 25.000<br \/>\n<strong>Affichage :<\/strong> Indique le niveau d'e-liquide et de batterie<br \/>\n<strong>Capacit\u00e9 :<\/strong> 20 ml<br \/>\n<strong>Type de bobine :<\/strong> Bobine \u00e0 trois mailles<br \/>\n<strong>poids :<\/strong> 120g<br \/>\n<strong>\u00c9cran tactile :<\/strong> \u00e9cran TFT de 1,77 pouce<br \/>\n<strong>Batterie rechargeable :<\/strong> 700mAh rechargeable avec charge rapide Type-C<\/p>\n<h3 class=\"text-lg font-bold text-text-100 mt-1 -mb-1.5\">D\u00e9couvrir plus de FUMOT VAPE chez vozolpuff<\/h3>\n<p class=\"whitespace-normal break-words\">Visitez notre <strong><a class=\"underline\" href=\"https:\/\/vozolpuff.de\/fr\/\">Assortiment principal<\/a><\/strong> Pour d\u00e9couvrir d'autres produits haut de gamme, parcourez la <strong><a class=\"underline\" href=\"https:\/\/vozolpuff.de\/fr\/product-category\/fumot-vape\/\">S\u00e9lection FUMOT VAPE<\/a><\/strong> ou d\u00e9couvrez la gamme compl\u00e8te <strong><a class=\"underline\" href=\"https:\/\/vozolpuff.de\/fr\/product-category\/fumot-vape\/fumot-tornado-25000\/\">Gamme Fumot Tornado 25000<\/a><\/strong>.<\/p>","protected":false},"excerpt":{"rendered":"<p class=\"whitespace-normal break-words\">La cigarette \u00e9lectronique jetable Fumot Tornado 25000 Grape Ice offre un go\u00fbt authentique de raisin avec une fra\u00eecheur glac\u00e9e. 25 000 bouff\u00e9es, 20 ml d'e-liquide, batterie 700 mAh avec charge de type C. Technologie de pointe \u00e0 triple r\u00e9sistance et \u00e9cran tactile TFT de 1,77 pouces. Disponible en 0%, 2%, 3%, 5% nicotine. Un pur plaisir sucr\u00e9 et rafra\u00eechissant.<\/p>\n<h2 class=\"text-xl font-bold text-text-100 mt-1 -mb-0.5\"><\/h2>","protected":false},"featured_media":2758,"comment_status":"open","ping_status":"closed","template":"","meta":{"_acf_changed":false},"product_brand":[],"product_cat":[46],"product_tag":[],"class_list":{"0":"post-2753","1":"product","2":"type-product","3":"status-publish","4":"has-post-thumbnail","6":"product_cat-fumot-tornado-25000","8":"first","9":"instock","10":"shipping-taxable","11":"purchasable","12":"product-type-variable"},"acf":[],"_links":{"self":[{"href":"https:\/\/vozolpuff.de\/fr\/wp-json\/wp\/v2\/product\/2753","targetHints":{"allow":["GET"]}}],"collection":[{"href":"https:\/\/vozolpuff.de\/fr\/wp-json\/wp\/v2\/product"}],"about":[{"href":"https:\/\/vozolpuff.de\/fr\/wp-json\/wp\/v2\/types\/product"}],"replies":[{"embeddable":true,"href":"https:\/\/vozolpuff.de\/fr\/wp-json\/wp\/v2\/comments?post=2753"}],"wp:featuredmedia":[{"embeddable":true,"href":"https:\/\/vozolpuff.de\/fr\/wp-json\/wp\/v2\/media\/2758"}],"wp:attachment":[{"href":"https:\/\/vozolpuff.de\/fr\/wp-json\/wp\/v2\/media?parent=2753"}],"wp:term":[{"taxonomy":"product_brand","embeddable":true,"href":"https:\/\/vozolpuff.de\/fr\/wp-json\/wp\/v2\/product_brand?post=2753"},{"taxonomy":"product_cat","embeddable":true,"href":"https:\/\/vozolpuff.de\/fr\/wp-json\/wp\/v2\/product_cat?post=2753"},{"taxonomy":"product_tag","embeddable":true,"href":"https:\/\/vozolpuff.de\/fr\/wp-json\/wp\/v2\/product_tag?post=2753"}],"curies":[{"name":"wp","href":"https:\/\/api.w.org\/{rel}","templated":true}]}}