{"id":2793,"date":"2025-09-03T11:49:39","date_gmt":"2025-09-03T09:49:39","guid":{"rendered":"https:\/\/vozolpuff.de\/?post_type=product&#038;p=2793"},"modified":"2025-09-03T11:49:39","modified_gmt":"2025-09-03T09:49:39","slug":"fumot-tornado-25000-cool-mint","status":"publish","type":"product","link":"https:\/\/vozolpuff.de\/fr\/produit\/fumot-tornado-25000-cool-mint\/","title":{"rendered":"Fumot Tornado 25000 Cool Mint"},"content":{"rendered":"<h2 class=\"text-xl font-bold text-text-100 mt-1 -mb-0.5\">E-cigarette jetable Fumot Tornado 25000 Cool Mint<\/h2>\n<p class=\"whitespace-normal break-words\">Rafra\u00eechissez-vous avec la revigorante Fumot Tornado 25000 Cool Mint. Cette e-cigarette jetable pure offre un go\u00fbt intense de menthe avec un effet rafra\u00eechissant pour jusqu'\u00e0 25 000 bouff\u00e9es rafra\u00eechissantes. Le go\u00fbt classique de la menthe assure une fra\u00eecheur durable et est id\u00e9al pour toute la journ\u00e9e.<\/p>\n<p class=\"whitespace-normal break-words\">Le syst\u00e8me d'e-liquide grand volume de 20 ml avec des taux de nicotine flexibles de 0% \u00e0 5% permet des exp\u00e9riences de vapotage personnalis\u00e9es. La puissante batterie de 700mAh avec fonction de charge rapide Type-C garantit des performances constantes. La technologie de coil \u00e0 trois mailles maximise l'intensit\u00e9 menthol\u00e9e et assure un d\u00e9veloppement r\u00e9gulier et frais de la vapeur.<\/p>\n<p class=\"whitespace-normal break-words\">Le design compact de 120 g offre un confort portable en toute occasion, tandis que l'\u00e9cran TFT brillant de 1,77 pouce permet un contr\u00f4le intuitif. Cool Mint est le premier choix des puristes qui appr\u00e9cient le go\u00fbt clair de la menthe sans additifs.<\/p>\n<h3 class=\"text-lg font-bold text-text-100 mt-1 -mb-1.5\">Sp\u00e9cifications techniques<\/h3>\n<p class=\"whitespace-normal break-words\"><strong>Trains :<\/strong> Jusqu'\u00e0 25.000<br \/>\n<strong>Affichage :<\/strong> Indique le niveau d'e-liquide et de batterie<br \/>\n<strong>Capacit\u00e9 :<\/strong> 20 ml<br \/>\n<strong>Type de bobine :<\/strong> Bobine \u00e0 trois mailles<br \/>\n<strong>poids :<\/strong> 120g<br \/>\n<strong>\u00c9cran tactile :<\/strong> \u00e9cran TFT de 1,77 pouce<br \/>\n<strong>Batterie rechargeable :<\/strong> 700mAh rechargeable avec charge rapide Type-C<\/p>\n<h3 class=\"text-lg font-bold text-text-100 mt-1 -mb-1.5\">D\u00e9couvrir plus de FUMOT VAPE chez vozolpuff<\/h3>\n<p class=\"whitespace-normal break-words\">Parcourez notre <strong><a class=\"underline\" href=\"https:\/\/vozolpuff.de\/fr\/\">Assortiment principal<\/a><\/strong> d'autres variantes de la menthe, explorez l'ensemble des <strong><a class=\"underline\" href=\"https:\/\/vozolpuff.de\/fr\/product-category\/fumot-vape\/\">S\u00e9lection FUMOT VAPE<\/a><\/strong> ou choisissez parmi tous les <strong><a class=\"underline\" href=\"https:\/\/vozolpuff.de\/fr\/product-category\/fumot-vape\/fumot-tornado-25000\/\">Fumot Tornado 25000 saveurs<\/a><\/strong>.<\/p>","protected":false},"excerpt":{"rendered":"<p class=\"whitespace-normal break-words\">La Fumot Tornado 25000 Cool Mint offre un go\u00fbt intense de menthe pour jusqu'\u00e0 25 000 bouff\u00e9es. Avec 20ml d'e-liquide, batterie de 700mAh, charge rapide Type-C et \u00e9cran TFT de 1,77\u2033. Technologie de coil \u00e0 trois mailles pour une fra\u00eecheur maximale et un d\u00e9veloppement r\u00e9gulier de la vapeur. Parfait pour toute la journ\u00e9e.<\/p>\n<p class=\"whitespace-normal break-words\">","protected":false},"featured_media":2795,"comment_status":"open","ping_status":"closed","template":"","meta":{"_acf_changed":false},"product_brand":[],"product_cat":[46],"product_tag":[],"class_list":{"0":"post-2793","1":"product","2":"type-product","3":"status-publish","4":"has-post-thumbnail","6":"product_cat-fumot-tornado-25000","8":"first","9":"instock","10":"shipping-taxable","11":"purchasable","12":"product-type-variable"},"acf":[],"_links":{"self":[{"href":"https:\/\/vozolpuff.de\/fr\/wp-json\/wp\/v2\/product\/2793","targetHints":{"allow":["GET"]}}],"collection":[{"href":"https:\/\/vozolpuff.de\/fr\/wp-json\/wp\/v2\/product"}],"about":[{"href":"https:\/\/vozolpuff.de\/fr\/wp-json\/wp\/v2\/types\/product"}],"replies":[{"embeddable":true,"href":"https:\/\/vozolpuff.de\/fr\/wp-json\/wp\/v2\/comments?post=2793"}],"wp:featuredmedia":[{"embeddable":true,"href":"https:\/\/vozolpuff.de\/fr\/wp-json\/wp\/v2\/media\/2795"}],"wp:attachment":[{"href":"https:\/\/vozolpuff.de\/fr\/wp-json\/wp\/v2\/media?parent=2793"}],"wp:term":[{"taxonomy":"product_brand","embeddable":true,"href":"https:\/\/vozolpuff.de\/fr\/wp-json\/wp\/v2\/product_brand?post=2793"},{"taxonomy":"product_cat","embeddable":true,"href":"https:\/\/vozolpuff.de\/fr\/wp-json\/wp\/v2\/product_cat?post=2793"},{"taxonomy":"product_tag","embeddable":true,"href":"https:\/\/vozolpuff.de\/fr\/wp-json\/wp\/v2\/product_tag?post=2793"}],"curies":[{"name":"wp","href":"https:\/\/api.w.org\/{rel}","templated":true}]}}