{"id":3705,"date":"2025-09-09T10:13:58","date_gmt":"2025-09-09T08:13:58","guid":{"rendered":"https:\/\/vozolpuff.de\/?post_type=product&#038;p=3705"},"modified":"2025-09-09T10:13:59","modified_gmt":"2025-09-09T08:13:59","slug":"randm-tornado-7000-pineapple-ice","status":"publish","type":"product","link":"https:\/\/vozolpuff.de\/fr\/produit\/randm-tornado-7000-pineapple-ice\/","title":{"rendered":"RandM Tornado 7000 Pineapple Ice"},"content":{"rendered":"<h2 class=\"text-xl font-bold text-text-100 mt-1 -mb-0.5\">RandM Tornado 7000 Pineapple Ice E-cigarette jetable<\/h2>\n<p class=\"whitespace-normal break-words\">L'e-cigarette RandM Tornado 7000 Pineapple Ice offre un nombre impressionnant de 7000 bouff\u00e9es par appareil avec une capacit\u00e9 de 14 ml d'e-liquide et des concentrations de nicotine de 0%, 2%, 3% et 5%. L'appareil dispose d'une batterie rechargeable de 850mAh, d'un contr\u00f4le du flux d'air et d'une technologie de pointe de type \"mesh coil\". Avant d'utiliser le Tornado R&amp;M 7000 Pineapple Ice pour la premi\u00e8re fois, il convient d'attendre environ 2 minutes apr\u00e8s le remplissage. Ce temps d'attente garantit l'absorption compl\u00e8te de l'e-liquide et optimise votre exp\u00e9rience de vapotage tropicale.<\/p>\n<h3 class=\"text-lg font-bold text-text-100 mt-1 -mb-1.5\">RandM Tornado 7000 Pineapple Ice Caract\u00e9ristiques :<\/h3>\n<p class=\"whitespace-normal break-words\">L'e-cigarette jetable RandM Tornado 7000 Pineapple Ice - un appareil \u00e0 vapeur puissant qui combine un rafra\u00eechissement tropical et des performances de premi\u00e8re classe dans un paquet \u00e9l\u00e9gant. Avec une capacit\u00e9 exceptionnelle allant jusqu'\u00e0 7000 bouff\u00e9es, cette e-cigarette jetable est parfaite pour les utilisateurs qui appr\u00e9cient une exp\u00e9rience durable et pleine de saveurs.<\/p>\n<p class=\"whitespace-normal break-words\">Avec une batterie puissante de 850mAh et un r\u00e9servoir d'e-liquide pr\u00e9-rempli consid\u00e9rable de 14ml, le Pineapple Ice Tornado est pr\u00eat pour des phases de vapotage plus longues. Le contr\u00f4le ajustable de l'airflow ajoute un niveau de personnalisation et vous permet de personnaliser votre exp\u00e9rience de vapotage selon vos envies.<\/p>\n<p class=\"whitespace-normal break-words\">Con\u00e7ue pour les vapoteurs nomades, la Tornado se distingue par son design compact et son m\u00e9canisme d'allumage par tirage, ce qui la rend incroyablement facile \u00e0 utiliser. Le go\u00fbt Pineapple Ice associe la douceur de l'ananas tropical \u00e0 un effet rafra\u00eechissant pour une exp\u00e9rience de vapotage vivifiante. La Tornado 7000 est disponible en options de sel de nicotine de 0%, 2%, 3% et 5% et r\u00e9pond \u00e0 diff\u00e9rents besoins.<\/p>\n<h3 class=\"text-lg font-bold text-text-100 mt-1 -mb-1.5\">Sp\u00e9cifications techniques<\/h3>\n<p class=\"whitespace-normal break-words\">\u2611 0% \/2%\/3%\/5% Nicotine<br \/>\n\u2611 capacit\u00e9 de 14ml d'e-liquide<br \/>\n\u2611 7000 trains par unit\u00e9<br \/>\n\u2611 Contr\u00f4le du flux d'air<br \/>\n\u2611 Recharge Type-C<br \/>\n\u2611 Pack de piles rechargeables<br \/>\n\u2611 Accumulateur int\u00e9gr\u00e9 de 850mAh<\/p>\n<h3 class=\"text-lg font-bold text-text-100 mt-1 -mb-1.5\">D\u00e9couvrir plus de FUMOT VAPE chez vozolpuff<\/h3>\n<p class=\"whitespace-normal break-words\">Parcourez notre vaste gamme de produits sur notre <strong><a class=\"underline\" href=\"https:\/\/vozolpuff.de\/fr\/\">Page d'accueil<\/a><\/strong>, d\u00e9couvrez des produits de qualit\u00e9 dans <strong><a class=\"underline\" href=\"https:\/\/vozolpuff.de\/fr\/product-category\/fumot-vape\/\">Section FUMOT VAPE<\/a><\/strong> ou explorer l'ensemble <strong><a class=\"underline\" href=\"https:\/\/vozolpuff.de\/fr\/product-category\/fumot-vape\/randm-tornado-7000\/\">Collection d'ar\u00f4mes RandM Tornado 7000<\/a><\/strong>.<\/p>","protected":false},"excerpt":{"rendered":"<p class=\"whitespace-normal break-words\">La vape RandM Tornado 7000 Pineapple Ice jetable combine la douceur de l'ananas tropical avec un effet cool et rafra\u00eechissant pour jusqu'\u00e0 7000 bouff\u00e9es. Avec un r\u00e9servoir d'e-liquide de 14 ml, une batterie rechargeable de 850mAh et un contr\u00f4le r\u00e9glable de l'airflow. Disponible en 0%, 2%, 3% et 5% de nicotine. Technologie Mesh Coil pour une exp\u00e9rience tropicale.<\/p>\n<p class=\"whitespace-normal break-words\">","protected":false},"featured_media":3709,"comment_status":"open","ping_status":"closed","template":"","meta":{"_acf_changed":false},"product_brand":[],"product_cat":[50],"product_tag":[],"class_list":{"0":"post-3705","1":"product","2":"type-product","3":"status-publish","4":"has-post-thumbnail","6":"product_cat-randm-tornado-7000","8":"first","9":"instock","10":"shipping-taxable","11":"purchasable","12":"product-type-variable"},"acf":[],"_links":{"self":[{"href":"https:\/\/vozolpuff.de\/fr\/wp-json\/wp\/v2\/product\/3705","targetHints":{"allow":["GET"]}}],"collection":[{"href":"https:\/\/vozolpuff.de\/fr\/wp-json\/wp\/v2\/product"}],"about":[{"href":"https:\/\/vozolpuff.de\/fr\/wp-json\/wp\/v2\/types\/product"}],"replies":[{"embeddable":true,"href":"https:\/\/vozolpuff.de\/fr\/wp-json\/wp\/v2\/comments?post=3705"}],"wp:featuredmedia":[{"embeddable":true,"href":"https:\/\/vozolpuff.de\/fr\/wp-json\/wp\/v2\/media\/3709"}],"wp:attachment":[{"href":"https:\/\/vozolpuff.de\/fr\/wp-json\/wp\/v2\/media?parent=3705"}],"wp:term":[{"taxonomy":"product_brand","embeddable":true,"href":"https:\/\/vozolpuff.de\/fr\/wp-json\/wp\/v2\/product_brand?post=3705"},{"taxonomy":"product_cat","embeddable":true,"href":"https:\/\/vozolpuff.de\/fr\/wp-json\/wp\/v2\/product_cat?post=3705"},{"taxonomy":"product_tag","embeddable":true,"href":"https:\/\/vozolpuff.de\/fr\/wp-json\/wp\/v2\/product_tag?post=3705"}],"curies":[{"name":"wp","href":"https:\/\/api.w.org\/{rel}","templated":true}]}}