{"id":3714,"date":"2025-09-09T10:16:43","date_gmt":"2025-09-09T08:16:43","guid":{"rendered":"https:\/\/vozolpuff.de\/?post_type=product&#038;p=3714"},"modified":"2025-09-09T10:16:43","modified_gmt":"2025-09-09T08:16:43","slug":"randm-tornado-7000-cotton-candy","status":"publish","type":"product","link":"https:\/\/vozolpuff.de\/fr\/produit\/randm-tornado-7000-cotton-candy\/","title":{"rendered":"RandM Tornado 7000 Cotton Candy"},"content":{"rendered":"<h2 class=\"text-xl font-bold text-text-100 mt-1 -mb-0.5\">RandM Tornado 7000 Cotton Candy E-cigarette jetable<\/h2>\n<p class=\"whitespace-normal break-words\">La RandM Tornado 7000 Cotton Candy Vape fournit de fantastiques 7000 bouff\u00e9es par appareil avec un remplissage de 14 ml d'e-liquide et des taux de nicotine de 0%, 2%, 3% et 5%. Elle dispose d'une batterie rechargeable de 850mAh, d'une r\u00e9gulation de l'air de tirage et de la technologie la plus moderne des coils en maille. Avant la premi\u00e8re utilisation de la Tornado R&amp;M 7000 Cotton Candy, il est conseill\u00e9 d'attendre environ 2 minutes apr\u00e8s le remplissage d'e-liquide. Ce temps d'action assure une saturation parfaite du liquide et maximise votre plaisir de vapotage sucr\u00e9.<\/p>\n<h3 class=\"text-lg font-bold text-text-100 mt-1 -mb-1.5\">RandM Tornado 7000 Cotton Candy Caract\u00e9ristiques :<\/h3>\n<p class=\"whitespace-normal break-words\">L'e-cigarette jetable RandM Tornado 7000 Cotton Candy - un concentr\u00e9 de puissance de vapeur qui allie douceur nostalgique et technologie moderne dans un format compact. Avec une autonomie exceptionnelle allant jusqu'\u00e0 7000 bouff\u00e9es, cette e-cigarette jetable est id\u00e9ale pour tous ceux qui aspirent \u00e0 une exp\u00e9rience de plaisir durable et sucr\u00e9e.<\/p>\n<p class=\"whitespace-normal break-words\">\u00c9quip\u00e9e d'une batterie fiable de 850mAh et d'un volumineux r\u00e9servoir d'e-liquide pr\u00e9charg\u00e9 de 14ml, la Cotton Candy Tornado garantit des moments de vapotage sans fin. Le r\u00e9glage de l'airflow offre des possibilit\u00e9s d'adaptation suppl\u00e9mentaires et vous permet d'ajuster pr\u00e9cis\u00e9ment votre exp\u00e9rience de vapotage.<\/p>\n<p class=\"whitespace-normal break-words\">Con\u00e7ue pour les vapoteurs en d\u00e9placement, la Tornado s\u00e9duit par son format pratique et son m\u00e9canisme de d\u00e9clenchement activ\u00e9 par tirage, ce qui la rend extr\u00eamement facile \u00e0 utiliser. Le go\u00fbt Cotton Candy rappelle les souvenirs d'enfance de la barbe \u00e0 papa avec sa note sucr\u00e9e irr\u00e9sistible. La Tornado 7000 est disponible dans des versions au sel de nicotine de 0%, 2%, 3% et 5% et r\u00e9pond \u00e0 diverses exigences.<\/p>\n<h3 class=\"text-lg font-bold text-text-100 mt-1 -mb-1.5\">Sp\u00e9cifications du produit<\/h3>\n<p class=\"whitespace-normal break-words\">\u2611 Variantes de nicotine : 0% \/2%\/3%\/5%<br \/>\n\u2611 Volume du r\u00e9servoir : 14ml<br \/>\n\u2611 Trains \u00e0 vapeur par appareil : 7000<br \/>\n\u2611 Ajustement de l'airflow<br \/>\n\u2611 Fonction de charge Type-C<br \/>\n\u2611 Batterie rechargeable<br \/>\n\u2611 Batterie de puissance int\u00e9gr\u00e9e de 850mAh<\/p>\n<h3 class=\"text-lg font-bold text-text-100 mt-1 -mb-1.5\">D\u00e9couvrir plus de FUMOT VAPE chez vozolpuff<\/h3>\n<p class=\"whitespace-normal break-words\">Visitez notre portefeuille vari\u00e9 sur notre <strong><a class=\"underline\" href=\"https:\/\/vozolpuff.de\/fr\/\">Page d'accueil<\/a><\/strong>, explorez des appareils \u00e0 vapeur de premi\u00e8re classe en <strong><a class=\"underline\" href=\"https:\/\/vozolpuff.de\/fr\/product-category\/fumot-vape\/\">D\u00e9partement FUMOT VAPE<\/a><\/strong> ou recherchez l'ensemble des <strong><a class=\"underline\" href=\"https:\/\/vozolpuff.de\/fr\/product-category\/fumot-vape\/randm-tornado-7000\/\">RandM Tornado 7000 Palette de saveurs<\/a><\/strong>.<\/p>","protected":false},"excerpt":{"rendered":"<p class=\"whitespace-normal break-words\">La vape RandM Tornado 7000 Cotton Candy jetable r\u00e9veille la douceur nostalgique de la barbe \u00e0 papa pour jusqu'\u00e0 7000 bouff\u00e9es. Avec un r\u00e9servoir d'e-liquide de 14 ml, une batterie rechargeable de 850mAh et un contr\u00f4le r\u00e9glable de l'airflow. Disponible en 0%, 2%, 3% et 5% de nicotine. Technologie Mesh Coil pour un doux souvenir d'enfance.<\/p>\n<p class=\"whitespace-normal break-words\">","protected":false},"featured_media":3716,"comment_status":"open","ping_status":"closed","template":"","meta":{"_acf_changed":false},"product_brand":[],"product_cat":[50],"product_tag":[],"class_list":{"0":"post-3714","1":"product","2":"type-product","3":"status-publish","4":"has-post-thumbnail","6":"product_cat-randm-tornado-7000","8":"first","9":"instock","10":"shipping-taxable","11":"purchasable","12":"product-type-variable"},"acf":[],"_links":{"self":[{"href":"https:\/\/vozolpuff.de\/fr\/wp-json\/wp\/v2\/product\/3714","targetHints":{"allow":["GET"]}}],"collection":[{"href":"https:\/\/vozolpuff.de\/fr\/wp-json\/wp\/v2\/product"}],"about":[{"href":"https:\/\/vozolpuff.de\/fr\/wp-json\/wp\/v2\/types\/product"}],"replies":[{"embeddable":true,"href":"https:\/\/vozolpuff.de\/fr\/wp-json\/wp\/v2\/comments?post=3714"}],"wp:featuredmedia":[{"embeddable":true,"href":"https:\/\/vozolpuff.de\/fr\/wp-json\/wp\/v2\/media\/3716"}],"wp:attachment":[{"href":"https:\/\/vozolpuff.de\/fr\/wp-json\/wp\/v2\/media?parent=3714"}],"wp:term":[{"taxonomy":"product_brand","embeddable":true,"href":"https:\/\/vozolpuff.de\/fr\/wp-json\/wp\/v2\/product_brand?post=3714"},{"taxonomy":"product_cat","embeddable":true,"href":"https:\/\/vozolpuff.de\/fr\/wp-json\/wp\/v2\/product_cat?post=3714"},{"taxonomy":"product_tag","embeddable":true,"href":"https:\/\/vozolpuff.de\/fr\/wp-json\/wp\/v2\/product_tag?post=3714"}],"curies":[{"name":"wp","href":"https:\/\/api.w.org\/{rel}","templated":true}]}}