{"id":3723,"date":"2025-09-09T10:19:09","date_gmt":"2025-09-09T08:19:09","guid":{"rendered":"https:\/\/vozolpuff.de\/?post_type=product&#038;p=3723"},"modified":"2025-09-09T10:19:09","modified_gmt":"2025-09-09T08:19:09","slug":"randm-tornado-7000-strawberry-banana","status":"publish","type":"product","link":"https:\/\/vozolpuff.de\/fr\/produit\/randm-tornado-7000-strawberry-banana\/","title":{"rendered":"RandM Tornado 7000 Fraise Banane"},"content":{"rendered":"<h2 class=\"text-xl font-bold text-text-100 mt-1 -mb-0.5\">RandM Tornado 7000 Strawberry Banana E-cigarette jetable<\/h2>\n<p class=\"whitespace-normal break-words\">La RandM Tornado 7000 Strawberry Banana Vape offre 7000 bouff\u00e9es par dispositif avec une capacit\u00e9 de 14 ml d'e-liquide et des taux de nicotine de 0%, 2%, 3% et 5%. L'appareil est \u00e9quip\u00e9 d'une batterie rechargeable de 850mAh, d'un contr\u00f4le du tirage d'air et d'une technologie avanc\u00e9e de bobines en maille. Avant d'utiliser la Tornado R&amp;M 7000 Strawberry Banana pour la premi\u00e8re fois, il est conseill\u00e9 de faire une pause d'environ 2 minutes apr\u00e8s l'avoir remplie d'e-juice. Cette phase d'attente assure une impr\u00e9gnation optimale et perfectionne votre exp\u00e9rience de vapotage fruit\u00e9e.<\/p>\n<h3 class=\"text-lg font-bold text-text-100 mt-1 -mb-1.5\">RandM Tornado 7000 Strawberry Banana Caract\u00e9ristiques :<\/h3>\n<p class=\"whitespace-normal break-words\">La RandM Tornado 7000 Strawberry Banana Disposable - une centrale vapeur qui allie la douceur onctueuse de la banane \u00e0 la fra\u00eecheur juteuse des fraises dans un bo\u00eetier \u00e9l\u00e9gant. Avec une puissance imposante allant jusqu'\u00e0 7000 bouff\u00e9es, cette e-cigarette jetable est optimale pour les amateurs qui recherchent un ar\u00f4me fruit\u00e9 de longue dur\u00e9e.<\/p>\n<p class=\"whitespace-normal break-words\">Dot\u00e9e d'une batterie puissante de 850mAh et d'un g\u00e9n\u00e9reux r\u00e9servoir d'e-liquide de 14ml, la Strawberry Banana Tornado vous garantit des moments de plaisir prolong\u00e9s. Le contr\u00f4le variable de l'airflow permet une couche suppl\u00e9mentaire de personnalisation et vous permet de configurer votre exp\u00e9rience de vapotage selon vos pr\u00e9f\u00e9rences.<\/p>\n<p class=\"whitespace-normal break-words\">Cr\u00e9\u00e9e pour les amateurs de vape mobile, la Tornado se distingue par son design portable et son syst\u00e8me d'allumage par tirage, ce qui la rend tr\u00e8s facile \u00e0 utiliser. Le Strawberry Banana Flavor combine des fraises m\u00fbres avec des bananes cr\u00e9meuses pour un ar\u00f4me fruit\u00e9 harmonieux. La Tornado 7000 est disponible dans des variations de sel de nicotine de 0%, 2%, 3% et 5% et r\u00e9pond \u00e0 diff\u00e9rents go\u00fbts.<\/p>\n<h3 class=\"text-lg font-bold text-text-100 mt-1 -mb-1.5\">Sp\u00e9cifications de l'appareil<\/h3>\n<p class=\"whitespace-normal break-words\">\u2611 Options de nicotine : 0% \/2%\/3%\/5%<br \/>\n\u2611 Contenu du liquide : 14ml<br \/>\n\u2611 Puffs par dispositif : 7000<br \/>\n\u2611 Ajustement de l'airflow<br \/>\n\u2611 Rechargeabilit\u00e9 Type-C<br \/>\n\u2611 Cellule d'\u00e9nergie rechargeable<br \/>\n\u2611 Source d'alimentation int\u00e9gr\u00e9e 850mAh<\/p>\n<h3 class=\"text-lg font-bold text-text-100 mt-1 -mb-1.5\">D\u00e9couvrir plus de FUMOT VAPE chez vozolpuff<\/h3>\n<p class=\"whitespace-normal break-words\">Parcourez notre vaste gamme sur notre site web. <strong><a class=\"underline\" href=\"https:\/\/vozolpuff.de\/fr\/\">Site web<\/a><\/strong>, D\u00e9couvrez les produits de la vape premium dans la section <strong><a class=\"underline\" href=\"https:\/\/vozolpuff.de\/fr\/product-category\/fumot-vape\/\">Rubrique FUMOT VAPE<\/a><\/strong> ou d\u00e9couvrez la gamme compl\u00e8te <strong><a class=\"underline\" href=\"https:\/\/vozolpuff.de\/fr\/product-category\/fumot-vape\/randm-tornado-7000\/\">RandM Tornado 7000 Monde des ar\u00f4mes<\/a><\/strong>.<\/p>","protected":false},"excerpt":{"rendered":"<p class=\"whitespace-normal break-words\">La vapoteuse jetable RandM Tornado 7000 Strawberry Banana combine des fraises m\u00fbres avec des bananes cr\u00e9meuses pour jusqu'\u00e0 7000 bouff\u00e9es. Avec un r\u00e9servoir d'e-liquide de 14 ml, une batterie rechargeable de 850mAh et un contr\u00f4le r\u00e9glable de l'airflow. Disponible en 0%, 2%, 3% et 5% de nicotine. Technologie Mesh Coil pour une exp\u00e9rience fruit\u00e9e harmonieuse.<\/p>\n<p class=\"whitespace-normal break-words\">","protected":false},"featured_media":3727,"comment_status":"open","ping_status":"closed","template":"","meta":{"_acf_changed":false},"product_brand":[],"product_cat":[50],"product_tag":[],"class_list":{"0":"post-3723","1":"product","2":"type-product","3":"status-publish","4":"has-post-thumbnail","6":"product_cat-randm-tornado-7000","8":"first","9":"instock","10":"shipping-taxable","11":"purchasable","12":"product-type-variable"},"acf":[],"_links":{"self":[{"href":"https:\/\/vozolpuff.de\/fr\/wp-json\/wp\/v2\/product\/3723","targetHints":{"allow":["GET"]}}],"collection":[{"href":"https:\/\/vozolpuff.de\/fr\/wp-json\/wp\/v2\/product"}],"about":[{"href":"https:\/\/vozolpuff.de\/fr\/wp-json\/wp\/v2\/types\/product"}],"replies":[{"embeddable":true,"href":"https:\/\/vozolpuff.de\/fr\/wp-json\/wp\/v2\/comments?post=3723"}],"wp:featuredmedia":[{"embeddable":true,"href":"https:\/\/vozolpuff.de\/fr\/wp-json\/wp\/v2\/media\/3727"}],"wp:attachment":[{"href":"https:\/\/vozolpuff.de\/fr\/wp-json\/wp\/v2\/media?parent=3723"}],"wp:term":[{"taxonomy":"product_brand","embeddable":true,"href":"https:\/\/vozolpuff.de\/fr\/wp-json\/wp\/v2\/product_brand?post=3723"},{"taxonomy":"product_cat","embeddable":true,"href":"https:\/\/vozolpuff.de\/fr\/wp-json\/wp\/v2\/product_cat?post=3723"},{"taxonomy":"product_tag","embeddable":true,"href":"https:\/\/vozolpuff.de\/fr\/wp-json\/wp\/v2\/product_tag?post=3723"}],"curies":[{"name":"wp","href":"https:\/\/api.w.org\/{rel}","templated":true}]}}