{"id":3732,"date":"2025-09-09T10:21:42","date_gmt":"2025-09-09T08:21:42","guid":{"rendered":"https:\/\/vozolpuff.de\/?post_type=product&#038;p=3732"},"modified":"2025-09-09T10:21:42","modified_gmt":"2025-09-09T08:21:42","slug":"randm-tornado-7000-strawberry-ice","status":"publish","type":"product","link":"https:\/\/vozolpuff.de\/fr\/produit\/randm-tornado-7000-strawberry-ice\/","title":{"rendered":"RandM Tornado 7000 Strawberry Ice"},"content":{"rendered":"<h2 class=\"text-xl font-bold text-text-100 mt-1 -mb-0.5\">RandM Tornado 7000 Strawberry Ice E-cigarette jetable<\/h2>\n<p class=\"whitespace-normal break-words\">La RandM Tornado 7000 Strawberry Ice Vape pr\u00e9sente 7000 bouff\u00e9es spectaculaires par unit\u00e9 avec un remplissage de 14ml d'e-liquide et des niveaux de nicotine de 0%, 2%, 3% et 5%. Elle dispose d'une batterie rechargeable de 850mAh, d'une gestion de l'airflow et de la technologie innovante du mesh coil. Avant d'utiliser la Tornado R&amp;M 7000 Strawberry Ice pour la premi\u00e8re fois, il faut attendre environ 2 minutes apr\u00e8s le remplissage d'e-liquide. Cette p\u00e9riode de repos garantit une saturation compl\u00e8te et optimise votre exp\u00e9rience de vapotage fruit\u00e9e et rafra\u00eechissante.<\/p>\n<h3 class=\"text-lg font-bold text-text-100 mt-1 -mb-1.5\">RandM Tornado 7000 Strawberry Ice Caract\u00e9ristiques :<\/h3>\n<p class=\"whitespace-normal break-words\">La vape jetable RandM Tornado 7000 Strawberry Ice - un dispositif de vapotage haut de gamme qui combine la douceur naturelle des fraises m\u00fbres avec un effet cool vivifiant dans un package raffin\u00e9. Avec une capacit\u00e9 consid\u00e9rable allant jusqu'\u00e0 7000 bouff\u00e9es, cette e-cigarette jetable est parfaite pour les utilisateurs qui souhaitent une exp\u00e9rience gustative persistante et rafra\u00eechissante.<\/p>\n<p class=\"whitespace-normal break-words\">\u00c9quip\u00e9e d'une batterie robuste de 850mAh et d'un r\u00e9servoir d'e-liquide de 14ml, la Strawberry Ice Tornado garantit des phases de vapotage de longue dur\u00e9e. Le contr\u00f4le modulable de l'airflow offre des possibilit\u00e9s de customisation suppl\u00e9mentaires et vous permet de personnaliser votre exp\u00e9rience de vapotage.<\/p>\n<p class=\"whitespace-normal break-words\">Con\u00e7ue pour les vapoteurs nomades, la Tornado se distingue par son format compact et son m\u00e9canisme d'activation par inhalation, ce qui la rend extr\u00eamement facile \u00e0 utiliser. Le Strawberry Ice Flavor associe des fraises sucr\u00e9es \u00e0 une touche rafra\u00eechissante pour une exp\u00e9rience gustative vivifiante. La Tornado 7000 est disponible avec des niveaux de sel de nicotine de 0%, 2%, 3% et 5% et r\u00e9pond \u00e0 diff\u00e9rents go\u00fbts.<\/p>\n<h3 class=\"text-lg font-bold text-text-100 mt-1 -mb-1.5\">Donn\u00e9es mat\u00e9rielles<\/h3>\n<p class=\"whitespace-normal break-words\">\u2611 Teneur en nicotine : 0% \/2%\/3%\/5%<br \/>\n\u2611 Volume du e-juice : 14ml<br \/>\n\u2611 Trains \u00e0 vapeur par unit\u00e9 : 7000<br \/>\n\u2611 Contr\u00f4le du flux d'air<br \/>\n\u2611 Port de chargement Type-C<br \/>\n\u2611 Unit\u00e9 de batterie rechargeable<br \/>\n\u2611 Stockage d'\u00e9nergie int\u00e9gr\u00e9 de 850mAh<\/p>\n<h3 class=\"text-lg font-bold text-text-100 mt-1 -mb-1.5\">D\u00e9couvrir plus de FUMOT VAPE chez vozolpuff<\/h3>\n<p class=\"whitespace-normal break-words\">D\u00e9couvrez notre large gamme de produits sur notre <strong><a class=\"underline\" href=\"https:\/\/vozolpuff.de\/fr\/\">Plateforme principale<\/a><\/strong>D\u00e9couvrez les produits de vapotage de qualit\u00e9 dans la section <strong><a class=\"underline\" href=\"https:\/\/vozolpuff.de\/fr\/product-category\/fumot-vape\/\">Division FUMOT VAPE<\/a><\/strong> ou parcourez l'ensemble des <strong><a class=\"underline\" href=\"https:\/\/vozolpuff.de\/fr\/product-category\/fumot-vape\/randm-tornado-7000\/\">RandM Tornado 7000 Diversit\u00e9 des go\u00fbts<\/a><\/strong>.<\/p>","protected":false},"excerpt":{"rendered":"<p class=\"whitespace-normal break-words\">La vapoteuse RandM Tornado 7000 Strawberry Ice jetable associe des fraises sucr\u00e9es \u00e0 un effet cool vivifiant pour jusqu'\u00e0 7000 bouff\u00e9es. Avec un r\u00e9servoir d'e-liquide de 14 ml, une batterie rechargeable de 850mAh et un contr\u00f4le r\u00e9glable de l'airflow. Disponible en 0%, 2%, 3% et 5% de nicotine. Technologie Mesh Coil pour une exp\u00e9rience rafra\u00eechissante et fruit\u00e9e.<\/p>\n<p class=\"whitespace-normal break-words\">","protected":false},"featured_media":3736,"comment_status":"open","ping_status":"closed","template":"","meta":{"_acf_changed":false},"product_brand":[],"product_cat":[50],"product_tag":[],"class_list":{"0":"post-3732","1":"product","2":"type-product","3":"status-publish","4":"has-post-thumbnail","6":"product_cat-randm-tornado-7000","8":"first","9":"instock","10":"shipping-taxable","11":"purchasable","12":"product-type-variable"},"acf":[],"_links":{"self":[{"href":"https:\/\/vozolpuff.de\/fr\/wp-json\/wp\/v2\/product\/3732","targetHints":{"allow":["GET"]}}],"collection":[{"href":"https:\/\/vozolpuff.de\/fr\/wp-json\/wp\/v2\/product"}],"about":[{"href":"https:\/\/vozolpuff.de\/fr\/wp-json\/wp\/v2\/types\/product"}],"replies":[{"embeddable":true,"href":"https:\/\/vozolpuff.de\/fr\/wp-json\/wp\/v2\/comments?post=3732"}],"wp:featuredmedia":[{"embeddable":true,"href":"https:\/\/vozolpuff.de\/fr\/wp-json\/wp\/v2\/media\/3736"}],"wp:attachment":[{"href":"https:\/\/vozolpuff.de\/fr\/wp-json\/wp\/v2\/media?parent=3732"}],"wp:term":[{"taxonomy":"product_brand","embeddable":true,"href":"https:\/\/vozolpuff.de\/fr\/wp-json\/wp\/v2\/product_brand?post=3732"},{"taxonomy":"product_cat","embeddable":true,"href":"https:\/\/vozolpuff.de\/fr\/wp-json\/wp\/v2\/product_cat?post=3732"},{"taxonomy":"product_tag","embeddable":true,"href":"https:\/\/vozolpuff.de\/fr\/wp-json\/wp\/v2\/product_tag?post=3732"}],"curies":[{"name":"wp","href":"https:\/\/api.w.org\/{rel}","templated":true}]}}