{"id":3750,"date":"2025-09-09T10:26:51","date_gmt":"2025-09-09T08:26:51","guid":{"rendered":"https:\/\/vozolpuff.de\/?post_type=product&#038;p=3750"},"modified":"2025-09-09T10:26:51","modified_gmt":"2025-09-09T08:26:51","slug":"randm-tornado-7000-red-energy-ice","status":"publish","type":"product","link":"https:\/\/vozolpuff.de\/fr\/produit\/randm-tornado-7000-red-energy-ice\/","title":{"rendered":"RandM Tornado 7000 Red Energy Ice"},"content":{"rendered":"<h2 class=\"text-xl font-bold text-text-100 mt-1 -mb-0.5\">RandM Tornado 7000 Red Energy Ice E-cigarette jetable<\/h2>\n<p class=\"whitespace-normal break-words\">La RandM Tornado 7000 Red Energy Ice Vape fournit 7000 bouff\u00e9es exceptionnelles par appareil avec une capacit\u00e9 de 14 ml d'e-liquide et des niveaux de nicotine de 0%, 2%, 3% et 5%. Elle est \u00e9quip\u00e9e d'une batterie rechargeable de 850mAh, d'un contr\u00f4le du tirage d'air et de la technologie progressive du mesh coil. Avant l'utilisation initiale de la Tornado R&amp;M 7000 Red Energy Ice, il est conseill\u00e9 de s'arr\u00eater environ 2 minutes apr\u00e8s le remplissage d'e-liquide. Ce temps de saturation garantit une absorption optimale et maximise votre exp\u00e9rience de vapotage \u00e9nergique et fra\u00eeche.<\/p>\n<h3 class=\"text-lg font-bold text-text-100 mt-1 -mb-1.5\">RandM Tornado 7000 Red Energy Ice Sp\u00e9cifications :<\/h3>\n<p class=\"whitespace-normal break-words\">La RandM Tornado 7000 Red Energy Ice Disposable - un concentr\u00e9 de puissance de vapotage qui combine le coup de fouet vivifiant de la boisson \u00e9nergisante avec une finition cool rafra\u00eechissante dans un emballage moderne. Avec une performance remarquable allant jusqu'\u00e0 7000 bouff\u00e9es, cette e-cigarette jetable est parfaite pour les utilisateurs qui pr\u00e9f\u00e8rent une exp\u00e9rience gustative durable et \u00e9nergisante.<\/p>\n<p class=\"whitespace-normal break-words\">\u00c9quip\u00e9 d'une batterie puissante de 850mAh et d'un r\u00e9servoir d'e-liquide pr\u00e9charg\u00e9 de 14ml, le Red Energy Ice Tornado garantit des p\u00e9riodes de vapotage prolong\u00e9es. Le contr\u00f4le de l'airflow offre un niveau d'ajustement suppl\u00e9mentaire et vous permet de calibrer votre exp\u00e9rience de vapotage selon vos souhaits.<\/p>\n<p class=\"whitespace-normal break-words\">Con\u00e7ue pour les vapoteurs en mouvement, la Tornado se distingue par son format transportable et son m\u00e9canisme d'allumage par inhalation, ce qui la rend extr\u00eamement conviviale. Le Red Energy Ice Flavor combine le go\u00fbt stimulant des boissons \u00e9nergisantes avec un effet rafra\u00eechissant pour une exp\u00e9rience de vapotage vivifiante. La Tornado 7000 est disponible dans des options de sel de nicotine de 0%, 2%, 3% et 5% et r\u00e9pond \u00e0 diff\u00e9rentes pr\u00e9f\u00e9rences.<\/p>\n<h3 class=\"text-lg font-bold text-text-100 mt-1 -mb-1.5\">Sp\u00e9cifications de l'appareil<\/h3>\n<p class=\"whitespace-normal break-words\">\u2611 Variantes de nicotine : 0% \/2%\/3%\/5%<br \/>\n\u2611 capacit\u00e9 de liquide : 14ml<br \/>\n\u2611 Bouff\u00e9es par unit\u00e9 : 7000<br \/>\n\u2611 R\u00e9glage du d\u00e9bit d'air<br \/>\n\u2611 Possibilit\u00e9 de chargement Type-C<br \/>\n\u2611 Unit\u00e9 de puissance rechargeable<br \/>\n\u2611 Alimentation int\u00e9gr\u00e9e de 850mAh<\/p>\n<h3 class=\"text-lg font-bold text-text-100 mt-1 -mb-1.5\">D\u00e9couvrir plus de FUMOT VAPE chez vozolpuff<\/h3>\n<p class=\"whitespace-normal break-words\">D\u00e9couvrez notre large gamme de produits sur notre site web. <strong><a class=\"underline\" href=\"https:\/\/vozolpuff.de\/fr\/\">Site internet<\/a><\/strong>D\u00e9couvrez le mat\u00e9riel de vape premium dans la section <strong><a class=\"underline\" href=\"https:\/\/vozolpuff.de\/fr\/product-category\/fumot-vape\/\">Section FUMOT VAPE<\/a><\/strong> ou consultez la liste compl\u00e8te des <strong><a class=\"underline\" href=\"https:\/\/vozolpuff.de\/fr\/product-category\/fumot-vape\/randm-tornado-7000\/\">RandM Tornado 7000 Collection de saveurs<\/a><\/strong>.<\/p>","protected":false},"excerpt":{"rendered":"<p class=\"whitespace-normal break-words\">La vape RandM Tornado 7000 Red Energy Ice jetable combine le go\u00fbt stimulant d'une boisson \u00e9nergisante avec un effet rafra\u00eechissant pour jusqu'\u00e0 7000 bouff\u00e9es. Avec un r\u00e9servoir d'e-liquide de 14 ml, une batterie rechargeable de 850mAh et un contr\u00f4le r\u00e9glable de l'airflow. Disponible en 0%, 2%, 3% et 5% de nicotine. Technologie Mesh Coil pour une exp\u00e9rience \u00e9nergisante.<\/p>\n<p class=\"whitespace-normal break-words\">","protected":false},"featured_media":3753,"comment_status":"open","ping_status":"closed","template":"","meta":{"_acf_changed":false},"product_brand":[],"product_cat":[50],"product_tag":[],"class_list":{"0":"post-3750","1":"product","2":"type-product","3":"status-publish","4":"has-post-thumbnail","6":"product_cat-randm-tornado-7000","8":"first","9":"instock","10":"shipping-taxable","11":"purchasable","12":"product-type-variable"},"acf":[],"_links":{"self":[{"href":"https:\/\/vozolpuff.de\/fr\/wp-json\/wp\/v2\/product\/3750","targetHints":{"allow":["GET"]}}],"collection":[{"href":"https:\/\/vozolpuff.de\/fr\/wp-json\/wp\/v2\/product"}],"about":[{"href":"https:\/\/vozolpuff.de\/fr\/wp-json\/wp\/v2\/types\/product"}],"replies":[{"embeddable":true,"href":"https:\/\/vozolpuff.de\/fr\/wp-json\/wp\/v2\/comments?post=3750"}],"wp:featuredmedia":[{"embeddable":true,"href":"https:\/\/vozolpuff.de\/fr\/wp-json\/wp\/v2\/media\/3753"}],"wp:attachment":[{"href":"https:\/\/vozolpuff.de\/fr\/wp-json\/wp\/v2\/media?parent=3750"}],"wp:term":[{"taxonomy":"product_brand","embeddable":true,"href":"https:\/\/vozolpuff.de\/fr\/wp-json\/wp\/v2\/product_brand?post=3750"},{"taxonomy":"product_cat","embeddable":true,"href":"https:\/\/vozolpuff.de\/fr\/wp-json\/wp\/v2\/product_cat?post=3750"},{"taxonomy":"product_tag","embeddable":true,"href":"https:\/\/vozolpuff.de\/fr\/wp-json\/wp\/v2\/product_tag?post=3750"}],"curies":[{"name":"wp","href":"https:\/\/api.w.org\/{rel}","templated":true}]}}