{"id":3777,"date":"2025-09-09T10:37:07","date_gmt":"2025-09-09T08:37:07","guid":{"rendered":"https:\/\/vozolpuff.de\/?post_type=product&#038;p=3777"},"modified":"2025-09-09T10:37:07","modified_gmt":"2025-09-09T08:37:07","slug":"randm-tornado-7000-berry-lemonade","status":"publish","type":"product","link":"https:\/\/vozolpuff.de\/fr\/produit\/randm-tornado-7000-berry-lemonade\/","title":{"rendered":"RandM Tornado 7000 Berry Lemonade"},"content":{"rendered":"<h2 class=\"text-xl font-bold text-text-100 mt-1 -mb-0.5\">Cigarette \u00e9lectronique jetable RandM Tornado 7000 Berry Lemonade<\/h2>\n<p class=\"whitespace-normal break-words\">La cigarette \u00e9lectronique RandM Tornado 7000 Berry Lemonade offre 7 000 bouff\u00e9es spectaculaires par unit\u00e9 avec une capacit\u00e9 de 14 ml d'e-liquide et des concentrations de nicotine de 0%, 2%, 3% et 5%. L'appareil dispose d'une batterie rechargeable de 850 mAh, d'un syst\u00e8me de gestion du d\u00e9bit d'air et d'une technologie innovante de r\u00e9sistance mesh. Avant la premi\u00e8re utilisation de la Tornado R&amp;M 7000 Berry Lemonade, veuillez attendre environ 2 minutes apr\u00e8s avoir rempli le e-liquide. Ce temps de repos garantit une p\u00e9n\u00e9tration id\u00e9ale et maximise votre exp\u00e9rience de vapotage rafra\u00eechissante aux ar\u00f4mes de baies.<\/p>\n<h3 class=\"text-lg font-bold text-text-100 mt-1 -mb-1.5\">RandM Tornado 7000 Berry Lemonade Caract\u00e9ristiques :<\/h3>\n<p class=\"whitespace-normal break-words\">La RandM Tornado 7000 Berry Lemonade Disposable \u2013 une puissance de vapotage qui fusionne l'intensit\u00e9 sucr\u00e9e des baies m\u00e9lang\u00e9es avec l'acidit\u00e9 p\u00e9tillante de la limonade dans un emballage raffin\u00e9. Avec une autonomie remarquable pouvant atteindre 7 000 bouff\u00e9es, cette cigarette \u00e9lectronique jetable est parfaite pour les utilisateurs qui pr\u00e9f\u00e8rent un ar\u00f4me fruit\u00e9 et rafra\u00eechissant durable.<\/p>\n<p class=\"whitespace-normal break-words\">\u00c9quip\u00e9 d'une batterie robuste de 850 mAh et d'un r\u00e9servoir de 14 ml pouvant contenir du e-liquide, le Berry Lemonade Tornado garantit de longues sessions de vapotage. Le contr\u00f4le modulable du d\u00e9bit d'air offre des niveaux de personnalisation suppl\u00e9mentaires et vous permet d'ajuster votre exp\u00e9rience de vapotage selon vos pr\u00e9f\u00e9rences.<\/p>\n<p class=\"whitespace-normal break-words\">Con\u00e7ue pour \u00eatre emport\u00e9e partout, la Tornado s\u00e9duit par son format pratique et son dispositif d'allumage activ\u00e9 par l'inspiration, ce qui la rend extr\u00eamement facile \u00e0 utiliser. La saveur Berry Lemonade associe des baies sucr\u00e9es \u00e0 une limonade citronn\u00e9e pour une exp\u00e9rience gustative harmonieuse et fruit\u00e9e. La Tornado 7000 est disponible en versions sel de nicotine 0%, 2%, 3% et 5% et r\u00e9pond \u00e0 diff\u00e9rentes pr\u00e9f\u00e9rences.<\/p>\n<h3 class=\"text-lg font-bold text-text-100 mt-1 -mb-1.5\">Donn\u00e9es de l'appareil<\/h3>\n<p class=\"whitespace-normal break-words\">\u2611 Taux de nicotine : 0% \/2%\/3%\/5%<br \/>\n\u2611 Capacit\u00e9 du r\u00e9servoir : 14 ml<br \/>\n\u2611 Bouff\u00e9es par unit\u00e9 : 7000<br \/>\n\u2611 Modification de l'airflow<br \/>\n\u2611 Port de chargement Type-C<br \/>\n\u2611 Unit\u00e9 de batterie rechargeable<br \/>\n\u2611 Stockage d'\u00e9nergie int\u00e9gr\u00e9 de 850mAh<\/p>\n<h3 class=\"text-lg font-bold text-text-100 mt-1 -mb-1.5\">D\u00e9couvrir plus de FUMOT VAPE chez vozolpuff<\/h3>\n<p class=\"whitespace-normal break-words\">D\u00e9couvrez notre large gamme de produits sur notre <strong><a class=\"underline\" href=\"https:\/\/vozolpuff.de\/fr\/\">plateforme en ligne<\/a><\/strong>, d\u00e9couvrez des articles de vape haut de gamme dans la <strong><a class=\"underline\" href=\"https:\/\/vozolpuff.de\/fr\/product-category\/fumot-vape\/\">Division FUMOT VAPE<\/a><\/strong> ou parcourez la liste compl\u00e8te <strong><a class=\"underline\" href=\"https:\/\/vozolpuff.de\/fr\/product-category\/fumot-vape\/randm-tornado-7000\/\">RandM Tornado 7000 Diversit\u00e9 des go\u00fbts<\/a><\/strong>.<\/p>","protected":false},"excerpt":{"rendered":"<p class=\"whitespace-normal break-words\">La cigarette \u00e9lectronique jetable RandM Tornado 7000 Berry Lemonade associe des baies sucr\u00e9es \u00e0 une limonade p\u00e9tillante. Avec 7000 bouff\u00e9es, une capacit\u00e9 de 14 ml d'e-liquide, une batterie de 850 mAh et la technologie Mesh Coil, elle offre un plaisir de vapotage longue dur\u00e9e avec de la nicotine 0%, 2%, 3% ou 5%.<\/p>\n<p class=\"whitespace-normal break-words\">","protected":false},"featured_media":3781,"comment_status":"open","ping_status":"closed","template":"","meta":{"_acf_changed":false},"product_brand":[],"product_cat":[50],"product_tag":[],"class_list":{"0":"post-3777","1":"product","2":"type-product","3":"status-publish","4":"has-post-thumbnail","6":"product_cat-randm-tornado-7000","8":"first","9":"instock","10":"shipping-taxable","11":"purchasable","12":"product-type-variable"},"acf":[],"_links":{"self":[{"href":"https:\/\/vozolpuff.de\/fr\/wp-json\/wp\/v2\/product\/3777","targetHints":{"allow":["GET"]}}],"collection":[{"href":"https:\/\/vozolpuff.de\/fr\/wp-json\/wp\/v2\/product"}],"about":[{"href":"https:\/\/vozolpuff.de\/fr\/wp-json\/wp\/v2\/types\/product"}],"replies":[{"embeddable":true,"href":"https:\/\/vozolpuff.de\/fr\/wp-json\/wp\/v2\/comments?post=3777"}],"wp:featuredmedia":[{"embeddable":true,"href":"https:\/\/vozolpuff.de\/fr\/wp-json\/wp\/v2\/media\/3781"}],"wp:attachment":[{"href":"https:\/\/vozolpuff.de\/fr\/wp-json\/wp\/v2\/media?parent=3777"}],"wp:term":[{"taxonomy":"product_brand","embeddable":true,"href":"https:\/\/vozolpuff.de\/fr\/wp-json\/wp\/v2\/product_brand?post=3777"},{"taxonomy":"product_cat","embeddable":true,"href":"https:\/\/vozolpuff.de\/fr\/wp-json\/wp\/v2\/product_cat?post=3777"},{"taxonomy":"product_tag","embeddable":true,"href":"https:\/\/vozolpuff.de\/fr\/wp-json\/wp\/v2\/product_tag?post=3777"}],"curies":[{"name":"wp","href":"https:\/\/api.w.org\/{rel}","templated":true}]}}