{"id":3786,"date":"2025-09-09T10:39:51","date_gmt":"2025-09-09T08:39:51","guid":{"rendered":"https:\/\/vozolpuff.de\/?post_type=product&#038;p=3786"},"modified":"2025-09-09T10:39:51","modified_gmt":"2025-09-09T08:39:51","slug":"randm-tornado-7000-blueberry-bubblegum","status":"publish","type":"product","link":"https:\/\/vozolpuff.de\/fr\/produit\/randm-tornado-7000-blueberry-bubblegum\/","title":{"rendered":"RandM Tornado 7000 Blueberry Bubblegum"},"content":{"rendered":"<h2 class=\"text-xl font-bold text-text-100 mt-1 -mb-0.5\">Cigarette \u00e9lectronique jetable RandM Tornado 7000 Blueberry Bubblegum<\/h2>\n<p class=\"whitespace-normal break-words\">La vape RandM Tornado 7000 Blueberry Bubblegum offre 7 000 bouff\u00e9es impressionnantes par appareil avec un remplissage de 14 ml d'e-liquide et des niveaux de nicotine de 0%, 2%, 3% et 5%. Elle est \u00e9quip\u00e9e d'une batterie rechargeable de 850 mAh, d'un contr\u00f4le du tirage et d'une technologie moderne de r\u00e9sistance mesh. Avant la premi\u00e8re utilisation de la Tornado R&amp;M 7000 Blueberry Bubblegum, il est recommand\u00e9 d'attendre environ 2 minutes apr\u00e8s avoir rempli l'e-liquide. Cette phase de saturation garantit une absorption optimale et perfectionne votre exp\u00e9rience de vapotage sucr\u00e9e et fruit\u00e9e.<\/p>\n<h3 class=\"text-lg font-bold text-text-100 mt-1 -mb-1.5\">RandM Tornado 7000 Blueberry Bubblegum Caract\u00e9ristiques :<\/h3>\n<p class=\"whitespace-normal break-words\">La cigarette \u00e9lectronique jetable RandM Tornado 7000 Blueberry Bubblegum \u2013 un dispositif de vapotage haute performance qui combine la douceur naturelle des myrtilles et la douceur nostalgique du chewing-gum dans un bo\u00eetier \u00e9l\u00e9gant. Avec une performance exceptionnelle pouvant atteindre 7 000 bouff\u00e9es, cette cigarette \u00e9lectronique jetable est id\u00e9ale pour les amateurs \u00e0 la recherche d'une exp\u00e9rience gustative durable et sucr\u00e9e-fruit\u00e9e.<\/p>\n<p class=\"whitespace-normal break-words\">\u00c9quip\u00e9 d'une puissante batterie de 850 mAh et d'un r\u00e9servoir pr\u00e9rempli de 14 ml d'e-liquide, le Blueberry Bubblegum Tornado garantit de longues sessions de vapotage. Le r\u00e9glage de l'airflow ajoute une dimension de personnalisation et vous permet de modifier votre exp\u00e9rience de vapotage selon vos pr\u00e9f\u00e9rences.<\/p>\n<p class=\"whitespace-normal break-words\">Con\u00e7u pour les vapoteurs mobiles, le Tornado s\u00e9duit par son design transportable et son dispositif d'activation par aspiration, ce qui le rend extr\u00eamement convivial. La saveur Blueberry Bubblegum associe la douceur des myrtilles \u00e0 l'ar\u00f4me du chewing-gum pour une exp\u00e9rience gustative ludique. Le Tornado 7000 est disponible en plusieurs concentrations de sel de nicotine (0%, 2%, 3% et 5%) et r\u00e9pond ainsi \u00e0 diff\u00e9rents besoins.<\/p>\n<h3 class=\"text-lg font-bold text-text-100 mt-1 -mb-1.5\">Caract\u00e9ristiques techniques<\/h3>\n<p class=\"whitespace-normal break-words\">\u2611 Variantes de nicotine : 0% \/2%\/3%\/5%<br \/>\n\u2611 Capacit\u00e9 de liquide : 14 ml<br \/>\n\u2611 Trains \u00e0 vapeur par appareil : 7000<br \/>\n\u2611 R\u00e9glage du d\u00e9bit d'air<br \/>\n\u2611 alimentation de type C<br \/>\n\u2611 Pile \u00e9lectrique rechargeable<br \/>\n\u2611 Source d'alimentation int\u00e9gr\u00e9e de 850 mAh<\/p>\n<h3 class=\"text-lg font-bold text-text-100 mt-1 -mb-1.5\">D\u00e9couvrir plus de FUMOT VAPE chez vozolpuff<\/h3>\n<p class=\"whitespace-normal break-words\">Naviguez \u00e0 travers notre vaste gamme de produits sur notre <strong><a class=\"underline\" href=\"https:\/\/vozolpuff.de\/fr\/\">pr\u00e9sence sur le web<\/a><\/strong>, D\u00e9couvrez des produits de vapotage haut de gamme dans la <strong><a class=\"underline\" href=\"https:\/\/vozolpuff.de\/fr\/product-category\/fumot-vape\/\">Rubrique FUMOT VAPE<\/a><\/strong> ou parcourez l'ensemble du catalogue <strong><a class=\"underline\" href=\"https:\/\/vozolpuff.de\/fr\/product-category\/fumot-vape\/randm-tornado-7000\/\">RandM Tornado 7000 Monde des ar\u00f4mes<\/a><\/strong>.<\/p>","protected":false},"excerpt":{"rendered":"<p>La cigarette \u00e9lectronique jetable RandM Tornado 7000 Blueberry Bubblegum combine la douceur naturelle des myrtilles avec l'ar\u00f4me nostalgique du chewing-gum. Avec 7000 bouff\u00e9es, une capacit\u00e9 de 14 ml d'e-liquide, une batterie de 850 mAh et la technologie Mesh Coil, elle offre un plaisir de vapotage longue dur\u00e9e avec des taux de nicotine de 0%, 2%, 3% ou 5%. R\u00e9p\u00e9ter<\/p>","protected":false},"featured_media":3789,"comment_status":"open","ping_status":"closed","template":"","meta":{"_acf_changed":false},"product_brand":[],"product_cat":[50],"product_tag":[],"class_list":{"0":"post-3786","1":"product","2":"type-product","3":"status-publish","4":"has-post-thumbnail","6":"product_cat-randm-tornado-7000","8":"first","9":"instock","10":"shipping-taxable","11":"purchasable","12":"product-type-variable"},"acf":[],"_links":{"self":[{"href":"https:\/\/vozolpuff.de\/fr\/wp-json\/wp\/v2\/product\/3786","targetHints":{"allow":["GET"]}}],"collection":[{"href":"https:\/\/vozolpuff.de\/fr\/wp-json\/wp\/v2\/product"}],"about":[{"href":"https:\/\/vozolpuff.de\/fr\/wp-json\/wp\/v2\/types\/product"}],"replies":[{"embeddable":true,"href":"https:\/\/vozolpuff.de\/fr\/wp-json\/wp\/v2\/comments?post=3786"}],"wp:featuredmedia":[{"embeddable":true,"href":"https:\/\/vozolpuff.de\/fr\/wp-json\/wp\/v2\/media\/3789"}],"wp:attachment":[{"href":"https:\/\/vozolpuff.de\/fr\/wp-json\/wp\/v2\/media?parent=3786"}],"wp:term":[{"taxonomy":"product_brand","embeddable":true,"href":"https:\/\/vozolpuff.de\/fr\/wp-json\/wp\/v2\/product_brand?post=3786"},{"taxonomy":"product_cat","embeddable":true,"href":"https:\/\/vozolpuff.de\/fr\/wp-json\/wp\/v2\/product_cat?post=3786"},{"taxonomy":"product_tag","embeddable":true,"href":"https:\/\/vozolpuff.de\/fr\/wp-json\/wp\/v2\/product_tag?post=3786"}],"curies":[{"name":"wp","href":"https:\/\/api.w.org\/{rel}","templated":true}]}}