{"id":3804,"date":"2025-09-09T10:45:19","date_gmt":"2025-09-09T08:45:19","guid":{"rendered":"https:\/\/vozolpuff.de\/?post_type=product&#038;p=3804"},"modified":"2025-09-09T10:45:20","modified_gmt":"2025-09-09T08:45:20","slug":"randm-tornado-7000-mr-blue","status":"publish","type":"product","link":"https:\/\/vozolpuff.de\/fr\/produit\/randm-tornado-7000-mr-blue\/","title":{"rendered":"RandM Tornado 7000 Mr Blue"},"content":{"rendered":"<h2 class=\"text-xl font-bold text-text-100 mt-1 -mb-0.5\">Cigarette \u00e9lectronique jetable RandM Tornado 7000 Mr Blue<\/h2>\n<p class=\"whitespace-normal break-words\">La RandM Tornado 7000 Mr Blue Vape offre 7000 bouff\u00e9es par unit\u00e9 avec une capacit\u00e9 de 14 ml d'e-liquide et des taux de nicotine de 0%, 2%, 3% et 5%. Il dispose d'une batterie rechargeable de 850 mAh, d'un r\u00e9gulateur de tirage et d'une technologie moderne de r\u00e9sistance mesh. Avant la premi\u00e8re utilisation du Tornado R&amp;M 7000 Mr Blue, veuillez patienter environ 2 minutes apr\u00e8s avoir rempli le e-liquide. Cette p\u00e9riode d'absorption garantit une saturation parfaite et maximise votre exp\u00e9rience de vapotage intense aux ar\u00f4mes de baies.<\/p>\n<h3 class=\"text-lg font-bold text-text-100 mt-1 -mb-1.5\">Caract\u00e9ristiques du RandM Tornado 7000 Mr Blue :<\/h3>\n<p class=\"whitespace-normal break-words\">La RandM Tornado 7000 Mr Blue Disposable \u2013 un chef-d'\u0153uvre de vape qui combine la douceur complexe d'un m\u00e9lange de baies bleues avec une profondeur myst\u00e9rieuse dans un design compact. Avec une autonomie exceptionnelle pouvant atteindre 7 000 bouff\u00e9es, cette cigarette \u00e9lectronique jetable est id\u00e9ale pour les utilisateurs qui pr\u00e9f\u00e8rent une exp\u00e9rience gustative durable et complexe.<\/p>\n<p class=\"whitespace-normal break-words\">\u00c9quip\u00e9 d'une batterie fiable de 850 mAh et d'un r\u00e9servoir d'e-liquide g\u00e9n\u00e9reux de 14 ml, le Mr Blue Tornado vous garantit de longues sessions de vapotage. Le contr\u00f4le du d\u00e9bit d'air r\u00e9glable offre des niveaux d'ajustement suppl\u00e9mentaires et vous permet de personnaliser pr\u00e9cis\u00e9ment votre exp\u00e9rience de vapotage.<\/p>\n<p class=\"whitespace-normal break-words\">Con\u00e7u pour les amateurs de vapotage nomades, le Tornado s\u00e9duit par son format pratique et son m\u00e9canisme d'activation par aspiration, qui le rendent exceptionnellement facile \u00e0 utiliser. La saveur Mr Blue offre un m\u00e9lange complexe de fruits bleus pour une exp\u00e9rience gustative intense et fruit\u00e9e. La Tornado 7000 est disponible dans des variantes de sels de nicotine 0%, 2%, 3% et 5% et r\u00e9pond \u00e0 de nombreuses exigences.<\/p>\n<h3 class=\"text-lg font-bold text-text-100 mt-1 -mb-1.5\">Sp\u00e9cifications de l'appareil<\/h3>\n<p class=\"whitespace-normal break-words\">\u2611 Taux de nicotine : 0% \/2%\/3%\/5%<br \/>\n\u2611 Contenance du flacon : 14 ml<br \/>\n\u2611 Bouff\u00e9es par unit\u00e9 : 7000<br \/>\n\u2611 Contr\u00f4le du flux d'air<br \/>\n\u2611 Recharge Type-C<br \/>\n\u2611 Cellule de batterie rechargeable<br \/>\n\u2611 Alimentation int\u00e9gr\u00e9e de 850 mAh<\/p>\n<h3 class=\"text-lg font-bold text-text-100 mt-1 -mb-1.5\">D\u00e9couvrir plus de FUMOT VAPE chez vozolpuff<\/h3>\n<p class=\"whitespace-normal break-words\">Parcourez notre gamme compl\u00e8te de produits sur notre <strong><a class=\"underline\" href=\"https:\/\/vozolpuff.de\/fr\/\">Page d'accueil<\/a><\/strong>, d\u00e9couvrez des produits \u00e0 vapeur haut de gamme dans la <strong><a class=\"underline\" href=\"https:\/\/vozolpuff.de\/fr\/product-category\/fumot-vape\/\">D\u00e9partement FUMOT VAPE<\/a><\/strong> ou explorez le site complet <strong><a class=\"underline\" href=\"https:\/\/vozolpuff.de\/fr\/product-category\/fumot-vape\/randm-tornado-7000\/\">RandM Tornado 7000 S\u00e9lection d'ar\u00f4mes<\/a><\/strong>.<\/p>","protected":false},"excerpt":{"rendered":"<p>La cigarette \u00e9lectronique jetable RandM Tornado 7000 Mr Blue combine la douceur complexe d'un m\u00e9lange de baies bleues avec une profondeur myst\u00e9rieuse. Avec 7000 bouff\u00e9es, une capacit\u00e9 de 14 ml d'e-liquide, une batterie de 850 mAh et la technologie Mesh Coil, elle offre un plaisir de vapotage longue dur\u00e9e en 0%, 2%, 3% ou 5% de nicotine. R\u00e9p\u00e9ter<\/p>","protected":false},"featured_media":3808,"comment_status":"open","ping_status":"closed","template":"","meta":{"_acf_changed":false},"product_brand":[],"product_cat":[50],"product_tag":[],"class_list":{"0":"post-3804","1":"product","2":"type-product","3":"status-publish","4":"has-post-thumbnail","6":"product_cat-randm-tornado-7000","8":"first","9":"instock","10":"shipping-taxable","11":"purchasable","12":"product-type-variable"},"acf":[],"_links":{"self":[{"href":"https:\/\/vozolpuff.de\/fr\/wp-json\/wp\/v2\/product\/3804","targetHints":{"allow":["GET"]}}],"collection":[{"href":"https:\/\/vozolpuff.de\/fr\/wp-json\/wp\/v2\/product"}],"about":[{"href":"https:\/\/vozolpuff.de\/fr\/wp-json\/wp\/v2\/types\/product"}],"replies":[{"embeddable":true,"href":"https:\/\/vozolpuff.de\/fr\/wp-json\/wp\/v2\/comments?post=3804"}],"wp:featuredmedia":[{"embeddable":true,"href":"https:\/\/vozolpuff.de\/fr\/wp-json\/wp\/v2\/media\/3808"}],"wp:attachment":[{"href":"https:\/\/vozolpuff.de\/fr\/wp-json\/wp\/v2\/media?parent=3804"}],"wp:term":[{"taxonomy":"product_brand","embeddable":true,"href":"https:\/\/vozolpuff.de\/fr\/wp-json\/wp\/v2\/product_brand?post=3804"},{"taxonomy":"product_cat","embeddable":true,"href":"https:\/\/vozolpuff.de\/fr\/wp-json\/wp\/v2\/product_cat?post=3804"},{"taxonomy":"product_tag","embeddable":true,"href":"https:\/\/vozolpuff.de\/fr\/wp-json\/wp\/v2\/product_tag?post=3804"}],"curies":[{"name":"wp","href":"https:\/\/api.w.org\/{rel}","templated":true}]}}