{"id":3822,"date":"2025-09-09T10:50:27","date_gmt":"2025-09-09T08:50:27","guid":{"rendered":"https:\/\/vozolpuff.de\/?post_type=product&#038;p=3822"},"modified":"2025-09-09T10:50:27","modified_gmt":"2025-09-09T08:50:27","slug":"randm-tornado-7000-blueberry-pomegranate","status":"publish","type":"product","link":"https:\/\/vozolpuff.de\/fr\/produit\/randm-tornado-7000-blueberry-pomegranate\/","title":{"rendered":"RandM Tornado 7000 Blueberry Pomegranate"},"content":{"rendered":"<h2 class=\"text-xl font-bold text-text-100 mt-1 -mb-0.5\">Cigarette \u00e9lectronique jetable RandM Tornado 7000 Blueberry Pomegranate<\/h2>\n<p class=\"whitespace-normal break-words\">La cigarette \u00e9lectronique RandM Tornado 7000 Blueberry Pomegranate offre 7 000 bouff\u00e9es spectaculaires par exemplaire, avec une capacit\u00e9 de 14 ml d'e-liquide et des niveaux de nicotine de 0%, 2%, 3% et 5%. Elle dispose d'une batterie rechargeable de 850 mAh, d'un contr\u00f4le du tirage et d'une technologie innovante de r\u00e9sistance mesh. Avant la premi\u00e8re utilisation du Tornado R&amp;M 7000 Blueberry Pomegranate, veuillez attendre environ 2 minutes apr\u00e8s avoir rempli le e-liquide. Ce temps de saturation garantit une p\u00e9n\u00e9tration id\u00e9ale et maximise votre exp\u00e9rience de vapotage riche en antioxydants.<\/p>\n<h3 class=\"text-lg font-bold text-text-100 mt-1 -mb-1.5\">RandM Tornado 7000 Blueberry Pomegranate Caract\u00e9ristiques :<\/h3>\n<p class=\"whitespace-normal break-words\">La RandM Tornado 7000 Blueberry Pomegranate Disposable \u2013 une puissance de vapotage qui allie l'intensit\u00e9 sucr\u00e9e des myrtilles \u00e0 la complexit\u00e9 acidul\u00e9e et sucr\u00e9e des grenades dans un emballage raffin\u00e9. Avec une autonomie remarquable pouvant atteindre 7 000 bouff\u00e9es, cette cigarette \u00e9lectronique jetable est parfaite pour les connaisseurs qui appr\u00e9cient une exp\u00e9rience gustative durable et sophistiqu\u00e9e.<\/p>\n<p class=\"whitespace-normal break-words\">\u00c9quip\u00e9 d'une batterie robuste de 850 mAh et d'un r\u00e9servoir d'e-liquide de 14 ml, le Blueberry Pomegranate Tornado garantit de longues sessions de vapotage. Le contr\u00f4le du d\u00e9bit d'air r\u00e9glable offre des niveaux de personnalisation suppl\u00e9mentaires et vous permet d'ajuster votre exp\u00e9rience de vapotage selon vos pr\u00e9f\u00e9rences.<\/p>\n<p class=\"whitespace-normal break-words\">Con\u00e7ue pour vapoter en d\u00e9placement, la Tornado s\u00e9duit par son format pratique et son dispositif d'allumage activ\u00e9 par l'inspiration, qui la rendent extr\u00eamement facile \u00e0 utiliser. La saveur Blueberry Pomegranate associe la douceur des myrtilles \u00e0 l'acidit\u00e9 sucr\u00e9e de la grenade pour une exp\u00e9rience de vapotage raffin\u00e9e et fruit\u00e9e. La Tornado 7000 est disponible en plusieurs concentrations de sel de nicotine (0%, 2%, 3% et 5%) afin de r\u00e9pondre \u00e0 diff\u00e9rentes pr\u00e9f\u00e9rences.<\/p>\n<h3 class=\"text-lg font-bold text-text-100 mt-1 -mb-1.5\">Sp\u00e9cifications techniques<\/h3>\n<p class=\"whitespace-normal break-words\">\u2611 Variantes de nicotine : 0% \/2%\/3%\/5%<br \/>\n\u2611 Volume de liquide : 14 ml<br \/>\n\u2611 Inhalations par unit\u00e9 : 7000<br \/>\n\u2611 R\u00e9glage du d\u00e9bit d'air<br \/>\n\u2611 Port de chargement Type-C<br \/>\n\u2611 Unit\u00e9 de batterie rechargeable<br \/>\n\u2611 Stockage d'\u00e9nergie int\u00e9gr\u00e9 de 850mAh<\/p>\n<h3 class=\"text-lg font-bold text-text-100 mt-1 -mb-1.5\">D\u00e9couvrir plus de FUMOT VAPE chez vozolpuff<\/h3>\n<p class=\"whitespace-normal break-words\">D\u00e9couvrez notre large gamme de produits sur notre <strong><a class=\"underline\" href=\"https:\/\/vozolpuff.de\/fr\/\">Site web<\/a><\/strong>, d\u00e9couvrez des articles de vape haut de gamme dans la <strong><a class=\"underline\" href=\"https:\/\/vozolpuff.de\/fr\/product-category\/fumot-vape\/\">Division FUMOT VAPE<\/a><\/strong> ou parcourez la liste compl\u00e8te <strong><a class=\"underline\" href=\"https:\/\/vozolpuff.de\/fr\/product-category\/fumot-vape\/randm-tornado-7000\/\">RandM Tornado 7000 Diversit\u00e9 des go\u00fbts<\/a><\/strong>.<\/p>","protected":false},"excerpt":{"rendered":"<p>La cigarette \u00e9lectronique jetable RandM Tornado 7000 Blueberry Pomegranate associe la douceur des myrtilles \u00e0 la complexit\u00e9 acidul\u00e9e et sucr\u00e9e de la grenade. Avec 7000 bouff\u00e9es, une capacit\u00e9 de 14 ml d'e-liquide, une batterie de 850 mAh et la technologie Mesh Coil, elle offre un plaisir de vapotage longue dur\u00e9e avec de la nicotine 0%, 2%, 3% ou 5%. R\u00e9p\u00e9ter<\/p>","protected":false},"featured_media":3826,"comment_status":"open","ping_status":"closed","template":"","meta":{"_acf_changed":false},"product_brand":[],"product_cat":[50],"product_tag":[],"class_list":{"0":"post-3822","1":"product","2":"type-product","3":"status-publish","4":"has-post-thumbnail","6":"product_cat-randm-tornado-7000","8":"first","9":"instock","10":"shipping-taxable","11":"purchasable","12":"product-type-variable"},"acf":[],"_links":{"self":[{"href":"https:\/\/vozolpuff.de\/fr\/wp-json\/wp\/v2\/product\/3822","targetHints":{"allow":["GET"]}}],"collection":[{"href":"https:\/\/vozolpuff.de\/fr\/wp-json\/wp\/v2\/product"}],"about":[{"href":"https:\/\/vozolpuff.de\/fr\/wp-json\/wp\/v2\/types\/product"}],"replies":[{"embeddable":true,"href":"https:\/\/vozolpuff.de\/fr\/wp-json\/wp\/v2\/comments?post=3822"}],"wp:featuredmedia":[{"embeddable":true,"href":"https:\/\/vozolpuff.de\/fr\/wp-json\/wp\/v2\/media\/3826"}],"wp:attachment":[{"href":"https:\/\/vozolpuff.de\/fr\/wp-json\/wp\/v2\/media?parent=3822"}],"wp:term":[{"taxonomy":"product_brand","embeddable":true,"href":"https:\/\/vozolpuff.de\/fr\/wp-json\/wp\/v2\/product_brand?post=3822"},{"taxonomy":"product_cat","embeddable":true,"href":"https:\/\/vozolpuff.de\/fr\/wp-json\/wp\/v2\/product_cat?post=3822"},{"taxonomy":"product_tag","embeddable":true,"href":"https:\/\/vozolpuff.de\/fr\/wp-json\/wp\/v2\/product_tag?post=3822"}],"curies":[{"name":"wp","href":"https:\/\/api.w.org\/{rel}","templated":true}]}}