{"id":3857,"date":"2025-09-10T05:35:40","date_gmt":"2025-09-10T03:35:40","guid":{"rendered":"https:\/\/vozolpuff.de\/?post_type=product&#038;p=3857"},"modified":"2025-09-10T05:35:40","modified_gmt":"2025-09-10T03:35:40","slug":"randm-tornado-7000-cola","status":"publish","type":"product","link":"https:\/\/vozolpuff.de\/fr\/produit\/randm-tornado-7000-cola\/","title":{"rendered":"RandM Tornado 7000 Cola"},"content":{"rendered":"<h2 class=\"text-xl font-bold text-text-100 mt-1 -mb-0.5\">E-cigarette RandM Tornado 7000 Cola jetable<\/h2>\n<p class=\"whitespace-normal break-words\">La RandM Tornado 7000 Cola apporte le go\u00fbt nostalgique de votre boisson rafra\u00eechissante pr\u00e9f\u00e9r\u00e9e dans le monde de la vape. Cette authentique note de cola, avec sa douceur caract\u00e9ristique et ses \u00e9pices secr\u00e8tes, transforme chaque session de vapotage en une exp\u00e9rience rafra\u00eechissante. Le syst\u00e8me jetable ultramoderne fournit jusqu'\u00e0 7000 bouff\u00e9es de pur plaisir cola, soutenu par une batterie fiable de 850mAh. Le r\u00e9servoir de liquide de 14 ml \u00e9limine compl\u00e8tement le remplissage fastidieux. Gr\u00e2ce au r\u00e9glage variable de l'airflow, vous pouvez parfaitement adapter votre comportement personnel de vapotage.<\/p>\n<h3 class=\"text-lg font-bold text-text-100 mt-1 -mb-1.5\">Donn\u00e9es techniques<\/h3>\n<p class=\"whitespace-normal break-words\"><strong>performance de la batterie :<\/strong> 850mAh fixe (rechargeable)<br \/>\n<strong>D\u00e9bit de vapeur :<\/strong> Sortie stable et continue<br \/>\n<strong>Contenu du liquide :<\/strong> 14ml d\u00e9j\u00e0 remplis<br \/>\n<strong>Variantes de nicotine :<\/strong> 0%, 2%, 3% ou 5% au choix<br \/>\n<strong>Capacit\u00e9 de traction :<\/strong> Environ 7.000 trains \u00e0 vapeur<br \/>\n<strong>D\u00e9bit d'air :<\/strong> Perm\u00e9abilit\u00e9 \u00e0 l'air r\u00e9glable<br \/>\n<strong>\u00c9clairage :<\/strong> Affichage RVB multicolore<\/p>\n<h3 class=\"text-lg font-bold text-text-100 mt-1 -mb-1.5\">D\u00e9couvrir plus de FUMOT VAPE chez vozolpuff<\/h3>\n<p class=\"whitespace-normal break-words\">Explorez d'autres solutions de vapotage premium sur notre <strong><a class=\"underline\" href=\"https:\/\/vozolpuff.de\/fr\/\">Page d'accueil<\/a><\/strong>Vous pouvez vous plonger dans la diversit\u00e9 <strong><a class=\"underline\" href=\"https:\/\/vozolpuff.de\/fr\/product-category\/fumot-vape\/\">S\u00e9lection FUMOT VAPE<\/a><\/strong> ou choisissez dans la vaste <strong><a class=\"underline\" href=\"https:\/\/vozolpuff.de\/fr\/product-category\/fumot-vape\/randm-tornado-7000\/\">RandM Tornado 7000 Diversit\u00e9 des go\u00fbts<\/a><\/strong>.<\/p>","protected":false},"excerpt":{"rendered":"<div>\n<div class=\"grid-cols-1 grid gap-2.5 [&amp;_&gt;_*]:min-w-0 !gap-3.5\">\n<p class=\"whitespace-normal break-words\">Entdecken Sie den authentischen Cola-Geschmack mit der RandM Tornado 7000 Cola Einweg-Vape. Diese Premium-Vape kombiniert nostalgische S\u00fc\u00dfe mit geheimen Gew\u00fcrznoten f\u00fcr ein unverwechselbares Dampferlebnis. Mit 850mAh Akku, 14ml Liquidtank und 7000 Z\u00fcgen bietet sie langanhaltenden, erfrischenden Genuss.<\/p>\n<\/div>\n<\/div>\n<div class=\"h-8\"><\/div>\n","protected":false},"featured_media":3859,"comment_status":"open","ping_status":"closed","template":"","meta":{"_acf_changed":false},"product_brand":[],"product_cat":[50],"product_tag":[],"class_list":{"0":"post-3857","1":"product","2":"type-product","3":"status-publish","4":"has-post-thumbnail","6":"product_cat-randm-tornado-7000","8":"first","9":"instock","10":"shipping-taxable","11":"purchasable","12":"product-type-variable"},"acf":[],"_links":{"self":[{"href":"https:\/\/vozolpuff.de\/fr\/wp-json\/wp\/v2\/product\/3857","targetHints":{"allow":["GET"]}}],"collection":[{"href":"https:\/\/vozolpuff.de\/fr\/wp-json\/wp\/v2\/product"}],"about":[{"href":"https:\/\/vozolpuff.de\/fr\/wp-json\/wp\/v2\/types\/product"}],"replies":[{"embeddable":true,"href":"https:\/\/vozolpuff.de\/fr\/wp-json\/wp\/v2\/comments?post=3857"}],"wp:featuredmedia":[{"embeddable":true,"href":"https:\/\/vozolpuff.de\/fr\/wp-json\/wp\/v2\/media\/3859"}],"wp:attachment":[{"href":"https:\/\/vozolpuff.de\/fr\/wp-json\/wp\/v2\/media?parent=3857"}],"wp:term":[{"taxonomy":"product_brand","embeddable":true,"href":"https:\/\/vozolpuff.de\/fr\/wp-json\/wp\/v2\/product_brand?post=3857"},{"taxonomy":"product_cat","embeddable":true,"href":"https:\/\/vozolpuff.de\/fr\/wp-json\/wp\/v2\/product_cat?post=3857"},{"taxonomy":"product_tag","embeddable":true,"href":"https:\/\/vozolpuff.de\/fr\/wp-json\/wp\/v2\/product_tag?post=3857"}],"curies":[{"name":"wp","href":"https:\/\/api.w.org\/{rel}","templated":true}]}}