{"id":3866,"date":"2025-09-10T05:38:14","date_gmt":"2025-09-10T03:38:14","guid":{"rendered":"https:\/\/vozolpuff.de\/?post_type=product&#038;p=3866"},"modified":"2025-09-10T05:38:14","modified_gmt":"2025-09-10T03:38:14","slug":"randm-tornado-7000-sour-apple","status":"publish","type":"product","link":"https:\/\/vozolpuff.de\/fr\/produit\/randm-tornado-7000-sour-apple\/","title":{"rendered":"RandM Tornado 7000 Sour Apple"},"content":{"rendered":"<h2 class=\"text-xl font-bold text-text-100 mt-1 -mb-0.5\">RandM Tornado 7000 Sour Apple E-cigarette jetable<\/h2>\n<p class=\"whitespace-normal break-words\">D\u00e9couvrez le contraste parfait entre le sucr\u00e9 et l'acide avec la RandM Tornado 7000 Sour Apple Edition. Ce go\u00fbt fruit\u00e9 et intense capture l'essence d'une pomme verte croquante avec une note acide surprenante qui ravive vos papilles gustatives. Avec un nombre exceptionnel de 7000 bouff\u00e9es par appareil, cette e-cigarette jetable \u00e9tablit de nouvelles normes en mati\u00e8re d'endurance. Le robuste r\u00e9servoir d'\u00e9nergie de 850mAh garantit des performances continues, tandis que le g\u00e9n\u00e9reux r\u00e9servoir de liquide de 14ml assure des semaines de satisfaction. La technologie conviviale Draw-to-Fire rend chaque bouff\u00e9e facile.<\/p>\n<h3 class=\"text-lg font-bold text-text-100 mt-1 -mb-1.5\">Sp\u00e9cifications de l'appareil<\/h3>\n<p class=\"whitespace-normal break-words\"><strong>Type de batterie :<\/strong> 850mAh int\u00e9gr\u00e9 (rechargeable)<br \/>\n<strong>\u00c9mission d'\u00e9nergie :<\/strong> Des performances constantes et efficaces<br \/>\n<strong>Quantit\u00e9 de E-Juice :<\/strong> 14ml enti\u00e8rement pr\u00e9-rempli<br \/>\n<strong>Teneur en nicotine :<\/strong> 0%, 2%, 3% ou 5% au choix<br \/>\n<strong>Trains \u00e0 vapeur :<\/strong> Environ 7 000 par unit\u00e9<br \/>\n<strong>Contr\u00f4le de l'air :<\/strong> D\u00e9bit r\u00e9glable individuellement<br \/>\n<strong>Spectacle de lumi\u00e8re :<\/strong> Illumination RGB int\u00e9gr\u00e9e<\/p>\n<h3 class=\"text-lg font-bold text-text-100 mt-1 -mb-1.5\">D\u00e9couvrir plus de FUMOT VAPE chez vozolpuff<\/h3>\n<p class=\"whitespace-normal break-words\">D\u00e9couvrez d'autres appareils \u00e0 vapeur de haute qualit\u00e9 sur notre site web. <strong><a class=\"underline\" href=\"https:\/\/vozolpuff.de\/fr\/\">Site web<\/a><\/strong> et de parcourir l'ensemble des <strong><a class=\"underline\" href=\"https:\/\/vozolpuff.de\/fr\/product-category\/fumot-vape\/\">Assortiment FUMOT VAPE<\/a><\/strong> ou d\u00e9couvrez d'autres variantes de <strong><a class=\"underline\" href=\"https:\/\/vozolpuff.de\/fr\/product-category\/fumot-vape\/randm-tornado-7000\/\">RandM Tornado 7000 Famille<\/a><\/strong>.<\/p>","protected":false},"excerpt":{"rendered":"<div>\n<div class=\"grid-cols-1 grid gap-2.5 [&amp;_&gt;_*]:min-w-0 !gap-3.5\">\n<p class=\"whitespace-normal break-words\">Genie\u00dfen Sie den perfekten s\u00fc\u00df-sauren Kontrast mit der RandM Tornado 7000 Sour Apple Einweg-Vape. Der intensive gr\u00fcne Apfelgeschmack mit seiner belebenden sauren Note sorgt f\u00fcr ein erfrischendes Dampferlebnis. Mit 850mAh Akku, 14ml Liquidkapazit\u00e4t und 7000 Z\u00fcgen f\u00fcr langanhaltenden Genuss mit RGB-Effekten.<\/p>\n<\/div>\n<\/div>\n<div class=\"h-8\"><\/div>\n","protected":false},"featured_media":3870,"comment_status":"open","ping_status":"closed","template":"","meta":{"_acf_changed":false},"product_brand":[],"product_cat":[50],"product_tag":[],"class_list":{"0":"post-3866","1":"product","2":"type-product","3":"status-publish","4":"has-post-thumbnail","6":"product_cat-randm-tornado-7000","8":"first","9":"instock","10":"shipping-taxable","11":"purchasable","12":"product-type-variable"},"acf":[],"_links":{"self":[{"href":"https:\/\/vozolpuff.de\/fr\/wp-json\/wp\/v2\/product\/3866","targetHints":{"allow":["GET"]}}],"collection":[{"href":"https:\/\/vozolpuff.de\/fr\/wp-json\/wp\/v2\/product"}],"about":[{"href":"https:\/\/vozolpuff.de\/fr\/wp-json\/wp\/v2\/types\/product"}],"replies":[{"embeddable":true,"href":"https:\/\/vozolpuff.de\/fr\/wp-json\/wp\/v2\/comments?post=3866"}],"wp:featuredmedia":[{"embeddable":true,"href":"https:\/\/vozolpuff.de\/fr\/wp-json\/wp\/v2\/media\/3870"}],"wp:attachment":[{"href":"https:\/\/vozolpuff.de\/fr\/wp-json\/wp\/v2\/media?parent=3866"}],"wp:term":[{"taxonomy":"product_brand","embeddable":true,"href":"https:\/\/vozolpuff.de\/fr\/wp-json\/wp\/v2\/product_brand?post=3866"},{"taxonomy":"product_cat","embeddable":true,"href":"https:\/\/vozolpuff.de\/fr\/wp-json\/wp\/v2\/product_cat?post=3866"},{"taxonomy":"product_tag","embeddable":true,"href":"https:\/\/vozolpuff.de\/fr\/wp-json\/wp\/v2\/product_tag?post=3866"}],"curies":[{"name":"wp","href":"https:\/\/api.w.org\/{rel}","templated":true}]}}