{"id":3875,"date":"2025-09-10T05:40:48","date_gmt":"2025-09-10T03:40:48","guid":{"rendered":"https:\/\/vozolpuff.de\/?post_type=product&#038;p=3875"},"modified":"2025-09-10T05:40:49","modified_gmt":"2025-09-10T03:40:49","slug":"randm-tornado-7000-blackcurrant-menthol","status":"publish","type":"product","link":"https:\/\/vozolpuff.de\/fr\/produit\/randm-tornado-7000-blackcurrant-menthol\/","title":{"rendered":"RandM Tornado 7000 Cassis Menthol"},"content":{"rendered":"<h2 class=\"text-xl font-bold text-text-100 mt-1 -mb-0.5\">Cigarette \u00e9lectronique jetable RandM Tornado 7000 Blackcurrant Menthol<\/h2>\n<p class=\"whitespace-normal break-words\">Le RandM Tornado 7000 Blackcurrant Menthol combine la douceur sombre des cassis m\u00fbrs avec une touche rafra\u00eechissante de menthol pour une exp\u00e9rience de vapotage exceptionnellement vivifiante. Cette combinaison sophistiqu\u00e9e de saveurs offre le meilleur des deux mondes aux amateurs de fruits et aux passionn\u00e9s de menthol. Le puissant syst\u00e8me jetable permet jusqu'\u00e0 7000 bouff\u00e9es aromatiques, aliment\u00e9es par une batterie durable de 850 mAh. Le r\u00e9servoir d'e-liquide de 14 ml rend le remplissage obsol\u00e8te. Gr\u00e2ce \u00e0 la fonction de d\u00e9bit d'air r\u00e9glable, vous pouvez d\u00e9terminer vous-m\u00eame l'intensit\u00e9 de votre vapeur.<\/p>\n<h3 class=\"text-lg font-bold text-text-100 mt-1 -mb-1.5\">Caract\u00e9ristiques du mat\u00e9riel<\/h3>\n<p class=\"whitespace-normal break-words\"><strong>Syst\u00e8me de batterie :<\/strong> 850 mAh install\u00e9 de mani\u00e8re permanente (rechargeable)<br \/>\n<strong>Puissance de sortie :<\/strong> Distribution constante et fiable<br \/>\n<strong>Volume de liquide :<\/strong> 14 ml pr\u00eat \u00e0 l'emploi<br \/>\n<strong>Niveaux de nicotine :<\/strong> Disponible en 0%, 2%, 3% ou 5%<br \/>\n<strong>Volume de traction :<\/strong> Environ 7 000 inhalations possibles<br \/>\n<strong>Syst\u00e8me de circulation d'air :<\/strong> Ventilation r\u00e9glable<br \/>\n<strong>Apparence :<\/strong> \u00c9clairage RVB color\u00e9<\/p>\n<h3 class=\"text-lg font-bold text-text-100 mt-1 -mb-1.5\">D\u00e9couvrir plus de FUMOT VAPE chez vozolpuff<\/h3>\n<p class=\"whitespace-normal break-words\">D\u00e9couvrez d'autres excellents produits li\u00e9s \u00e0 la cigarette \u00e9lectronique dans notre <strong><a class=\"underline\" href=\"https:\/\/vozolpuff.de\/fr\/\">Boutique en ligne<\/a><\/strong>, parcourez l'int\u00e9gralit\u00e9 de la <strong><a class=\"underline\" href=\"https:\/\/vozolpuff.de\/fr\/product-category\/fumot-vape\/\">Ligne de produits FUMOT VAPE<\/a><\/strong> ou laissez-vous s\u00e9duire par l'ensemble <strong><a class=\"underline\" href=\"https:\/\/vozolpuff.de\/fr\/product-category\/fumot-vape\/randm-tornado-7000\/\">RandM Tornado 7000 Univers des ar\u00f4mes<\/a><\/strong> inspirer.<\/p>","protected":false},"excerpt":{"rendered":"<div>\n<div class=\"grid-cols-1 grid gap-2.5 [&amp;_&gt;_*]:min-w-0 !gap-3.5\">\n<p class=\"whitespace-normal break-words\">Erleben Sie die perfekte Harmonie aus fruchtiger S\u00fc\u00dfe und k\u00fchler Frische mit der RandM Tornado 7000 Blackcurrant Menthol Einweg-Vape. Dunkle Johannisbeeren treffen auf belebenden Menthol-Kick f\u00fcr ein sophisticated Geschmackserlebnis. 850mAh Akku, 14ml Tank und 7000 Z\u00fcge mit RGB-Beleuchtung garantiert.<\/p>\n<\/div>\n<\/div>\n<div class=\"h-8\"><\/div>\n","protected":false},"featured_media":3879,"comment_status":"open","ping_status":"closed","template":"","meta":{"_acf_changed":false},"product_brand":[],"product_cat":[50],"product_tag":[],"class_list":{"0":"post-3875","1":"product","2":"type-product","3":"status-publish","4":"has-post-thumbnail","6":"product_cat-randm-tornado-7000","8":"first","9":"instock","10":"shipping-taxable","11":"purchasable","12":"product-type-variable"},"acf":[],"_links":{"self":[{"href":"https:\/\/vozolpuff.de\/fr\/wp-json\/wp\/v2\/product\/3875","targetHints":{"allow":["GET"]}}],"collection":[{"href":"https:\/\/vozolpuff.de\/fr\/wp-json\/wp\/v2\/product"}],"about":[{"href":"https:\/\/vozolpuff.de\/fr\/wp-json\/wp\/v2\/types\/product"}],"replies":[{"embeddable":true,"href":"https:\/\/vozolpuff.de\/fr\/wp-json\/wp\/v2\/comments?post=3875"}],"wp:featuredmedia":[{"embeddable":true,"href":"https:\/\/vozolpuff.de\/fr\/wp-json\/wp\/v2\/media\/3879"}],"wp:attachment":[{"href":"https:\/\/vozolpuff.de\/fr\/wp-json\/wp\/v2\/media?parent=3875"}],"wp:term":[{"taxonomy":"product_brand","embeddable":true,"href":"https:\/\/vozolpuff.de\/fr\/wp-json\/wp\/v2\/product_brand?post=3875"},{"taxonomy":"product_cat","embeddable":true,"href":"https:\/\/vozolpuff.de\/fr\/wp-json\/wp\/v2\/product_cat?post=3875"},{"taxonomy":"product_tag","embeddable":true,"href":"https:\/\/vozolpuff.de\/fr\/wp-json\/wp\/v2\/product_tag?post=3875"}],"curies":[{"name":"wp","href":"https:\/\/api.w.org\/{rel}","templated":true}]}}