{"id":3884,"date":"2025-09-10T05:43:22","date_gmt":"2025-09-10T03:43:22","guid":{"rendered":"https:\/\/vozolpuff.de\/?post_type=product&#038;p=3884"},"modified":"2025-09-10T05:43:22","modified_gmt":"2025-09-10T03:43:22","slug":"randm-tornado-7000-tiger-blood","status":"publish","type":"product","link":"https:\/\/vozolpuff.de\/fr\/produit\/randm-tornado-7000-tiger-blood\/","title":{"rendered":"RandM Tornado 7000 Tiger Blood"},"content":{"rendered":"<h2 class=\"text-xl font-bold text-text-100 mt-1 -mb-0.5\">Cigarette \u00e9lectronique jetable RandM Tornado 7000 Tiger Blood<\/h2>\n<p class=\"whitespace-normal break-words\">D\u00e9couvrez la saveur myst\u00e9rieuse et fascinante Tiger Blood de la s\u00e9rie RandM Tornado 7000. Malgr\u00e9 son nom sauvage, il s'agit d'un d\u00e9licieux m\u00e9lange de fraises, de past\u00e8que et de noix de coco qui procure une explosion de saveurs tropicales et fruit\u00e9es. Cet appareil jetable haut de gamme offre 7 000 bouff\u00e9es impressionnantes de pur plaisir gustatif, aliment\u00e9es par un puissant syst\u00e8me de batterie de 850 mAh. Le r\u00e9servoir de liquide volumineux de 14 ml garantit des semaines de plaisir de vapotage sans interruption. L'activation intelligente par bouff\u00e9e d\u00e9marre automatiquement chaque session de vapotage, tandis que l'alimentation en air r\u00e9glable offre une flexibilit\u00e9 maximale.<\/p>\n<h3 class=\"text-lg font-bold text-text-100 mt-1 -mb-1.5\">caract\u00e9ristiques<\/h3>\n<p class=\"whitespace-normal break-words\"><strong>Stockage d'\u00e9nergie :<\/strong> 850 mAh fixe (rechargeable)<br \/>\n<strong>Production de vapeur :<\/strong> Performances constantes et puissantes<br \/>\n<strong>R\u00e9servoir de liquide :<\/strong> 14 ml pr\u00e9install\u00e9<br \/>\n<strong>Alternatives \u00e0 la nicotine :<\/strong> 0%, 2%, 3% ou 5% au choix<br \/>\n<strong>Nombre d'inhalations :<\/strong> Environ 7 000 bouff\u00e9es par appareil<br \/>\n<strong>Ventilation :<\/strong> R\u00e9gulation variable du d\u00e9bit d'air<br \/>\n<strong>Caract\u00e9ristiques :<\/strong> Jeu de lumi\u00e8res RVB multicolores<\/p>\n<h3 class=\"text-lg font-bold text-text-100 mt-1 -mb-1.5\">D\u00e9couvrir plus de FUMOT VAPE chez vozolpuff<\/h3>\n<p class=\"whitespace-normal break-words\">D\u00e9couvrez d'autres vapoteuses haut de gamme sur notre <strong><a class=\"underline\" href=\"https:\/\/vozolpuff.de\/fr\/\">Page d'accueil<\/a><\/strong>D\u00e9couvrez la liste compl\u00e8te des <strong><a class=\"underline\" href=\"https:\/\/vozolpuff.de\/fr\/product-category\/fumot-vape\/\">Cat\u00e9gorie FUMOT VAPE<\/a><\/strong> ou testez d'autres alternatives <strong><a class=\"underline\" href=\"https:\/\/vozolpuff.de\/fr\/product-category\/fumot-vape\/randm-tornado-7000\/\">RandM Tornado 7000 saveurs<\/a><\/strong>.<\/p>","protected":false},"excerpt":{"rendered":"<div>\n<div class=\"grid-cols-1 grid gap-2.5 [&amp;_&gt;_*]:min-w-0 !gap-3.5\">\n<p class=\"whitespace-normal break-words\">Entdecken Sie den mysteri\u00f6sen Tiger Blood Geschmack der RandM Tornado 7000 Tiger Blood Einweg-Vape. Die exotische Kombination aus saftigen Erdbeeren, erfrischender Wassermelone und cremiger Kokosnuss kreiert ein tropisches Geschmackserlebnis. Mit 850mAh Akku, 14ml Tank und 7000 Z\u00fcgen plus RGB-Beleuchtung.<\/p>\n<\/div>\n<\/div>\n<div class=\"h-8\"><\/div>\n","protected":false},"featured_media":3888,"comment_status":"open","ping_status":"closed","template":"","meta":{"_acf_changed":false},"product_brand":[],"product_cat":[50],"product_tag":[],"class_list":{"0":"post-3884","1":"product","2":"type-product","3":"status-publish","4":"has-post-thumbnail","6":"product_cat-randm-tornado-7000","8":"first","9":"instock","10":"shipping-taxable","11":"purchasable","12":"product-type-variable"},"acf":[],"_links":{"self":[{"href":"https:\/\/vozolpuff.de\/fr\/wp-json\/wp\/v2\/product\/3884","targetHints":{"allow":["GET"]}}],"collection":[{"href":"https:\/\/vozolpuff.de\/fr\/wp-json\/wp\/v2\/product"}],"about":[{"href":"https:\/\/vozolpuff.de\/fr\/wp-json\/wp\/v2\/types\/product"}],"replies":[{"embeddable":true,"href":"https:\/\/vozolpuff.de\/fr\/wp-json\/wp\/v2\/comments?post=3884"}],"wp:featuredmedia":[{"embeddable":true,"href":"https:\/\/vozolpuff.de\/fr\/wp-json\/wp\/v2\/media\/3888"}],"wp:attachment":[{"href":"https:\/\/vozolpuff.de\/fr\/wp-json\/wp\/v2\/media?parent=3884"}],"wp:term":[{"taxonomy":"product_brand","embeddable":true,"href":"https:\/\/vozolpuff.de\/fr\/wp-json\/wp\/v2\/product_brand?post=3884"},{"taxonomy":"product_cat","embeddable":true,"href":"https:\/\/vozolpuff.de\/fr\/wp-json\/wp\/v2\/product_cat?post=3884"},{"taxonomy":"product_tag","embeddable":true,"href":"https:\/\/vozolpuff.de\/fr\/wp-json\/wp\/v2\/product_tag?post=3884"}],"curies":[{"name":"wp","href":"https:\/\/api.w.org\/{rel}","templated":true}]}}