{"id":3929,"date":"2025-09-10T05:55:36","date_gmt":"2025-09-10T03:55:36","guid":{"rendered":"https:\/\/vozolpuff.de\/?post_type=product&#038;p=3929"},"modified":"2025-09-10T05:55:36","modified_gmt":"2025-09-10T03:55:36","slug":"randm-tornado-7000-strawberry-watermelon-lemonade","status":"publish","type":"product","link":"https:\/\/vozolpuff.de\/fr\/produit\/randm-tornado-7000-strawberry-watermelon-lemonade\/","title":{"rendered":"RandM Tornado 7000 Fraise Past\u00e8que Lemonade"},"content":{"rendered":"<h2 class=\"text-xl font-bold text-text-100 mt-1 -mb-0.5\">RandM Tornado 7000 Fraise Past\u00e8que Limonade Cigarette \u00e9lectronique jetable<\/h2>\n<p class=\"whitespace-normal break-words\">Savourez un cocktail estival avec la RandM Tornado 7000 Strawberry Watermelon Lemonade. Cette triple composition fruit\u00e9e associe des fraises sucr\u00e9es, de la past\u00e8que juteuse et de la limonade p\u00e9tillante pour cr\u00e9er un hit estival parfaitement \u00e9quilibr\u00e9. Cet appareil \u00e0 vapoter jetable innovant garantit 7000 bouff\u00e9es exceptionnelles au go\u00fbt ensoleill\u00e9, aliment\u00e9es par une batterie Li-Ion durable de 850 mAh. Le r\u00e9servoir de liquide expansif de 14 ml garantit que le plaisir estival ne s'arr\u00eate jamais. La fonction \u00ab draw-to-vape \u00bb s'active automatiquement, tandis que le r\u00e9glage adaptable du d\u00e9bit d'air permet de personnaliser la vapeur selon ses pr\u00e9f\u00e9rences.<\/p>\n<h3 class=\"text-lg font-bold text-text-100 mt-1 -mb-1.5\">Sp\u00e9cifications du produit<\/h3>\n<p class=\"whitespace-normal break-words\"><strong>Technologie des batteries :<\/strong> 850 mAh int\u00e9gr\u00e9e (rechargeable)<br \/>\n<strong>niveau de performance :<\/strong> Performances r\u00e9guli\u00e8res et fiables<br \/>\n<strong>R\u00e9servoir de liquide :<\/strong> 14 ml d\u00e9j\u00e0 rempli<br \/>\n<strong>Teneur en nicotine :<\/strong> 0%, 2%, 3% ou 5% disponibles<br \/>\n<strong>Nombre de puffs :<\/strong> Environ 7 000 trains \u00e0 vapeur<br \/>\n<strong>Fonction Airflow :<\/strong> Circulation d'air r\u00e9glable<br \/>\n<strong>Suppl\u00e9ment \u00e9clairage :<\/strong> Syst\u00e8me RVB multicolore<\/p>\n<h3 class=\"text-lg font-bold text-text-100 mt-1 -mb-1.5\">D\u00e9couvrir plus de FUMOT VAPE chez vozolpuff<\/h3>\n<p class=\"whitespace-normal break-words\">Parcourez notre <strong><a class=\"underline\" href=\"https:\/\/vozolpuff.de\/fr\/\">Univers de vapeur<\/a><\/strong> Si vous recherchez d'autres vapoteuses haut de gamme, d\u00e9couvrez toute la gamme <strong><a class=\"underline\" href=\"https:\/\/vozolpuff.de\/fr\/product-category\/fumot-vape\/\">Collection FUMOT VAPE<\/a><\/strong> D\u00e9couvrez-en davantage <strong><a class=\"underline\" href=\"https:\/\/vozolpuff.de\/fr\/product-category\/fumot-vape\/randm-tornado-7000\/\">RandM Tornado 7000 exp\u00e9riences gustatives<\/a><\/strong>.<\/p>","protected":false},"excerpt":{"rendered":"<div>\n<div class=\"grid-cols-1 grid gap-2.5 [&amp;_&gt;_*]:min-w-0 !gap-3.5\">\n<p class=\"whitespace-normal break-words\">Erleben Sie puren Sommergenuss mit der RandM Tornado 7000 Strawberry Watermelon Lemonade Einweg-Vape. Die harmonische Dreifach-Komposition aus s\u00fc\u00dfen Erdbeeren, saftiger Wassermelone und spritziger Limonade kreiert den perfekten Geschmackscocktail. Mit 850mAh Akku, 14ml Tank und 7000 sonnigen Z\u00fcgen.<\/p>\n<\/div>\n<\/div>\n<div class=\"h-8\"><\/div>\n","protected":false},"featured_media":3933,"comment_status":"open","ping_status":"closed","template":"","meta":{"_acf_changed":false},"product_brand":[],"product_cat":[50],"product_tag":[],"class_list":{"0":"post-3929","1":"product","2":"type-product","3":"status-publish","4":"has-post-thumbnail","6":"product_cat-randm-tornado-7000","8":"first","9":"instock","10":"shipping-taxable","11":"purchasable","12":"product-type-variable"},"acf":[],"_links":{"self":[{"href":"https:\/\/vozolpuff.de\/fr\/wp-json\/wp\/v2\/product\/3929","targetHints":{"allow":["GET"]}}],"collection":[{"href":"https:\/\/vozolpuff.de\/fr\/wp-json\/wp\/v2\/product"}],"about":[{"href":"https:\/\/vozolpuff.de\/fr\/wp-json\/wp\/v2\/types\/product"}],"replies":[{"embeddable":true,"href":"https:\/\/vozolpuff.de\/fr\/wp-json\/wp\/v2\/comments?post=3929"}],"wp:featuredmedia":[{"embeddable":true,"href":"https:\/\/vozolpuff.de\/fr\/wp-json\/wp\/v2\/media\/3933"}],"wp:attachment":[{"href":"https:\/\/vozolpuff.de\/fr\/wp-json\/wp\/v2\/media?parent=3929"}],"wp:term":[{"taxonomy":"product_brand","embeddable":true,"href":"https:\/\/vozolpuff.de\/fr\/wp-json\/wp\/v2\/product_brand?post=3929"},{"taxonomy":"product_cat","embeddable":true,"href":"https:\/\/vozolpuff.de\/fr\/wp-json\/wp\/v2\/product_cat?post=3929"},{"taxonomy":"product_tag","embeddable":true,"href":"https:\/\/vozolpuff.de\/fr\/wp-json\/wp\/v2\/product_tag?post=3929"}],"curies":[{"name":"wp","href":"https:\/\/api.w.org\/{rel}","templated":true}]}}