{"id":3947,"date":"2025-09-10T06:00:40","date_gmt":"2025-09-10T04:00:40","guid":{"rendered":"https:\/\/vozolpuff.de\/?post_type=product&#038;p=3947"},"modified":"2025-09-10T06:00:40","modified_gmt":"2025-09-10T04:00:40","slug":"randm-tornado-7000-blue-razz-cherry","status":"publish","type":"product","link":"https:\/\/vozolpuff.de\/fr\/produit\/randm-tornado-7000-blue-razz-cherry\/","title":{"rendered":"RandM Tornado 7000 Blue Razz Cherry"},"content":{"rendered":"<h2 class=\"text-xl font-bold text-text-100 mt-1 -mb-0.5\">Cigarette \u00e9lectronique jetable RandM Tornado 7000 Blue Razz Cherry<\/h2>\n<p class=\"whitespace-normal break-words\">D\u00e9couvrez une fusion de saveurs passionnante avec le RandM Tornado 7000 Blue Razz Cherry Edition. Cette combinaison innovante m\u00e9lange la douceur intense des framboises bleues avec la note classique de cerise pour cr\u00e9er une exp\u00e9rience gustative irr\u00e9sistible, \u00e0 la fois famili\u00e8re et surprenante. Ce puissant syst\u00e8me de vapotage jetable offre 7 000 bouff\u00e9es impressionnantes de ce m\u00e9lange unique, aliment\u00e9 par un module de batterie robuste de 850 mAh. Le r\u00e9servoir de liquide volumineux de 14 ml garantit un plaisir durable sans interruption. L'activation r\u00e9active de la bouff\u00e9e d\u00e9marre imm\u00e9diatement \u00e0 chaque inhalation, tandis que la technologie de d\u00e9bit d'air r\u00e9glable offre un contr\u00f4le maximal.<\/p>\n<h3 class=\"text-lg font-bold text-text-100 mt-1 -mb-1.5\">D\u00e9tails de l'appareil<\/h3>\n<p class=\"whitespace-normal break-words\"><strong>Syst\u00e8me d'alimentation :<\/strong> 850 mAh int\u00e9gr\u00e9e (rechargeable)<br \/>\n<strong>Performances de la vapeur :<\/strong> Distribution coh\u00e9rente et optimis\u00e9e<br \/>\n<strong>volume de liquide :<\/strong> 14 ml pr\u00eat \u00e0 l'emploi<br \/>\n<strong>S\u00e9lection de la nicotine :<\/strong> Disponible en 0%, 2%, 3% ou 5%<br \/>\n<strong>Nombre de vapeurs :<\/strong> Environ 7 000 trains possibles<br \/>\n<strong>Syst\u00e8me de circulation d'air :<\/strong> Ventilation r\u00e9glable individuellement<br \/>\n<strong>Caract\u00e9ristique optique :<\/strong> \u00c9clairage RVB int\u00e9gr\u00e9<\/p>\n<h3 class=\"text-lg font-bold text-text-100 mt-1 -mb-1.5\">D\u00e9couvrir plus de FUMOT VAPE chez vozolpuff<\/h3>\n<p class=\"whitespace-normal break-words\">Plongez dans notre <strong><a class=\"underline\" href=\"https:\/\/vozolpuff.de\/fr\/\">Le paradis des cigarettes \u00e9lectroniques<\/a><\/strong> avec encore plus d'options haut de gamme, d\u00e9couvrez l'innovante <strong><a class=\"underline\" href=\"https:\/\/vozolpuff.de\/fr\/product-category\/fumot-vape\/\">Technologie FUMOT VAPE<\/a><\/strong> ou essayez d'autres <strong><a class=\"underline\" href=\"https:\/\/vozolpuff.de\/fr\/product-category\/fumot-vape\/randm-tornado-7000\/\">Combinaisons RandM Tornado 7000<\/a><\/strong>.<\/p>","protected":false},"excerpt":{"rendered":"<div>\n<div class=\"grid-cols-1 grid gap-2.5 [&amp;_&gt;_*]:min-w-0 !gap-3.5\">\n<p class=\"whitespace-normal break-words\">Entdecken Sie die aufregende Geschmacksfusion der RandM Tornado 7000 Blue Razz Cherry Einweg-Vape. Die innovative Kombination aus intensiv s\u00fc\u00dfen blauen Himbeeren und klassischen Kirschen kreiert ein unwiderstehliches Geschmackserlebnis. Mit robustem 850mAh Akku, 14ml Tank und 7000 einzigartigen Z\u00fcgen.<\/p>\n<\/div>\n<\/div>\n<div class=\"h-8\"><\/div>\n","protected":false},"featured_media":3951,"comment_status":"open","ping_status":"closed","template":"","meta":{"_acf_changed":false},"product_brand":[],"product_cat":[50],"product_tag":[],"class_list":{"0":"post-3947","1":"product","2":"type-product","3":"status-publish","4":"has-post-thumbnail","6":"product_cat-randm-tornado-7000","8":"first","9":"instock","10":"shipping-taxable","11":"purchasable","12":"product-type-variable"},"acf":[],"_links":{"self":[{"href":"https:\/\/vozolpuff.de\/fr\/wp-json\/wp\/v2\/product\/3947","targetHints":{"allow":["GET"]}}],"collection":[{"href":"https:\/\/vozolpuff.de\/fr\/wp-json\/wp\/v2\/product"}],"about":[{"href":"https:\/\/vozolpuff.de\/fr\/wp-json\/wp\/v2\/types\/product"}],"replies":[{"embeddable":true,"href":"https:\/\/vozolpuff.de\/fr\/wp-json\/wp\/v2\/comments?post=3947"}],"wp:featuredmedia":[{"embeddable":true,"href":"https:\/\/vozolpuff.de\/fr\/wp-json\/wp\/v2\/media\/3951"}],"wp:attachment":[{"href":"https:\/\/vozolpuff.de\/fr\/wp-json\/wp\/v2\/media?parent=3947"}],"wp:term":[{"taxonomy":"product_brand","embeddable":true,"href":"https:\/\/vozolpuff.de\/fr\/wp-json\/wp\/v2\/product_brand?post=3947"},{"taxonomy":"product_cat","embeddable":true,"href":"https:\/\/vozolpuff.de\/fr\/wp-json\/wp\/v2\/product_cat?post=3947"},{"taxonomy":"product_tag","embeddable":true,"href":"https:\/\/vozolpuff.de\/fr\/wp-json\/wp\/v2\/product_tag?post=3947"}],"curies":[{"name":"wp","href":"https:\/\/api.w.org\/{rel}","templated":true}]}}