{"id":3956,"date":"2025-09-10T06:03:10","date_gmt":"2025-09-10T04:03:10","guid":{"rendered":"https:\/\/vozolpuff.de\/?post_type=product&#038;p=3956"},"modified":"2025-09-10T06:03:10","modified_gmt":"2025-09-10T04:03:10","slug":"randm-tornado-7000-skittles","status":"publish","type":"product","link":"https:\/\/vozolpuff.de\/fr\/produit\/randm-tornado-7000-skittles\/","title":{"rendered":"RandM Tornado 7000 Skittles"},"content":{"rendered":"<h2 class=\"text-xl font-bold text-text-100 mt-1 -mb-0.5\">Cigarette \u00e9lectronique jetable RandM Tornado 7000 Skittles<\/h2>\n<p class=\"whitespace-normal break-words\">Go\u00fbtez \u00e0 l'arc-en-ciel avec la saveur Skittles de la RandM Tornado 7000. Cette interpr\u00e9tation nostalgique des bonbons apporte le m\u00e9lange embl\u00e9matique de diff\u00e9rents ar\u00f4mes de fruits directement dans votre exp\u00e9rience de vapotage et r\u00e9veille des souvenirs d'enfance \u00e0 chaque bouff\u00e9e. Cet appareil jetable \u00e0 la pointe de la technologie offre 7 000 bouff\u00e9es exceptionnelles de saveurs color\u00e9es, aliment\u00e9es par une batterie lithium 850 mAh longue dur\u00e9e. La grande capacit\u00e9 de 14 ml d'e-liquide garantit des semaines de plaisir sans entretien. L'activation par inhalation sans effort r\u00e9agit imm\u00e9diatement \u00e0 chaque bouff\u00e9e, tandis que la fonction de d\u00e9bit d'air r\u00e9glable permet de personnaliser vos pr\u00e9f\u00e9rences en mati\u00e8re de vapeur.<\/p>\n<h3 class=\"text-lg font-bold text-text-100 mt-1 -mb-1.5\">Caract\u00e9ristiques du mat\u00e9riel<\/h3>\n<p class=\"whitespace-normal break-words\"><strong>Source d'\u00e9nergie :<\/strong> 850 mAh fixe (rechargeable)<br \/>\n<strong>Production de vapeur :<\/strong> Fonctionnement fiable et continu<br \/>\n<strong>Capacit\u00e9 du r\u00e9servoir :<\/strong> 14 ml enti\u00e8rement pr\u00e9par\u00e9<br \/>\n<strong>Taux de nicotine :<\/strong> 0%, 2%, 3% ou 5% au choix<br \/>\n<strong>Capacit\u00e9 du tampon :<\/strong> Environ 7 000 inhalations<br \/>\n<strong>Fonction de ventilation :<\/strong> R\u00e9glage variable du d\u00e9bit d'air<br \/>\n<strong>Spectacle lumineux :<\/strong> \u00c9clairage RVB multicolore<\/p>\n<h3 class=\"text-lg font-bold text-text-100 mt-1 -mb-1.5\">D\u00e9couvrir plus de FUMOT VAPE chez vozolpuff<\/h3>\n<p class=\"whitespace-normal break-words\">Explorez notre <strong><a class=\"underline\" href=\"https:\/\/vozolpuff.de\/fr\/\">Assortiment de vape<\/a><\/strong> Pour encore plus de saveurs fantastiques, parcourez toute la gamme <strong><a class=\"underline\" href=\"https:\/\/vozolpuff.de\/fr\/product-category\/fumot-vape\/\">FUMOT VAPE Diversit\u00e9<\/a><\/strong> ou laissez-vous inspirer par d'autres <strong><a class=\"underline\" href=\"https:\/\/vozolpuff.de\/fr\/product-category\/fumot-vape\/randm-tornado-7000\/\">Points forts du RandM Tornado 7000<\/a><\/strong> surprendre.<\/p>","protected":false},"excerpt":{"rendered":"<div>\n<div class=\"grid-cols-1 grid gap-2.5 [&amp;_&gt;_*]:min-w-0 !gap-3.5\">\n<p class=\"whitespace-normal break-words\">Schmecken Sie den Regenbogen mit der RandM Tornado 7000 Skittles Einweg-Vape. Die nostalgische S\u00fc\u00dfwaren-Interpretation bringt die ikonische Mischung verschiedener Fruchtaromen direkt zu Ihnen und weckt Kindheitserinnerungen. Mit 850mAh Akku, 14ml Tank und 7000 bunten Z\u00fcgen plus RGB-Beleuchtung.<\/p>\n<\/div>\n<\/div>\n<div class=\"h-8\"><\/div>\n","protected":false},"featured_media":3960,"comment_status":"open","ping_status":"closed","template":"","meta":{"_acf_changed":false},"product_brand":[],"product_cat":[50],"product_tag":[],"class_list":{"0":"post-3956","1":"product","2":"type-product","3":"status-publish","4":"has-post-thumbnail","6":"product_cat-randm-tornado-7000","8":"first","9":"instock","10":"shipping-taxable","11":"purchasable","12":"product-type-variable"},"acf":[],"_links":{"self":[{"href":"https:\/\/vozolpuff.de\/fr\/wp-json\/wp\/v2\/product\/3956","targetHints":{"allow":["GET"]}}],"collection":[{"href":"https:\/\/vozolpuff.de\/fr\/wp-json\/wp\/v2\/product"}],"about":[{"href":"https:\/\/vozolpuff.de\/fr\/wp-json\/wp\/v2\/types\/product"}],"replies":[{"embeddable":true,"href":"https:\/\/vozolpuff.de\/fr\/wp-json\/wp\/v2\/comments?post=3956"}],"wp:featuredmedia":[{"embeddable":true,"href":"https:\/\/vozolpuff.de\/fr\/wp-json\/wp\/v2\/media\/3960"}],"wp:attachment":[{"href":"https:\/\/vozolpuff.de\/fr\/wp-json\/wp\/v2\/media?parent=3956"}],"wp:term":[{"taxonomy":"product_brand","embeddable":true,"href":"https:\/\/vozolpuff.de\/fr\/wp-json\/wp\/v2\/product_brand?post=3956"},{"taxonomy":"product_cat","embeddable":true,"href":"https:\/\/vozolpuff.de\/fr\/wp-json\/wp\/v2\/product_cat?post=3956"},{"taxonomy":"product_tag","embeddable":true,"href":"https:\/\/vozolpuff.de\/fr\/wp-json\/wp\/v2\/product_tag?post=3956"}],"curies":[{"name":"wp","href":"https:\/\/api.w.org\/{rel}","templated":true}]}}