{"id":4028,"date":"2025-09-10T10:33:36","date_gmt":"2025-09-10T08:33:36","guid":{"rendered":"https:\/\/vozolpuff.de\/?post_type=product&#038;p=4028"},"modified":"2025-09-10T10:33:36","modified_gmt":"2025-09-10T08:33:36","slug":"randm-tornado-7000-pacific-cooler","status":"publish","type":"product","link":"https:\/\/vozolpuff.de\/fr\/produit\/randm-tornado-7000-pacific-cooler\/","title":{"rendered":"RandM Tornado 7000 Pacific Cooler"},"content":{"rendered":"<h2 class=\"text-xl font-bold text-text-100 mt-1 -mb-0.5\">RandM Tornado 7000 Pacific Cooler Tropical Vape jetable<\/h2>\n<p class=\"whitespace-normal break-words\">Transportez-vous sous les tropiques avec le RandM Tornado 7000 Pacific Cooler. Ce m\u00e9lange exotique combine des fruits tropicaux rafra\u00eechissants et offre 7000 bouff\u00e9es de pur plaisir de vacances \u00e0 partir d'un r\u00e9servoir g\u00e9n\u00e9reux de 14 ml avec des options de nicotine allant de 0% \u00e0 5%.<\/p>\n<h3 class=\"text-lg font-bold text-text-100 mt-1 -mb-1.5\">Pacific Cooler Paradis tropical :<\/h3>\n<p class=\"whitespace-normal break-words\">Pacific Cooler incarne l'exp\u00e9rience tropicale ultime avec un m\u00e9lange soigneusement s\u00e9lectionn\u00e9 de fruits exotiques. Cette combinaison paradisiaque de saveurs est mise en valeur de mani\u00e8re optimale gr\u00e2ce \u00e0 la technologie pr\u00e9cise Mesh Coil et garantit une ambiance tropicale authentique.<\/p>\n<p class=\"whitespace-normal break-words\">La puissante batterie de 850 mAh avec fonction de recharge rapide de type C garantit une disponibilit\u00e9 continue, tandis que le contr\u00f4le pr\u00e9cis du d\u00e9bit d'air permet de personnaliser l'exp\u00e9rience de vapotage. Cette sophistication technique transforme chaque session en un voyage au paradis.<\/p>\n<p class=\"whitespace-normal break-words\">L'activation instantan\u00e9e et le bo\u00eetier \u00e9l\u00e9gant font de cette cigarette \u00e9lectronique l'\u00e9vasion parfaite pour les amateurs de saveurs tropicales qui exigent les plus hauts standards de qualit\u00e9.<\/p>\n<h3 class=\"text-lg font-bold text-text-100 mt-1 -mb-1.5\">\u00c9quipement Pacific Cooler :<\/h3>\n<p class=\"whitespace-normal break-words\">\u2611 Gamme de nicotine : 0%, 2%, 3%, 5%<br \/>\n\u2611 Capacit\u00e9 du r\u00e9servoir : 14 ml<br \/>\n\u2611 Autonomie : 7000<br \/>\n\u2611 R\u00e9glage du d\u00e9bit d'air<br \/>\n\u2611 Port de chargement Type-C<br \/>\n\u2611 Unit\u00e9 rechargeable de 850 mAh<br \/>\n\u2611 Vaporisation professionnelle par maille<\/p>\n<p class=\"whitespace-normal break-words\">D\u00e9couvrez notre gamme compl\u00e8te <strong><a class=\"underline\" href=\"https:\/\/vozolpuff.de\/fr\/\">Gamme en ligne<\/a><\/strong> ou d\u00e9couvrez l'exclusive <strong><a class=\"underline\" href=\"https:\/\/vozolpuff.de\/fr\/product-category\/fumot-vape\/\">Ligne de produits FUMOT VAPE<\/a><\/strong>. Tous les <strong><a class=\"underline\" href=\"https:\/\/vozolpuff.de\/fr\/product-category\/fumot-vape\/randm-tornado-7000\/\">Options d'ar\u00f4mes RandM Tornado 7000<\/a><\/strong> sont \u00e0 votre disposition.<\/p>","protected":false},"excerpt":{"rendered":"<p class=\"whitespace-normal break-words\">La vape jetable RandM Tornado 7000 Pacific Cooler vous emm\u00e8ne au paradis avec ses fruits tropicaux exotiques. 7000 bouff\u00e9es, 14 ml d'e-liquide, batterie rechargeable de 850 mAh avec charge de type C. R\u00e9sistance mesh pour des saveurs tropicales authentiques. Disponible en nicotine 0%, 2%, 3% et 5%.<\/p>\n<p class=\"whitespace-normal break-words\">","protected":false},"featured_media":4032,"comment_status":"open","ping_status":"closed","template":"","meta":{"_acf_changed":false},"product_brand":[],"product_cat":[50],"product_tag":[],"class_list":{"0":"post-4028","1":"product","2":"type-product","3":"status-publish","4":"has-post-thumbnail","6":"product_cat-randm-tornado-7000","8":"first","9":"instock","10":"shipping-taxable","11":"purchasable","12":"product-type-variable"},"acf":[],"_links":{"self":[{"href":"https:\/\/vozolpuff.de\/fr\/wp-json\/wp\/v2\/product\/4028","targetHints":{"allow":["GET"]}}],"collection":[{"href":"https:\/\/vozolpuff.de\/fr\/wp-json\/wp\/v2\/product"}],"about":[{"href":"https:\/\/vozolpuff.de\/fr\/wp-json\/wp\/v2\/types\/product"}],"replies":[{"embeddable":true,"href":"https:\/\/vozolpuff.de\/fr\/wp-json\/wp\/v2\/comments?post=4028"}],"wp:featuredmedia":[{"embeddable":true,"href":"https:\/\/vozolpuff.de\/fr\/wp-json\/wp\/v2\/media\/4032"}],"wp:attachment":[{"href":"https:\/\/vozolpuff.de\/fr\/wp-json\/wp\/v2\/media?parent=4028"}],"wp:term":[{"taxonomy":"product_brand","embeddable":true,"href":"https:\/\/vozolpuff.de\/fr\/wp-json\/wp\/v2\/product_brand?post=4028"},{"taxonomy":"product_cat","embeddable":true,"href":"https:\/\/vozolpuff.de\/fr\/wp-json\/wp\/v2\/product_cat?post=4028"},{"taxonomy":"product_tag","embeddable":true,"href":"https:\/\/vozolpuff.de\/fr\/wp-json\/wp\/v2\/product_tag?post=4028"}],"curies":[{"name":"wp","href":"https:\/\/api.w.org\/{rel}","templated":true}]}}