{"id":4046,"date":"2025-09-10T10:38:57","date_gmt":"2025-09-10T08:38:57","guid":{"rendered":"https:\/\/vozolpuff.de\/?post_type=product&#038;p=4046"},"modified":"2025-09-10T10:38:57","modified_gmt":"2025-09-10T08:38:57","slug":"randm-tornado-7000-bingo-crush","status":"publish","type":"product","link":"https:\/\/vozolpuff.de\/fr\/produit\/randm-tornado-7000-bingo-crush\/","title":{"rendered":"RandM Tornado 7000 Bingo Crush"},"content":{"rendered":"<h2 class=\"text-xl font-bold text-text-100 mt-1 -mb-0.5\">RandM Tornado 7000 Bingo Crush Douce inspiration gaming Vape<\/h2>\n<p class=\"whitespace-normal break-words\">D\u00e9couvrez la douceur ludique avec le RandM Tornado 7000 Bingo Crush. Cette cr\u00e9ation gustative espi\u00e8gle combine des ar\u00f4mes de bonbons color\u00e9s et offre 7000 bouff\u00e9es de plaisir \u00e0 partir d'un r\u00e9servoir de 14 ml avec des variantes de nicotine allant de 0% \u00e0 5%.<\/p>\n<h3 class=\"text-lg font-bold text-text-100 mt-1 -mb-1.5\">Bingo Crush Candy Adventure :<\/h3>\n<p class=\"whitespace-normal break-words\">Bingo Crush vous emm\u00e8ne dans un monde de bonbons color\u00e9s avec un m\u00e9lange passionnant de diff\u00e9rentes saveurs de bonbons. Cette combinaison ludique de saveurs est reproduite avec pr\u00e9cision gr\u00e2ce \u00e0 la technologie innovante Mesh Coil et procure une nostalgie authentique des confiseries.<\/p>\n<p class=\"whitespace-normal break-words\">La puissante batterie de 850 mAh avec fonction de charge moderne de type C garantit une disponibilit\u00e9 permanente, tandis que le contr\u00f4le variable du d\u00e9bit d'air permet une personnalisation parfaite. Cette excellence technique fait de chaque bouff\u00e9e un plaisir sucr\u00e9.<\/p>\n<p class=\"whitespace-normal break-words\">La fonction \u00ab Draw-to-Activate \u00bb facile \u00e0 utiliser et le design attrayant font de cette cigarette \u00e9lectronique le compagnon id\u00e9al pour tous ceux qui appr\u00e9cient \u00e0 la fois les saveurs sucr\u00e9es et ludiques et la technologie moderne.<\/p>\n<h3 class=\"text-lg font-bold text-text-100 mt-1 -mb-1.5\">Caract\u00e9ristiques du produit Bingo Crush :<\/h3>\n<p class=\"whitespace-normal break-words\">\u2611 Options de nicotine : 0%, 2%, 3%, 5%<br \/>\n\u2611 Quantit\u00e9 de liquide : 14 ml<br \/>\n\u2611 Nombre de tractions : 7000 par unit\u00e9<br \/>\n\u2611 D\u00e9bit d'air r\u00e9glable<br \/>\n\u2611 Recharge Type-C<br \/>\n\u2611 Batterie int\u00e9gr\u00e9e de 850 mAh<br \/>\n\u2611 Structure Premium Mesh-Coil<\/p>\n<p class=\"whitespace-normal break-words\">D\u00e9couvrez notre gamme compl\u00e8te <strong><a class=\"underline\" href=\"https:\/\/vozolpuff.de\/fr\/\">portefeuille de produits<\/a><\/strong> ou explorer l'innovante <strong><a class=\"underline\" href=\"https:\/\/vozolpuff.de\/fr\/product-category\/fumot-vape\/\">Cat\u00e9gorie FUMOT VAPE<\/a><\/strong>. L'ensemble des <strong><a class=\"underline\" href=\"https:\/\/vozolpuff.de\/fr\/product-category\/fumot-vape\/randm-tornado-7000\/\">RandM Tornado 7000 Univers des ar\u00f4mes<\/a><\/strong> vous attend pour un voyage d\u00e9couverte.<\/p>","protected":false},"excerpt":{"rendered":"<p class=\"whitespace-normal break-words\">La vape jetable RandM Tornado 7000 Bingo Crush offre des ar\u00f4mes de bonbons ludiques pour une aventure color\u00e9e. 7000 bouff\u00e9es, 14 ml d'e-liquide, batterie rechargeable de 850 mAh avec charge de type C. Bobine Mesh pour une nostalgie authentique des bonbons. Disponible en nicotine 0%, 2%, 3% et 5%.<\/p>\n<p class=\"whitespace-normal break-words\">","protected":false},"featured_media":4049,"comment_status":"open","ping_status":"closed","template":"","meta":{"_acf_changed":false},"product_brand":[],"product_cat":[50],"product_tag":[],"class_list":{"0":"post-4046","1":"product","2":"type-product","3":"status-publish","4":"has-post-thumbnail","6":"product_cat-randm-tornado-7000","8":"first","9":"instock","10":"shipping-taxable","11":"purchasable","12":"product-type-variable"},"acf":[],"_links":{"self":[{"href":"https:\/\/vozolpuff.de\/fr\/wp-json\/wp\/v2\/product\/4046","targetHints":{"allow":["GET"]}}],"collection":[{"href":"https:\/\/vozolpuff.de\/fr\/wp-json\/wp\/v2\/product"}],"about":[{"href":"https:\/\/vozolpuff.de\/fr\/wp-json\/wp\/v2\/types\/product"}],"replies":[{"embeddable":true,"href":"https:\/\/vozolpuff.de\/fr\/wp-json\/wp\/v2\/comments?post=4046"}],"wp:featuredmedia":[{"embeddable":true,"href":"https:\/\/vozolpuff.de\/fr\/wp-json\/wp\/v2\/media\/4049"}],"wp:attachment":[{"href":"https:\/\/vozolpuff.de\/fr\/wp-json\/wp\/v2\/media?parent=4046"}],"wp:term":[{"taxonomy":"product_brand","embeddable":true,"href":"https:\/\/vozolpuff.de\/fr\/wp-json\/wp\/v2\/product_brand?post=4046"},{"taxonomy":"product_cat","embeddable":true,"href":"https:\/\/vozolpuff.de\/fr\/wp-json\/wp\/v2\/product_cat?post=4046"},{"taxonomy":"product_tag","embeddable":true,"href":"https:\/\/vozolpuff.de\/fr\/wp-json\/wp\/v2\/product_tag?post=4046"}],"curies":[{"name":"wp","href":"https:\/\/api.w.org\/{rel}","templated":true}]}}