{"id":4243,"date":"2025-09-12T04:08:00","date_gmt":"2025-09-12T02:08:00","guid":{"rendered":"https:\/\/vozolpuff.de\/?post_type=product&#038;p=4243"},"modified":"2025-09-29T12:52:47","modified_gmt":"2025-09-29T10:52:47","slug":"waspe-aiviou-60000-watermelon-ice-strawberry-kiwi-lemon-lime","status":"publish","type":"product","link":"https:\/\/vozolpuff.de\/fr\/produit\/waspe-aiviou-60000-watermelon-ice-strawberry-kiwi-lemon-lime\/","title":{"rendered":"WASPE AIVIOU 60000 Watermelon Ice\/Strawberry Kiwi\/Lemon Lime"},"content":{"rendered":"<h2 class=\"text-xl font-bold text-text-100 mt-1 -mb-0.5\">WASPE AIVIOU 60000 Past\u00e8que glac\u00e9e\/Fraise kiwi\/Citron vert Vape jetable<\/h2>\n<p class=\"whitespace-normal break-words\">Le WASPE AIVIOU 60000, avec sa combinaison de saveurs Watermelon Ice, Strawberry Kiwi et Lemon Lime, offre trois exp\u00e9riences aromatiques uniques dans un appareil innovant. Avec une capacit\u00e9 impressionnante de 60 000 bouff\u00e9es, trois modes de saveur commutables et des concentrations de nicotine personnalisables de 0% \u00e0 5%, cette cigarette jetable haut de gamme allie polyvalence et performances de premier ordre. Le r\u00e9servoir g\u00e9n\u00e9reux de 54 ml d'e-liquide et l'affichage LED intelligent garantissent un plaisir de vapotage sans faille.<\/p>\n<h3 class=\"text-lg font-bold text-text-100 mt-1 -mb-1.5\">Triple diversit\u00e9 gustative<\/h3>\n<p class=\"whitespace-normal break-words\">Cette cigarette \u00e9lectronique jetable r\u00e9volutionnaire permet de passer librement entre trois ar\u00f4mes distincts : past\u00e8que rafra\u00eechissante avec effet rafra\u00eechissant, fusion tropicale fraise-kiwi et fra\u00eecheur vivifiante citron vert-agrumes. Chaque saveur est mise en valeur de mani\u00e8re optimale par des r\u00e9sistances mesh 0,9 \u03a9 s\u00e9par\u00e9es et offre une exp\u00e9rience de vapotage personnalis\u00e9e.<\/p>\n<p class=\"whitespace-normal break-words\">La batterie puissante de 650 mAh avec fonction de recharge rapide de type C garantit des performances fiables pour les trois saveurs. L'\u00e9cran intelligent affiche en permanence l'autonomie de la batterie et le niveau de remplissage de chaque r\u00e9servoir d'ar\u00f4me.<\/p>\n<h3 class=\"text-lg font-bold text-text-100 mt-1 -mb-1.5\">D\u00e9couvrir plus de WASPE VAPE chez vozolpuff<\/h3>\n<p class=\"whitespace-normal break-words\">D\u00e9couvrez d'autres produits vapeur de qualit\u00e9 dans notre <strong><a class=\"underline\" href=\"https:\/\/vozolpuff.de\/fr\/\">Boutique en ligne d'e-cigarettes<\/a><\/strong>Explorez l'ensemble de la <strong><a class=\"underline\" href=\"https:\/\/vozolpuff.de\/fr\/product-category\/waspe-vape\/\">Collection WASPE VAPE<\/a><\/strong> ou choisir parmi l'ensemble des <strong><a class=\"underline\" href=\"https:\/\/vozolpuff.de\/fr\/product-category\/waspe-vape\/waspe-aiviou-60000\/\">WASPE AIVIOU 60000 Palette de saveurs<\/a><\/strong>.<\/p>","protected":false},"excerpt":{"rendered":"<div>\n<div class=\"grid-cols-1 grid gap-2.5 [&amp;_&gt;_*]:min-w-0 !gap-3.5\">\n<p class=\"whitespace-normal break-words\">Die WASPE AIVIOU 60000 Watermelon Ice\/Strawberry Kiwi\/Lemon Lime Einweg-Vape vereint drei Premium-Aromen in einem Ger\u00e4t. 60.000 Z\u00fcge Kapazit\u00e4t, umschaltbare Modi, 54ml E-Liquid-Tank, 0-5% Nikotin und 650mAh Akku mit Type-C Ladefunktion f\u00fcr ultimativen Dampfgenuss.<\/p>\n<\/div>\n<\/div>\n<div class=\"h-8\"><\/div>\n","protected":false},"featured_media":4246,"comment_status":"open","ping_status":"closed","template":"","meta":{"_acf_changed":false},"product_brand":[],"product_cat":[53],"product_tag":[],"class_list":{"0":"post-4243","1":"product","2":"type-product","3":"status-publish","4":"has-post-thumbnail","6":"product_cat-waspe-aiviou-60000","8":"first","9":"instock","10":"shipping-taxable","11":"purchasable","12":"product-type-variable"},"acf":[],"_links":{"self":[{"href":"https:\/\/vozolpuff.de\/fr\/wp-json\/wp\/v2\/product\/4243","targetHints":{"allow":["GET"]}}],"collection":[{"href":"https:\/\/vozolpuff.de\/fr\/wp-json\/wp\/v2\/product"}],"about":[{"href":"https:\/\/vozolpuff.de\/fr\/wp-json\/wp\/v2\/types\/product"}],"replies":[{"embeddable":true,"href":"https:\/\/vozolpuff.de\/fr\/wp-json\/wp\/v2\/comments?post=4243"}],"wp:featuredmedia":[{"embeddable":true,"href":"https:\/\/vozolpuff.de\/fr\/wp-json\/wp\/v2\/media\/4246"}],"wp:attachment":[{"href":"https:\/\/vozolpuff.de\/fr\/wp-json\/wp\/v2\/media?parent=4243"}],"wp:term":[{"taxonomy":"product_brand","embeddable":true,"href":"https:\/\/vozolpuff.de\/fr\/wp-json\/wp\/v2\/product_brand?post=4243"},{"taxonomy":"product_cat","embeddable":true,"href":"https:\/\/vozolpuff.de\/fr\/wp-json\/wp\/v2\/product_cat?post=4243"},{"taxonomy":"product_tag","embeddable":true,"href":"https:\/\/vozolpuff.de\/fr\/wp-json\/wp\/v2\/product_tag?post=4243"}],"curies":[{"name":"wp","href":"https:\/\/api.w.org\/{rel}","templated":true}]}}