{"id":4268,"date":"2025-09-12T04:19:20","date_gmt":"2025-09-12T02:19:20","guid":{"rendered":"https:\/\/vozolpuff.de\/?post_type=product&#038;p=4268"},"modified":"2025-09-29T12:52:13","modified_gmt":"2025-09-29T10:52:13","slug":"waspe-aiviou-60000-strawberry-raspberry-cherry-love-666-cherry-candy-ice","status":"publish","type":"product","link":"https:\/\/vozolpuff.de\/fr\/produit\/waspe-aiviou-60000-strawberry-raspberry-cherry-love-666-cherry-candy-ice\/","title":{"rendered":"WASPE AIVIOU 60000 Strawberry Raspberry Cherry\/Love 666\/Cherry Candy Ice"},"content":{"rendered":"<h2 class=\"text-xl font-bold text-text-100 mt-1 -mb-0.5\">WASPE AIVIOU 60000 Strawberry Raspberry Cherry\/Love 666\/Cherry Candy Ice Vaporisateur jetable<\/h2>\n<p class=\"whitespace-normal break-words\">D\u00e9couvrez trois compositions gustatives intenses avec la WASPE AIVIOU 60000 dans les variantes Strawberry Raspberry Cherry, Love 666 et Cherry Candy Ice. Cette e-cigarette jetable exceptionnelle offre 60.000 bouff\u00e9es au go\u00fbt intense gr\u00e2ce \u00e0 une architecture ultramoderne \u00e0 triple coil et des taux de nicotine variables de 0% \u00e0 5%. Le r\u00e9servoir de liquide volumineux de 54 ml et l'\u00e9cran LED convivial permettent un plaisir de vapotage individuel sans compromis.<\/p>\n<h3 class=\"text-lg font-bold text-text-100 mt-1 -mb-1.5\">Combinaisons d'ar\u00f4mes intenses<\/h3>\n<p class=\"whitespace-normal break-words\">L'innovation avanc\u00e9e \u00e0 triple saveur pr\u00e9sente un m\u00e9lange harmonieux de fraise, de framboise et de cerise, le myst\u00e9rieux profil de saveur Love 666 et des bonbons \u00e0 la cerise sucr\u00e9s avec une finale rafra\u00eechissante. Chaque ar\u00f4me est parfaitement \u00e9quilibr\u00e9 par des vaporisateurs optimis\u00e9s en maille 0,9\u03a9 et fournit des nuances de go\u00fbt authentiques.<\/p>\n<p class=\"whitespace-normal break-words\">Avec une capacit\u00e9 de batterie de 650mAh et une charge rapide de type C, cet appareil offre une fiabilit\u00e9 maximale pour les trois profils de go\u00fbt. Le monitoring intelligent vous tient au courant de l'\u00e9tat de chaque r\u00e9servoir d'ar\u00f4mes.<\/p>\n<h3 class=\"text-lg font-bold text-text-100 mt-1 -mb-1.5\">D\u00e9couvrir plus de WASPE VAPE chez vozolpuff<\/h3>\n<p class=\"whitespace-normal break-words\">Trouvez d'autres produits de vape exclusifs dans notre <strong><a class=\"underline\" href=\"https:\/\/vozolpuff.de\/fr\/\">Boutique vapeur<\/a><\/strong>consultez la liste compl\u00e8te des <strong><a class=\"underline\" href=\"https:\/\/vozolpuff.de\/fr\/product-category\/waspe-vape\/\">Collection WASPE VAPE<\/a><\/strong> ou choisir parmi l'ensemble des <strong><a class=\"underline\" href=\"https:\/\/vozolpuff.de\/fr\/product-category\/waspe-vape\/waspe-aiviou-60000\/\">WASPE AIVIOU 60000 Diversit\u00e9 des saveurs<\/a><\/strong>.<\/p>","protected":false},"excerpt":{"rendered":"<div>\n<div class=\"grid-cols-1 grid gap-2.5 [&amp;_&gt;_*]:min-w-0 !gap-3.5\">\n<p class=\"whitespace-normal break-words\">Die WASPE AIVIOU 60000 Strawberry Raspberry Cherry\/Love 666\/Cherry Candy Ice Einweg-Vape bietet drei intensive Geschmackskompositionen. 60.000 Z\u00fcge, Dreifach-Coil-Architektur, 54ml Tank, 0-5% Nikotin und 650mAh Akku f\u00fcr authentischen Genuss.<\/p>\n<\/div>\n<\/div>\n<div class=\"h-8\"><\/div>\n","protected":false},"featured_media":4270,"comment_status":"open","ping_status":"closed","template":"","meta":{"_acf_changed":false},"product_brand":[],"product_cat":[53],"product_tag":[],"class_list":{"0":"post-4268","1":"product","2":"type-product","3":"status-publish","4":"has-post-thumbnail","6":"product_cat-waspe-aiviou-60000","8":"first","9":"instock","10":"shipping-taxable","11":"purchasable","12":"product-type-variable"},"acf":[],"_links":{"self":[{"href":"https:\/\/vozolpuff.de\/fr\/wp-json\/wp\/v2\/product\/4268","targetHints":{"allow":["GET"]}}],"collection":[{"href":"https:\/\/vozolpuff.de\/fr\/wp-json\/wp\/v2\/product"}],"about":[{"href":"https:\/\/vozolpuff.de\/fr\/wp-json\/wp\/v2\/types\/product"}],"replies":[{"embeddable":true,"href":"https:\/\/vozolpuff.de\/fr\/wp-json\/wp\/v2\/comments?post=4268"}],"wp:featuredmedia":[{"embeddable":true,"href":"https:\/\/vozolpuff.de\/fr\/wp-json\/wp\/v2\/media\/4270"}],"wp:attachment":[{"href":"https:\/\/vozolpuff.de\/fr\/wp-json\/wp\/v2\/media?parent=4268"}],"wp:term":[{"taxonomy":"product_brand","embeddable":true,"href":"https:\/\/vozolpuff.de\/fr\/wp-json\/wp\/v2\/product_brand?post=4268"},{"taxonomy":"product_cat","embeddable":true,"href":"https:\/\/vozolpuff.de\/fr\/wp-json\/wp\/v2\/product_cat?post=4268"},{"taxonomy":"product_tag","embeddable":true,"href":"https:\/\/vozolpuff.de\/fr\/wp-json\/wp\/v2\/product_tag?post=4268"}],"curies":[{"name":"wp","href":"https:\/\/api.w.org\/{rel}","templated":true}]}}