{"id":585,"date":"2025-08-23T12:07:59","date_gmt":"2025-08-23T10:07:59","guid":{"rendered":"https:\/\/vozolpuff.de\/?post_type=product&#038;p=585"},"modified":"2026-01-15T12:00:09","modified_gmt":"2026-01-15T11:00:09","slug":"vozol-star-40000-strawmelon-peach","status":"publish","type":"product","link":"https:\/\/vozolpuff.de\/fr\/produit\/vozol-star-40000-strawmelon-peach\/","title":{"rendered":"VOZOL STAR 40000 Strawmelon P\u00eache"},"content":{"rendered":"<h2 class=\"text-xl font-bold text-text-100 mt-1 -mb-0.5\">VOZOL STAR 40000 Strawmelon Peach Vaporisateur jetable<\/h2>\n<p class=\"whitespace-normal break-words\">D\u00e9couvrez la triple explosion de fruits avec la <strong>VOZOL STAR 40000 Strawmelon P\u00eache<\/strong>. Cette e-cigarette jetable exceptionnelle associe fraise, past\u00e8que et p\u00eache dans une composition de go\u00fbt harmonieuse avec jusqu'\u00e0 <strong>40 000 trains<\/strong>.<\/p>\n<h3 class=\"text-lg font-bold text-text-100 mt-1 -mb-1.5\">Triple harmonie de fruits<\/h3>\n<p class=\"whitespace-normal break-words\"><strong>notes de go\u00fbt :<\/strong> fraise, past\u00e8que, p\u00eache<br \/>\n<strong>Trains :<\/strong> Jusqu'\u00e0 40 000 bouff\u00e9es<br \/>\n<strong>Puissance de la batterie :<\/strong> Batterie haute capacit\u00e9 de 1000mAh<br \/>\n<strong>la nicotine :<\/strong> 50mg\/ml<\/p>\n<p class=\"whitespace-normal break-words\">Cette combinaison triple unique offre une profondeur de go\u00fbt au plus haut niveau. Des fraises sucr\u00e9es, une past\u00e8que juteuse et une p\u00eache velout\u00e9e se compl\u00e8tent pour offrir une exp\u00e9rience de vapotage cors\u00e9e, fournie en permanence par la puissante batterie.<\/p>\n<h3 class=\"text-lg font-bold text-text-100 mt-1 -mb-1.5\">Une exp\u00e9rience aromatique complexe<\/h3>\n<p class=\"whitespace-normal break-words\">Ce <strong>Cigarette \u00e9lectronique jetable Strawmelon Peach<\/strong> s'adresse aux vapoteurs exigeants qui appr\u00e9cient la diversit\u00e9 des go\u00fbts. La composition aromatique complexe se d\u00e9veloppe \u00e0 chaque bouff\u00e9e.<\/p>\n<p class=\"whitespace-normal break-words\"><strong>Particularit\u00e9s :<\/strong> M\u00e9lange de fruits complexe, d\u00e9veloppement de saveurs multiples, long\u00e9vit\u00e9 extr\u00eame, utilisation sans effort et qualit\u00e9 de construction premium VOZOL.<\/p>\n<p class=\"whitespace-normal break-words\">D\u00e9couvrez notre <strong><a class=\"underline\" href=\"https:\/\/vozolpuff.de\/fr\/\">Univers de la vape<\/a><\/strong>, plongez dans la <strong><a class=\"underline\" href=\"https:\/\/vozolpuff.de\/fr\/product-category\/vozol-vape\/\">Le monde de VOZOL VAPE<\/a><\/strong> ou explorer d'autres <strong><a class=\"underline\" href=\"https:\/\/vozolpuff.de\/fr\/product-category\/vozol-vape\/vozol-star-40000\/\">Cr\u00e9ations de go\u00fbt VOZOL Star 40000<\/a><\/strong>.<\/p>","protected":false},"excerpt":{"rendered":"<p>La vape jetable VOZOL STAR 40000 Strawmelon Peach combine les fraises, la past\u00e8que et la p\u00eache pour cr\u00e9er une explosion harmonieuse de triples fruits. Cette e-cigarette jetable exceptionnelle offre jusqu'\u00e0 40.000 bouff\u00e9es, une batterie de 1000mAh et 50mg\/ml de nicotine. Une profondeur d'ar\u00f4me complexe pour les vapoteurs exigeants.<\/p>","protected":false},"featured_media":587,"comment_status":"open","ping_status":"closed","template":"","meta":{"_acf_changed":false},"product_brand":[],"product_cat":[29],"product_tag":[],"class_list":{"0":"post-585","1":"product","2":"type-product","3":"status-publish","4":"has-post-thumbnail","6":"product_cat-vozol-star-40000","8":"first","9":"instock","10":"shipping-taxable","11":"purchasable","12":"product-type-variable"},"acf":[],"_links":{"self":[{"href":"https:\/\/vozolpuff.de\/fr\/wp-json\/wp\/v2\/product\/585","targetHints":{"allow":["GET"]}}],"collection":[{"href":"https:\/\/vozolpuff.de\/fr\/wp-json\/wp\/v2\/product"}],"about":[{"href":"https:\/\/vozolpuff.de\/fr\/wp-json\/wp\/v2\/types\/product"}],"replies":[{"embeddable":true,"href":"https:\/\/vozolpuff.de\/fr\/wp-json\/wp\/v2\/comments?post=585"}],"wp:featuredmedia":[{"embeddable":true,"href":"https:\/\/vozolpuff.de\/fr\/wp-json\/wp\/v2\/media\/587"}],"wp:attachment":[{"href":"https:\/\/vozolpuff.de\/fr\/wp-json\/wp\/v2\/media?parent=585"}],"wp:term":[{"taxonomy":"product_brand","embeddable":true,"href":"https:\/\/vozolpuff.de\/fr\/wp-json\/wp\/v2\/product_brand?post=585"},{"taxonomy":"product_cat","embeddable":true,"href":"https:\/\/vozolpuff.de\/fr\/wp-json\/wp\/v2\/product_cat?post=585"},{"taxonomy":"product_tag","embeddable":true,"href":"https:\/\/vozolpuff.de\/fr\/wp-json\/wp\/v2\/product_tag?post=585"}],"curies":[{"name":"wp","href":"https:\/\/api.w.org\/{rel}","templated":true}]}}