{"id":6178,"date":"2025-10-09T09:17:27","date_gmt":"2025-10-09T07:17:27","guid":{"rendered":"https:\/\/vozolpuff.de\/?post_type=product&#038;p=6178"},"modified":"2025-10-09T09:17:27","modified_gmt":"2025-10-09T07:17:27","slug":"bang-king-30000-blueberry-ice-black-dragon-ice","status":"publish","type":"product","link":"https:\/\/vozolpuff.de\/fr\/produit\/bang-king-30000-blueberry-ice-black-dragon-ice\/","title":{"rendered":"Bang King 30000 Blueberry Ice\/Black Dragon Ice"},"content":{"rendered":"<h2 class=\"text-xl font-bold text-text-100 mt-1 -mb-0.5\">Bang King 30000 Blueberry Ice\/Black Dragon Ice Vape jetable<\/h2>\n<p class=\"whitespace-normal break-words\">La cigarette \u00e9lectronique jetable Bang King 30000 bouff\u00e9es, disponible en deux saveurs interchangeables, Blueberry Ice et Black Dragon Ice, offre jusqu'\u00e0 30 000 bouff\u00e9es gr\u00e2ce \u00e0 son g\u00e9n\u00e9reux r\u00e9servoir pr\u00e9rempli de 36 ml d'e-liquide. Choisissez entre des concentrations de nicotine de 0%, 2%, 3% ou 5% pour une exp\u00e9rience de vapotage personnalis\u00e9e. Aliment\u00e9e par une batterie de 550 mAh avec un d\u00e9bit d'air r\u00e9glable et une r\u00e9sistance Mesh Coil de 1,0 \u03a9, elle offre un go\u00fbt intense et une flexibilit\u00e9 maximale gr\u00e2ce \u00e0 deux ar\u00f4mes distincts dans un seul appareil.<\/p>\n<h3 class=\"text-lg font-bold text-text-100 mt-1 -mb-1.5\">Caract\u00e9ristiques principales du Bang King 30000 Blueberry Ice\/Black Dragon Ice :<\/h3>\n<p class=\"whitespace-normal break-words\">La Bang King 30000 Puffs avec \u00e9cran LCD et technologie Dual Flavor offre une exp\u00e9rience de vapotage exceptionnelle gr\u00e2ce \u00e0 son impressionnante capacit\u00e9 de 30 000 bouff\u00e9es. \u00c9quip\u00e9 d'une r\u00e9sistance mesh de 1,0 ohm et d'une capacit\u00e9 impressionnante de 36 ml d'e-liquide, cet appareil garantit une production de vapeur douce et r\u00e9guli\u00e8re et une utilisation durable sans recharges fr\u00e9quentes. Les utilisateurs peuvent choisir entre des concentrations de nicotine de 0%, 2%, 3% ou 5%.<\/p>\n<p class=\"whitespace-normal break-words\">Aliment\u00e9 par une batterie fiable de 550 mAh avec fonction de charge rapide de type C, le Bang King 30000 garantit des performances constantes et un temps d'arr\u00eat minimal. L'\u00e9cran LCD num\u00e9rique avanc\u00e9 affiche de mani\u00e8re pratique le niveau de la batterie et le niveau de e-liquide. La fonction double touche exceptionnelle vous permet de passer d'un ar\u00f4me \u00e0 l'autre : Blueberry Ice rafra\u00eechissant avec une finale menthol\u00e9e ou Black Dragon Ice intense pour une exp\u00e9rience de vapotage mystique.<\/p>\n<p class=\"whitespace-normal break-words\">Con\u00e7u aussi bien pour les d\u00e9butants que pour les vapoteurs exp\u00e9riment\u00e9s, le Bang King 30000 allie grande capacit\u00e9, simplicit\u00e9 d'utilisation et technologie avanc\u00e9e. La possibilit\u00e9 de passer d'un ar\u00f4me \u00e0 un autre compl\u00e8tement diff\u00e9rent fait de ce mod\u00e8le le choix id\u00e9al pour tous ceux qui appr\u00e9cient la vari\u00e9t\u00e9.<\/p>\n<h3 class=\"text-lg font-bold text-text-100 mt-1 -mb-1.5\">Donn\u00e9es techniques :<\/h3>\n<p class=\"whitespace-normal break-words\"><strong>Trains :<\/strong> Jusqu'\u00e0 30 000 bouff\u00e9es<br \/>\n<strong>Capacit\u00e9 de liquidit\u00e9 :<\/strong> 36 ml<br \/>\n<strong>la nicotine :<\/strong> 0%, 2%, 3%, 5%<br \/>\n<strong>Type<\/strong> jetable<br \/>\n<strong>Batterie rechargeable :<\/strong> Batterie 550 mAh<br \/>\n<strong>flux d'air :<\/strong> R\u00e9glable<br \/>\n<strong>R\u00e9sistance du filament chauffant :<\/strong> R\u00e9sistance Mesh 1,0 \u03a9<\/p>\n<h3 class=\"text-lg font-bold text-text-100 mt-1 -mb-1.5\">D\u00e9couvrir plus de BANG VAPE chez vozolpuff<\/h3>\n<p class=\"whitespace-normal break-words\">D\u00e9couvrez d'autres produits haut de gamme dans notre <strong><a class=\"underline\" href=\"https:\/\/vozolpuff.de\/fr\/\">Boutique en ligne d'e-cigarettes<\/a><\/strong>Explorez l'ensemble de la <strong><a class=\"underline\" href=\"https:\/\/vozolpuff.de\/fr\/product-category\/bang-vape\/\">Gamme de produits BANG VAPE<\/a><\/strong> ou parcourez tous les <strong><a class=\"underline\" href=\"https:\/\/vozolpuff.de\/fr\/product-category\/bang-vape\/bang-king-30000\/\">Bang King 30000 variantes aromatiques<\/a><\/strong> pour votre exp\u00e9rience parfaite de la vapeur.<\/p>","protected":false},"excerpt":{"rendered":"<p class=\"whitespace-normal break-words\">Double saveur dans un seul appareil avec la vape jetable Bang King 30000 Blueberry Ice\/Black Dragon Ice. Jusqu'\u00e0 30 000 bouff\u00e9es \u00e0 partir d'un r\u00e9servoir de 36 ml \u2013 passez d'une simple pression sur un bouton de la saveur rafra\u00eechissante Blueberry Ice \u00e0 l'intense Black Dragon Ice. Batterie 550 mAh avec charge rapide de type C, \u00e9cran LCD pour le niveau de batterie et de liquide. La r\u00e9sistance Mesh Coil 1,0 \u03a9 garantit un go\u00fbt uniforme. D\u00e9bit d'air r\u00e9glable et quatre concentrations de nicotine disponibles.<\/p>\n<p class=\"whitespace-normal break-words\">","protected":false},"featured_media":6180,"comment_status":"open","ping_status":"closed","template":"","meta":{"_acf_changed":false},"product_brand":[],"product_cat":[74],"product_tag":[],"class_list":{"0":"post-6178","1":"product","2":"type-product","3":"status-publish","4":"has-post-thumbnail","6":"product_cat-bang-king-30000","8":"first","9":"instock","10":"shipping-taxable","11":"purchasable","12":"product-type-variable"},"acf":[],"_links":{"self":[{"href":"https:\/\/vozolpuff.de\/fr\/wp-json\/wp\/v2\/product\/6178","targetHints":{"allow":["GET"]}}],"collection":[{"href":"https:\/\/vozolpuff.de\/fr\/wp-json\/wp\/v2\/product"}],"about":[{"href":"https:\/\/vozolpuff.de\/fr\/wp-json\/wp\/v2\/types\/product"}],"replies":[{"embeddable":true,"href":"https:\/\/vozolpuff.de\/fr\/wp-json\/wp\/v2\/comments?post=6178"}],"wp:featuredmedia":[{"embeddable":true,"href":"https:\/\/vozolpuff.de\/fr\/wp-json\/wp\/v2\/media\/6180"}],"wp:attachment":[{"href":"https:\/\/vozolpuff.de\/fr\/wp-json\/wp\/v2\/media?parent=6178"}],"wp:term":[{"taxonomy":"product_brand","embeddable":true,"href":"https:\/\/vozolpuff.de\/fr\/wp-json\/wp\/v2\/product_brand?post=6178"},{"taxonomy":"product_cat","embeddable":true,"href":"https:\/\/vozolpuff.de\/fr\/wp-json\/wp\/v2\/product_cat?post=6178"},{"taxonomy":"product_tag","embeddable":true,"href":"https:\/\/vozolpuff.de\/fr\/wp-json\/wp\/v2\/product_tag?post=6178"}],"curies":[{"name":"wp","href":"https:\/\/api.w.org\/{rel}","templated":true}]}}