{"id":628,"date":"2025-08-23T12:27:55","date_gmt":"2025-08-23T10:27:55","guid":{"rendered":"https:\/\/vozolpuff.de\/?post_type=product&#038;p=628"},"modified":"2026-04-28T09:12:08","modified_gmt":"2026-04-28T07:12:08","slug":"vozol-star-40000-tobacco","status":"publish","type":"product","link":"https:\/\/vozolpuff.de\/fr\/produit\/vozol-star-40000-tobacco\/","title":{"rendered":"VOZOL STAR 40000 Tabac"},"content":{"rendered":"<h2 class=\"text-xl font-bold text-text-100 mt-1 -mb-0.5\">VOZOL STAR 40000 Tobacco Vaporisateur jetable<\/h2>\n<p class=\"whitespace-normal break-words\">D\u00e9couvrez le plaisir classique du tabac avec la <strong>VOZOL STAR 40000 Tabac<\/strong>. Cette e-cigarette traditionnelle jetable offre un go\u00fbt de tabac authentique pour les vapoteurs puristes avec jusqu'\u00e0 <strong>40.000 traits de caract\u00e8re<\/strong>.<\/p>\n<h3 class=\"text-lg font-bold text-text-100 mt-1 -mb-1.5\">Ar\u00f4me de tabac classique<\/h3>\n<p class=\"whitespace-normal break-words\"><strong>saveur :<\/strong> Tabac authentique<br \/>\n<strong>Capacit\u00e9 :<\/strong> Jusqu'\u00e0 40.000 trains<br \/>\n<strong>\u00c9quipement de batterie :<\/strong> 1000mAh de puissance \u00e0 long terme<br \/>\n<strong>Taux de nicotine :<\/strong> 50mg\/ml<\/p>\n<p class=\"whitespace-normal break-words\">Le go\u00fbt classique du tabac convainc par son authenticit\u00e9 sans douceur artificielle. La batterie puissante garantit un d\u00e9veloppement constant du go\u00fbt et fait de cette e-cigarette une alternative parfaite pour les fumeurs traditionnels.<\/p>\n<h3 class=\"text-lg font-bold text-text-100 mt-1 -mb-1.5\">Le plaisir traditionnel de la vapeur<\/h3>\n<p class=\"whitespace-normal break-words\">Ce <strong>Cigarette \u00e9lectronique jetable Tobacco<\/strong> s'adresse aux puristes et aux personnes qui souhaitent changer de tabac et qui appr\u00e9cient le go\u00fbt familier du tabac. Sans ar\u00f4mes suppl\u00e9mentaires distrayants, le caract\u00e8re pur du tabac est au premier plan.<\/p>\n<p class=\"whitespace-normal break-words\"><strong>Caract\u00e9ristiques :<\/strong> Un ar\u00f4me de tabac authentique, une puret\u00e9 de go\u00fbt, une port\u00e9e extraordinaire, une utilisation sans probl\u00e8me et une tradition de production VOZOL \u00e9prouv\u00e9e.<\/p>\n<p class=\"whitespace-normal break-words\">Visitez notre <strong><a class=\"underline\" href=\"https:\/\/vozolpuff.de\/fr\/\">Boutique traditionnelle de vapotage<\/a><\/strong>, D\u00e9couvrez la m\u00e9thode \u00e9prouv\u00e9e <strong><a class=\"underline\" href=\"https:\/\/vozolpuff.de\/fr\/product-category\/vozol-vape\/\">La qualit\u00e9 VOZOL VAPE<\/a><\/strong> ou choisissez dans la liste compl\u00e8te <strong><a class=\"underline\" href=\"https:\/\/vozolpuff.de\/fr\/product-category\/vozol-vape\/vozol-star-40000\/\">VOZOL Star 40000 Gamme<\/a><\/strong>..<\/p>","protected":false},"excerpt":{"rendered":"<p>La vape jetable VOZOL STAR 40000 Tobacco offre un go\u00fbt de tabac authentique pour les vapoteurs puristes et les fumeurs traditionnels. Cette e-cigarette classique jetable fournit jusqu'\u00e0 40.000 bouff\u00e9es, 1000mAh de batterie longue dur\u00e9e et 50mg\/ml de nicotine. Une pure clart\u00e9 de go\u00fbt sans douceur artificielle ni ar\u00f4mes suppl\u00e9mentaires.<\/p>","protected":false},"featured_media":630,"comment_status":"open","ping_status":"closed","template":"","meta":{"_acf_changed":false},"product_brand":[],"product_cat":[29],"product_tag":[],"class_list":{"0":"post-628","1":"product","2":"type-product","3":"status-publish","4":"has-post-thumbnail","6":"product_cat-vozol-star-40000","8":"first","9":"instock","10":"shipping-taxable","11":"purchasable","12":"product-type-variable"},"acf":[],"_links":{"self":[{"href":"https:\/\/vozolpuff.de\/fr\/wp-json\/wp\/v2\/product\/628","targetHints":{"allow":["GET"]}}],"collection":[{"href":"https:\/\/vozolpuff.de\/fr\/wp-json\/wp\/v2\/product"}],"about":[{"href":"https:\/\/vozolpuff.de\/fr\/wp-json\/wp\/v2\/types\/product"}],"replies":[{"embeddable":true,"href":"https:\/\/vozolpuff.de\/fr\/wp-json\/wp\/v2\/comments?post=628"}],"wp:featuredmedia":[{"embeddable":true,"href":"https:\/\/vozolpuff.de\/fr\/wp-json\/wp\/v2\/media\/630"}],"wp:attachment":[{"href":"https:\/\/vozolpuff.de\/fr\/wp-json\/wp\/v2\/media?parent=628"}],"wp:term":[{"taxonomy":"product_brand","embeddable":true,"href":"https:\/\/vozolpuff.de\/fr\/wp-json\/wp\/v2\/product_brand?post=628"},{"taxonomy":"product_cat","embeddable":true,"href":"https:\/\/vozolpuff.de\/fr\/wp-json\/wp\/v2\/product_cat?post=628"},{"taxonomy":"product_tag","embeddable":true,"href":"https:\/\/vozolpuff.de\/fr\/wp-json\/wp\/v2\/product_tag?post=628"}],"curies":[{"name":"wp","href":"https:\/\/api.w.org\/{rel}","templated":true}]}}