{"id":767,"date":"2025-08-24T09:33:43","date_gmt":"2025-08-24T07:33:43","guid":{"rendered":"https:\/\/vozolpuff.de\/?post_type=product&#038;p=767"},"modified":"2026-01-15T12:17:36","modified_gmt":"2026-01-15T11:17:36","slug":"vozol-vista-40000-blueberry-ice","status":"publish","type":"product","link":"https:\/\/vozolpuff.de\/fr\/produit\/vozol-vista-40000-blueberry-ice\/","title":{"rendered":"Vozol Vista 40000 Blueberry Ice"},"content":{"rendered":"<h2 class=\"text-2xl font-bold mt-1 text-text-100\">Vozol Vista 40000 Blueberry Ice Vape jetable<\/h2>\n<p class=\"whitespace-normal break-words\">Le site <strong>Vozol Vista 40000 Blueberry Ice<\/strong> red\u00e9finit le vapotage haut de gamme avec un ar\u00f4me authentique de myrtille et une fra\u00eecheur rafra\u00eechissante. Cette cigarette \u00e9lectronique jetable rechargeable \u00e0 la pointe de la technologie dispose d'une batterie robuste de 1000 mAh avec fonction de charge rapide USB-C. Profitez de jusqu'\u00e0 <strong>40 000 bouff\u00e9es riches en saveur<\/strong> Gr\u00e2ce au syst\u00e8me r\u00e9volutionnaire Dual Mesh Coil avec technologie S.i.L.C, combin\u00e9 \u00e0 un r\u00e9glage de puissance \u00e0 4 niveaux et \u00e0 un double contr\u00f4le du d\u00e9bit d'air.<\/p>\n<h3 class=\"text-xl font-bold text-text-100 mt-1 -mb-0.5\">Blueberry Ice Vista 40000 Caract\u00e9ristiques techniques :<\/h3>\n<p class=\"whitespace-normal break-words\"><strong>Batterie haute capacit\u00e9 1000 mAh :<\/strong> Une alimentation longue dur\u00e9e avec recharge rapide Type-C pour une dur\u00e9e d'utilisation maximale<\/p>\n<p class=\"whitespace-normal break-words\"><strong>R\u00e9gulateur de d\u00e9bit d'air \u00e0 deux niveaux :<\/strong> Transition fluide entre les bouff\u00e9es MTL serr\u00e9es et les nuages de vapeur plus l\u00e9gers<\/p>\n<p class=\"whitespace-normal break-words\"><strong>Contr\u00f4le de puissance Quattro :<\/strong> R\u00e9glage individuel de l'intensit\u00e9 de la vapeur selon les pr\u00e9f\u00e9rences personnelles<\/p>\n<p class=\"whitespace-normal break-words\"><strong>\u00c9cran LED \u00e0 270\u00b0 :<\/strong> Aper\u00e7u complet du nombre de trajets, du niveau de batterie et du mode de performance<\/p>\n<p class=\"whitespace-normal break-words\"><strong>Double maille avec technologie S.i.L.C :<\/strong> Technologie de chauffage avanc\u00e9e pour un plaisir Blueberry Ice uniforme<\/p>\n<p class=\"whitespace-normal break-words\"><strong>Effets d'\u00e9clairage interactifs :<\/strong> Une animation LED \u00e9l\u00e9gante r\u00e9agit \u00e0 chaque mouvement<\/p>\n<p class=\"whitespace-normal break-words\"><strong>Teneur en nicotine 50 mg\/ml (5%) :<\/strong> Apport optimal en nicotine pour les besoins quotidiens<\/p>\n<h3 class=\"text-xl font-bold text-text-100 mt-1 -mb-0.5\">D\u00e9couvrir plus de VOZOL VAPE chez vozolpuff<\/h3>\n<p class=\"whitespace-normal break-words\">Achetez la Vozol Vista 40000 Blueberry Ice dans la boutique de vapotage leader en Allemagne. Visitez notre <a class=\"underline\" href=\"https:\/\/vozolpuff.de\/fr\/\"><strong>Page d'accueil<\/strong><\/a> pour d'autres produits haut de gamme, d\u00e9couvrez la gamme compl\u00e8te <a class=\"underline\" href=\"https:\/\/vozolpuff.de\/fr\/product-category\/vozol-vape\/\"><strong>VOZOL VAPE<\/strong><\/a> collection ou parcourez tous les <a class=\"underline\" href=\"https:\/\/vozolpuff.de\/fr\/product-category\/vozol-vape\/vozol-vista-40000\/\"><strong>Vozol Vista 40000<\/strong><\/a> Go\u00fbts.<\/p>","protected":false},"excerpt":{"rendered":"<p>Le site <strong>Vozol Vista 40000 Blueberry Ice Vape jetable<\/strong> Offre un ar\u00f4me authentique de myrtille avec un rafra\u00eechissement intense pour jusqu'\u00e0 40 000 bouff\u00e9es riches en saveur. Avec une batterie robuste de 1000 mAh, une recharge rapide USB-C et la technologie Dual-Mesh S.i.L.C. R\u00e9glage de la puissance \u00e0 4 niveaux, double flux d'air et \u00e9cran LED \u00e0 270\u00b0. Teneur en nicotine : 50 mg\/ml (5%).<\/p>","protected":false},"featured_media":770,"comment_status":"open","ping_status":"closed","template":"","meta":{"_acf_changed":false},"product_brand":[],"product_cat":[31],"product_tag":[],"class_list":{"0":"post-767","1":"product","2":"type-product","3":"status-publish","4":"has-post-thumbnail","6":"product_cat-vozol-vista-40000","8":"first","9":"instock","10":"shipping-taxable","11":"purchasable","12":"product-type-variable"},"acf":[],"_links":{"self":[{"href":"https:\/\/vozolpuff.de\/fr\/wp-json\/wp\/v2\/product\/767","targetHints":{"allow":["GET"]}}],"collection":[{"href":"https:\/\/vozolpuff.de\/fr\/wp-json\/wp\/v2\/product"}],"about":[{"href":"https:\/\/vozolpuff.de\/fr\/wp-json\/wp\/v2\/types\/product"}],"replies":[{"embeddable":true,"href":"https:\/\/vozolpuff.de\/fr\/wp-json\/wp\/v2\/comments?post=767"}],"wp:featuredmedia":[{"embeddable":true,"href":"https:\/\/vozolpuff.de\/fr\/wp-json\/wp\/v2\/media\/770"}],"wp:attachment":[{"href":"https:\/\/vozolpuff.de\/fr\/wp-json\/wp\/v2\/media?parent=767"}],"wp:term":[{"taxonomy":"product_brand","embeddable":true,"href":"https:\/\/vozolpuff.de\/fr\/wp-json\/wp\/v2\/product_brand?post=767"},{"taxonomy":"product_cat","embeddable":true,"href":"https:\/\/vozolpuff.de\/fr\/wp-json\/wp\/v2\/product_cat?post=767"},{"taxonomy":"product_tag","embeddable":true,"href":"https:\/\/vozolpuff.de\/fr\/wp-json\/wp\/v2\/product_tag?post=767"}],"curies":[{"name":"wp","href":"https:\/\/api.w.org\/{rel}","templated":true}]}}