{"id":779,"date":"2025-08-24T09:41:19","date_gmt":"2025-08-24T07:41:19","guid":{"rendered":"https:\/\/vozolpuff.de\/?post_type=product&#038;p=779"},"modified":"2026-01-15T12:17:13","modified_gmt":"2026-01-15T11:17:13","slug":"vozol-vista-40000-cool-mint","status":"publish","type":"product","link":"https:\/\/vozolpuff.de\/fr\/produit\/vozol-vista-40000-cool-mint\/","title":{"rendered":"Vozol Vista 40000 Cool Mint"},"content":{"rendered":"<h2 class=\"text-2xl font-bold mt-1 text-text-100\">Vozol Vista 40000 Cool Mint Vaporisateur jetable<\/h2>\n<p class=\"whitespace-normal break-words\">Le site <strong>Vozol Vista 40000 Cool Mint<\/strong> offre une exp\u00e9rience de fra\u00eecheur ultime avec un go\u00fbt de menthe intense et un effet rafra\u00eechissant. Cette e-cigarette rechargeable jetable technologiquement avanc\u00e9e est \u00e9quip\u00e9e d'une batterie puissante de 1000 mAh et d'un chargement rapide USB-C. Faites l'exp\u00e9rience de jusqu'\u00e0 <strong>40.000 bouff\u00e9es rafra\u00eechissantes<\/strong> gr\u00e2ce \u00e0 la bobine sophistiqu\u00e9e Dual-Mesh avec la technologie S.i.L.C, compl\u00e9t\u00e9e par un r\u00e9glage des watts \u00e0 4 niveaux et un double r\u00e9glage de l'airflow.<\/p>\n<h3 class=\"text-xl font-bold text-text-100 mt-1 -mb-0.5\">Cool Mint Vista 40000 Caract\u00e9ristiques :<\/h3>\n<p class=\"whitespace-normal break-words\"><strong>Batterie puissante et robuste de 1000 mAh :<\/strong> Performance durable avec fonction de charge express Type-C pour un plaisir de la vapeur ininterrompu<\/p>\n<p class=\"whitespace-normal break-words\"><strong>Bi-niveau de r\u00e9sistance au tirage :<\/strong> Passage flexible entre des bouff\u00e9es MTL concentr\u00e9es et des exp\u00e9riences de vapotage plus ouvertes<\/p>\n<p class=\"whitespace-normal break-words\"><strong>Modulation quadri-wattage :<\/strong> R\u00e9glage fin du d\u00e9veloppement de la vapeur pour un ar\u00f4me Cool Mint parfait<\/p>\n<p class=\"whitespace-normal break-words\"><strong>Moniteur LED plein cercle 270\u00b0 :<\/strong> Repr\u00e9sentation d\u00e9taill\u00e9e des statistiques des trains, de la charge de la batterie et du mode de fonctionnement<\/p>\n<p class=\"whitespace-normal break-words\"><strong>Innovation S.i.L.C Dual-Mesh :<\/strong> Technologie de pointe des coils pour un go\u00fbt Cool Mint constant<\/p>\n<p class=\"whitespace-normal break-words\"><strong>Effets LED r\u00e9actifs :<\/strong> Des animations lumineuses attrayantes s'activent \u00e0 chaque utilisation<\/p>\n<p class=\"whitespace-normal break-words\"><strong>Concentration standard de nicotine 50mg\/ml (5%) :<\/strong> Approvisionnement en nicotine satisfaisant pour les utilisateurs r\u00e9guliers<\/p>\n<h3 class=\"text-xl font-bold text-text-100 mt-1 -mb-0.5\">D\u00e9couvrir plus de VOZOL VAPE chez vozolpuff<\/h3>\n<p class=\"whitespace-normal break-words\">Achetez la Vozol Vista 40000 Cool Mint dans le premier magasin de vape en Allemagne. Visitez notre <a class=\"underline\" href=\"https:\/\/vozolpuff.de\/fr\/\"><strong>Page d'accueil<\/strong><\/a> pour d'autres produits haut de gamme, d\u00e9couvrez la gamme compl\u00e8te <a class=\"underline\" href=\"https:\/\/vozolpuff.de\/fr\/product-category\/vozol-vape\/\"><strong>VOZOL VAPE<\/strong><\/a> collection ou parcourez tous les <a class=\"underline\" href=\"https:\/\/vozolpuff.de\/fr\/product-category\/vozol-vape\/vozol-vista-40000\/\"><strong>Vozol Vista 40000<\/strong><\/a> Go\u00fbts.<\/p>","protected":false},"excerpt":{"rendered":"<p>Le site <strong>Vozol Vista 40000 Cool Mint Vaporisateur jetable<\/strong> offre une exp\u00e9rience de fra\u00eecheur ultime avec un go\u00fbt de menthe intense et un effet rafra\u00eechissant pour jusqu'\u00e0 40.000 bouff\u00e9es rafra\u00eechissantes. Avec batterie puissante de 1000mAh, chargement rapide USB-C et technologie Dual-Mesh S.i.L.C. R\u00e9glage de la puissance \u00e0 4 niveaux, double r\u00e9glage de l'airflow et \u00e9cran LED \u00e0 270\u00b0. Concentration de nicotine : 50mg\/ml (5%).<\/p>","protected":false},"featured_media":782,"comment_status":"open","ping_status":"closed","template":"","meta":{"_acf_changed":false},"product_brand":[],"product_cat":[31],"product_tag":[],"class_list":{"0":"post-779","1":"product","2":"type-product","3":"status-publish","4":"has-post-thumbnail","6":"product_cat-vozol-vista-40000","8":"first","9":"instock","10":"shipping-taxable","11":"purchasable","12":"product-type-variable"},"acf":[],"_links":{"self":[{"href":"https:\/\/vozolpuff.de\/fr\/wp-json\/wp\/v2\/product\/779","targetHints":{"allow":["GET"]}}],"collection":[{"href":"https:\/\/vozolpuff.de\/fr\/wp-json\/wp\/v2\/product"}],"about":[{"href":"https:\/\/vozolpuff.de\/fr\/wp-json\/wp\/v2\/types\/product"}],"replies":[{"embeddable":true,"href":"https:\/\/vozolpuff.de\/fr\/wp-json\/wp\/v2\/comments?post=779"}],"wp:featuredmedia":[{"embeddable":true,"href":"https:\/\/vozolpuff.de\/fr\/wp-json\/wp\/v2\/media\/782"}],"wp:attachment":[{"href":"https:\/\/vozolpuff.de\/fr\/wp-json\/wp\/v2\/media?parent=779"}],"wp:term":[{"taxonomy":"product_brand","embeddable":true,"href":"https:\/\/vozolpuff.de\/fr\/wp-json\/wp\/v2\/product_brand?post=779"},{"taxonomy":"product_cat","embeddable":true,"href":"https:\/\/vozolpuff.de\/fr\/wp-json\/wp\/v2\/product_cat?post=779"},{"taxonomy":"product_tag","embeddable":true,"href":"https:\/\/vozolpuff.de\/fr\/wp-json\/wp\/v2\/product_tag?post=779"}],"curies":[{"name":"wp","href":"https:\/\/api.w.org\/{rel}","templated":true}]}}