{"id":791,"date":"2025-08-24T09:59:47","date_gmt":"2025-08-24T07:59:47","guid":{"rendered":"https:\/\/vozolpuff.de\/?post_type=product&#038;p=791"},"modified":"2026-01-15T12:16:50","modified_gmt":"2026-01-15T11:16:50","slug":"vozol-vista-40000-grape-ice","status":"publish","type":"product","link":"https:\/\/vozolpuff.de\/fr\/produit\/vozol-vista-40000-grape-ice\/","title":{"rendered":"Vozol Vista 40000 Grape Ice"},"content":{"rendered":"<h2 class=\"text-2xl font-bold mt-1 text-text-100\">Vozol Vista 40000 Grape Ice Vaporisateur jetable<\/h2>\n<p class=\"whitespace-normal break-words\">Le site <strong>Vozol Vista 40000 Grape Ice<\/strong> combine un go\u00fbt de raisin juteux avec un refroidissement rafra\u00eechissant pour une exp\u00e9rience de vapotage incomparable. Cette e-cigarette rechargeable jetable de haute qualit\u00e9 est \u00e9quip\u00e9e d'une batterie puissante de 1000 mAh avec une fonction de charge rapide USB-C. Profitez jusqu'\u00e0 <strong>40.000 bouff\u00e9es intens\u00e9ment fruit\u00e9es<\/strong> gr\u00e2ce au syst\u00e8me r\u00e9volutionnaire Dual-Mesh-Coil avec technologie S.i.L.C, soutenu par une adaptation de la puissance \u00e0 4 niveaux et un r\u00e9glage flexible de l'Airflow.<\/p>\n<h3 class=\"text-xl font-bold text-text-100 mt-1 -mb-0.5\">Points forts de Grape Ice Vista 40000 :<\/h3>\n<p class=\"whitespace-normal break-words\"><strong>Puissant accumulateur d'\u00e9nergie de 1000 mAh :<\/strong> Alimentation \u00e9lectrique durable avec technologie de charge flash de type C<\/p>\n<p class=\"whitespace-normal break-words\"><strong>Double ajustement des courants d'air :<\/strong> Passage en douceur entre les exp\u00e9riences MTL concentr\u00e9es et les types de bouff\u00e9es plus ouvertes<\/p>\n<p class=\"whitespace-normal break-words\"><strong>Contr\u00f4le de la vapeur Quattro-Level :<\/strong> R\u00e9glage individuel de la production de vapeur pour un plaisir optimal du Grape Ice<\/p>\n<p class=\"whitespace-normal break-words\"><strong>Vue compl\u00e8te \u00e9cran LED 270\u00b0 :<\/strong> Informations compl\u00e8tes sur le nombre de trains, la capacit\u00e9 de la batterie et le mode de fonctionnement<\/p>\n<p class=\"whitespace-normal break-words\"><strong>Technologie S.i.L.C Dual-Mesh :<\/strong> Des \u00e9l\u00e9ments chauffants innovants pour un go\u00fbt de Grape Ice consistant<\/p>\n<p class=\"whitespace-normal break-words\"><strong>Fonctions d'\u00e9clairage interactives :<\/strong> Des spectacles LED dynamiques s'activent \u00e0 chaque inhalation<\/p>\n<p class=\"whitespace-normal break-words\"><strong>Teneur en nicotine de qualit\u00e9 50mg\/ml (5%) :<\/strong> Lib\u00e9ration de nicotine satisfaisante pour un usage quotidien<\/p>\n<h3 class=\"text-xl font-bold text-text-100 mt-1 -mb-0.5\">D\u00e9couvrir plus de VOZOL VAPE chez vozolpuff<\/h3>\n<p class=\"whitespace-normal break-words\">Achetez la Vozol Vista 40000 Grape Ice dans le premier magasin de vape en Allemagne. Visitez notre <a class=\"underline\" href=\"https:\/\/vozolpuff.de\/fr\/\"><strong>Page d'accueil<\/strong><\/a> pour d'autres produits haut de gamme, d\u00e9couvrez la gamme compl\u00e8te <a class=\"underline\" href=\"https:\/\/vozolpuff.de\/fr\/product-category\/vozol-vape\/\"><strong>VOZOL VAPE<\/strong><\/a> collection ou parcourez tous les <a class=\"underline\" href=\"https:\/\/vozolpuff.de\/fr\/product-category\/vozol-vape\/vozol-vista-40000\/\"><strong>Vozol Vista 40000<\/strong><\/a> Go\u00fbts.<\/p>","protected":false},"excerpt":{"rendered":"<p>Le site <strong>Vozol Vista 40000 Grape Ice Vaporisateur jetable<\/strong> combine le go\u00fbt juteux du raisin avec un refroidissement rafra\u00eechissant pour jusqu'\u00e0 40.000 bouff\u00e9es intens\u00e9ment fruit\u00e9es. Avec une batterie puissante de 1000mAh, une fonction de charge rapide USB-C et la technologie Dual-Mesh S.i.L.C.. Ajustement de la puissance \u00e0 4 niveaux, r\u00e9gulation flexible de l'airflow et \u00e9cran LED \u00e0 270\u00b0. Teneur en nicotine : 50mg\/ml (5%).<\/p>","protected":false},"featured_media":794,"comment_status":"open","ping_status":"closed","template":"","meta":{"_acf_changed":false},"product_brand":[],"product_cat":[31],"product_tag":[],"class_list":{"0":"post-791","1":"product","2":"type-product","3":"status-publish","4":"has-post-thumbnail","6":"product_cat-vozol-vista-40000","8":"first","9":"instock","10":"shipping-taxable","11":"purchasable","12":"product-type-variable"},"acf":[],"_links":{"self":[{"href":"https:\/\/vozolpuff.de\/fr\/wp-json\/wp\/v2\/product\/791","targetHints":{"allow":["GET"]}}],"collection":[{"href":"https:\/\/vozolpuff.de\/fr\/wp-json\/wp\/v2\/product"}],"about":[{"href":"https:\/\/vozolpuff.de\/fr\/wp-json\/wp\/v2\/types\/product"}],"replies":[{"embeddable":true,"href":"https:\/\/vozolpuff.de\/fr\/wp-json\/wp\/v2\/comments?post=791"}],"wp:featuredmedia":[{"embeddable":true,"href":"https:\/\/vozolpuff.de\/fr\/wp-json\/wp\/v2\/media\/794"}],"wp:attachment":[{"href":"https:\/\/vozolpuff.de\/fr\/wp-json\/wp\/v2\/media?parent=791"}],"wp:term":[{"taxonomy":"product_brand","embeddable":true,"href":"https:\/\/vozolpuff.de\/fr\/wp-json\/wp\/v2\/product_brand?post=791"},{"taxonomy":"product_cat","embeddable":true,"href":"https:\/\/vozolpuff.de\/fr\/wp-json\/wp\/v2\/product_cat?post=791"},{"taxonomy":"product_tag","embeddable":true,"href":"https:\/\/vozolpuff.de\/fr\/wp-json\/wp\/v2\/product_tag?post=791"}],"curies":[{"name":"wp","href":"https:\/\/api.w.org\/{rel}","templated":true}]}}