{"id":815,"date":"2025-08-24T10:12:48","date_gmt":"2025-08-24T08:12:48","guid":{"rendered":"https:\/\/vozolpuff.de\/?post_type=product&#038;p=815"},"modified":"2026-01-15T12:16:03","modified_gmt":"2026-01-15T11:16:03","slug":"vozol-vista-40000-mango-peach","status":"publish","type":"product","link":"https:\/\/vozolpuff.de\/fr\/produit\/vozol-vista-40000-mango-peach\/","title":{"rendered":"Vozol Vista 40000 Mango Peach"},"content":{"rendered":"<h2 class=\"text-2xl font-bold mt-1 text-text-100\">Vozol Vista 40000 Mango Peach Vaporisateur jetable<\/h2>\n<p class=\"whitespace-normal break-words\">Le site <strong>Vozol Vista 40000 Mango Peach<\/strong> pr\u00e9sente une fusion harmonieuse de mangue juteuse et de p\u00eache sucr\u00e9e pour un plaisir fruit\u00e9 ultime. Cette e-cigarette rechargeable jetable de haute qualit\u00e9 dispose d'une batterie puissante de 1000 mAh avec la technologie de charge rapide USB-C. Profitez jusqu'\u00e0 <strong>40.000 bouff\u00e9es fruit\u00e9es et sucr\u00e9es<\/strong> gr\u00e2ce au coil r\u00e9volutionnaire Dual-Mesh avec technologie S.i.L.C, soutenu par un r\u00e9glage en watts \u00e0 4 niveaux et une adaptation flexible de l'airflow.<\/p>\n<h3 class=\"text-xl font-bold text-text-100 mt-1 -mb-0.5\">Caract\u00e9ristiques de Mango Peach Vista 40000 :<\/h3>\n<p class=\"whitespace-normal break-words\"><strong>Batterie puissante et robuste de 1000 mAh :<\/strong> Fourniture constante de courant avec la technologie de charge de type C flash<\/p>\n<p class=\"whitespace-normal break-words\"><strong>Contr\u00f4le du flux d'air \u00e0 deux niveaux :<\/strong> Passage en douceur d'une exp\u00e9rience MTL concentr\u00e9e \u00e0 un style de tirage plus ouvert<\/p>\n<p class=\"whitespace-normal break-words\"><strong>R\u00e9gulation de la vapeur Quattro-Level :<\/strong> R\u00e9glage individuel de la production de vapeur pour une d\u00e9gustation optimale de Mango Peach<\/p>\n<p class=\"whitespace-normal break-words\"><strong>\u00c9cran LED panoramique 270\u00b0 :<\/strong> Informations compl\u00e8tes sur le nombre de trains, la capacit\u00e9 de la batterie et les r\u00e9glages de fonctionnement<\/p>\n<p class=\"whitespace-normal break-words\"><strong>Innovation S.i.L.C Dual-Mesh :<\/strong> Technique de chauffage innovante pour un go\u00fbt constant de mangue-p\u00eache<\/p>\n<p class=\"whitespace-normal break-words\"><strong>Fonctions d'\u00e9clairage adaptatif :<\/strong> Des spectacles LED dynamiques s'activent \u00e0 chaque inhalation<\/p>\n<p class=\"whitespace-normal break-words\"><strong>Niveau de nicotine de qualit\u00e9 50mg\/ml (5%) :<\/strong> Lib\u00e9ration de nicotine satisfaisante pour les besoins quotidiens<\/p>\n<h3 class=\"text-xl font-bold text-text-100 mt-1 -mb-0.5\">D\u00e9couvrir plus de VOZOL VAPE chez vozolpuff<\/h3>\n<p class=\"whitespace-normal break-words\">Achetez la Vozol Vista 40000 Mango Peach dans le premier magasin de vape en Allemagne. Visitez notre <a class=\"underline\" href=\"https:\/\/vozolpuff.de\/fr\/\"><strong>Page d'accueil<\/strong><\/a> pour d'autres produits haut de gamme, d\u00e9couvrez la gamme compl\u00e8te <a class=\"underline\" href=\"https:\/\/vozolpuff.de\/fr\/product-category\/vozol-vape\/\"><strong>VOZOL VAPE<\/strong><\/a> collection ou parcourez tous les <a class=\"underline\" href=\"https:\/\/vozolpuff.de\/fr\/product-category\/vozol-vape\/vozol-vista-40000\/\"><strong>Vozol Vista 40000<\/strong><\/a> Go\u00fbts.<\/p>","protected":false},"excerpt":{"rendered":"<p>Le site <strong>Vozol Vista 40000 Mango Peach Vaporisateur jetable<\/strong> pr\u00e9sente une fusion harmonieuse de mangue juteuse et de p\u00eache sucr\u00e9e pour jusqu'\u00e0 40.000 bouff\u00e9es fruit\u00e9es et sucr\u00e9es. Avec une batterie puissante de 1000mAh, une technologie de charge rapide USB-C et la technologie Dual-Mesh S.i.L.C.. R\u00e9glage de la puissance \u00e0 4 niveaux, ajustement flexible de l'airflow et \u00e9cran LED \u00e0 270\u00b0. Niveau de nicotine : 50mg\/ml (5%).<\/p>","protected":false},"featured_media":818,"comment_status":"open","ping_status":"closed","template":"","meta":{"_acf_changed":false},"product_brand":[],"product_cat":[31],"product_tag":[],"class_list":{"0":"post-815","1":"product","2":"type-product","3":"status-publish","4":"has-post-thumbnail","6":"product_cat-vozol-vista-40000","8":"first","9":"instock","10":"shipping-taxable","11":"purchasable","12":"product-type-variable"},"acf":[],"_links":{"self":[{"href":"https:\/\/vozolpuff.de\/fr\/wp-json\/wp\/v2\/product\/815","targetHints":{"allow":["GET"]}}],"collection":[{"href":"https:\/\/vozolpuff.de\/fr\/wp-json\/wp\/v2\/product"}],"about":[{"href":"https:\/\/vozolpuff.de\/fr\/wp-json\/wp\/v2\/types\/product"}],"replies":[{"embeddable":true,"href":"https:\/\/vozolpuff.de\/fr\/wp-json\/wp\/v2\/comments?post=815"}],"wp:featuredmedia":[{"embeddable":true,"href":"https:\/\/vozolpuff.de\/fr\/wp-json\/wp\/v2\/media\/818"}],"wp:attachment":[{"href":"https:\/\/vozolpuff.de\/fr\/wp-json\/wp\/v2\/media?parent=815"}],"wp:term":[{"taxonomy":"product_brand","embeddable":true,"href":"https:\/\/vozolpuff.de\/fr\/wp-json\/wp\/v2\/product_brand?post=815"},{"taxonomy":"product_cat","embeddable":true,"href":"https:\/\/vozolpuff.de\/fr\/wp-json\/wp\/v2\/product_cat?post=815"},{"taxonomy":"product_tag","embeddable":true,"href":"https:\/\/vozolpuff.de\/fr\/wp-json\/wp\/v2\/product_tag?post=815"}],"curies":[{"name":"wp","href":"https:\/\/api.w.org\/{rel}","templated":true}]}}