{"id":827,"date":"2025-08-24T10:19:22","date_gmt":"2025-08-24T08:19:22","guid":{"rendered":"https:\/\/vozolpuff.de\/?post_type=product&#038;p=827"},"modified":"2026-01-15T12:15:40","modified_gmt":"2026-01-15T11:15:40","slug":"vozol-vista-40000-peach-berry","status":"publish","type":"product","link":"https:\/\/vozolpuff.de\/fr\/produit\/vozol-vista-40000-peach-berry\/","title":{"rendered":"Vozol Vista 40000 Peach Berry"},"content":{"rendered":"<h2 class=\"text-2xl font-bold mt-1 text-text-100\">Vozol Vista 40000 Peach Berry Vape jetable<\/h2>\n<p class=\"whitespace-normal break-words\">Le site <strong>Vozol Vista 40000 Peach Berry<\/strong> combine des p\u00eaches juteuses et des baies aromatiques pour cr\u00e9er un cocktail fruit\u00e9 irr\u00e9sistible. Cette cigarette \u00e9lectronique jetable rechargeable \u00e0 la pointe de la technologie est \u00e9quip\u00e9e d'une batterie robuste de 1000 mAh et d'une fonction de charge rapide USB-C. Profitez de jusqu'\u00e0 <strong>40 000 bouff\u00e9es fruit\u00e9es et intenses<\/strong> Gr\u00e2ce \u00e0 la bobine Dual Mesh r\u00e9volutionnaire avec technologie S.i.L.C, compl\u00e9t\u00e9e par un r\u00e9glage de la puissance en 4 niveaux et une double r\u00e9gulation du d\u00e9bit d'air.<\/p>\n<h3 class=\"text-xl font-bold text-text-100 mt-1 -mb-0.5\">Peach Berry Vista 40000 Caract\u00e9ristiques :<\/h3>\n<p class=\"whitespace-normal break-words\"><strong>Syst\u00e8me de batterie haute performance 1000 mAh :<\/strong> Une puissance durable gr\u00e2ce \u00e0 la recharge express Type-C pour un plaisir de vapotage ininterrompu<\/p>\n<p class=\"whitespace-normal break-words\"><strong>Bi-niveau de r\u00e9sistance au tirage :<\/strong> Transition flexible entre les bouff\u00e9es MTL intenses et les inhalations plus d\u00e9tendues<\/p>\n<p class=\"whitespace-normal break-words\"><strong>Commande Quattro-Watt :<\/strong> Intensit\u00e9 de vapeur personnalisable pour une exp\u00e9rience gustative Peach Berry parfaite<\/p>\n<p class=\"whitespace-normal break-words\"><strong>Moniteur LED \u00e0 vision panoramique \u00e0 270\u00b0 :<\/strong> Informations compl\u00e8tes sur le compteur de tractions, l'\u00e9tat de la batterie et le mode de fonctionnement<\/p>\n<p class=\"whitespace-normal break-words\"><strong>Syst\u00e8me S.i.L.C Dual-Mesh :<\/strong> Technologie de bobine ultramoderne pour un plaisir Peach Berry constant<\/p>\n<p class=\"whitespace-normal break-words\"><strong>Fonctions d'\u00e9clairage r\u00e9actives :<\/strong> Spectacles LED attrayants activ\u00e9s \u00e0 chaque utilisation<\/p>\n<p class=\"whitespace-normal break-words\"><strong>Teneur standardis\u00e9e en nicotine 50 mg\/ml (5%) :<\/strong> Apport satisfaisant en nicotine pour les vapoteurs r\u00e9guliers<\/p>\n<h3 class=\"text-xl font-bold text-text-100 mt-1 -mb-0.5\">D\u00e9couvrir plus de VOZOL VAPE chez vozolpuff<\/h3>\n<p class=\"whitespace-normal break-words\">Achetez la Vozol Vista 40000 Peach Berry dans la boutique de vapotage leader en Allemagne. Visitez notre <a class=\"underline\" href=\"https:\/\/vozolpuff.de\/fr\/\"><strong>Page d'accueil<\/strong><\/a> pour d'autres produits haut de gamme, d\u00e9couvrez la gamme compl\u00e8te <a class=\"underline\" href=\"https:\/\/vozolpuff.de\/fr\/product-category\/vozol-vape\/\"><strong>VOZOL VAPE<\/strong><\/a> collection ou parcourez tous les <a class=\"underline\" href=\"https:\/\/vozolpuff.de\/fr\/product-category\/vozol-vape\/vozol-vista-40000\/\"><strong>Vozol Vista 40000<\/strong><\/a> Go\u00fbts.<\/p>","protected":false},"excerpt":{"rendered":"<p>Le site <strong>Vozol Vista 40000 Peach Berry Vape jetable<\/strong> Combine des p\u00eaches juteuses et des baies aromatiques pour cr\u00e9er un cocktail fruit\u00e9 irr\u00e9sistible permettant jusqu'\u00e0 40 000 bouff\u00e9es fruit\u00e9es et intenses. Avec une batterie robuste de 1000 mAh, une fonction de charge rapide USB-C et la technologie Dual-Mesh S.i.L.C. R\u00e9glage de la puissance en 4 niveaux, double r\u00e9gulation du d\u00e9bit d'air et \u00e9cran LED \u00e0 270\u00b0. Teneur en nicotine : 50 mg\/ml (5%).<\/p>","protected":false},"featured_media":830,"comment_status":"open","ping_status":"closed","template":"","meta":{"_acf_changed":false},"product_brand":[],"product_cat":[31],"product_tag":[],"class_list":{"0":"post-827","1":"product","2":"type-product","3":"status-publish","4":"has-post-thumbnail","6":"product_cat-vozol-vista-40000","8":"first","9":"instock","10":"shipping-taxable","11":"purchasable","12":"product-type-variable"},"acf":[],"_links":{"self":[{"href":"https:\/\/vozolpuff.de\/fr\/wp-json\/wp\/v2\/product\/827","targetHints":{"allow":["GET"]}}],"collection":[{"href":"https:\/\/vozolpuff.de\/fr\/wp-json\/wp\/v2\/product"}],"about":[{"href":"https:\/\/vozolpuff.de\/fr\/wp-json\/wp\/v2\/types\/product"}],"replies":[{"embeddable":true,"href":"https:\/\/vozolpuff.de\/fr\/wp-json\/wp\/v2\/comments?post=827"}],"wp:featuredmedia":[{"embeddable":true,"href":"https:\/\/vozolpuff.de\/fr\/wp-json\/wp\/v2\/media\/830"}],"wp:attachment":[{"href":"https:\/\/vozolpuff.de\/fr\/wp-json\/wp\/v2\/media?parent=827"}],"wp:term":[{"taxonomy":"product_brand","embeddable":true,"href":"https:\/\/vozolpuff.de\/fr\/wp-json\/wp\/v2\/product_brand?post=827"},{"taxonomy":"product_cat","embeddable":true,"href":"https:\/\/vozolpuff.de\/fr\/wp-json\/wp\/v2\/product_cat?post=827"},{"taxonomy":"product_tag","embeddable":true,"href":"https:\/\/vozolpuff.de\/fr\/wp-json\/wp\/v2\/product_tag?post=827"}],"curies":[{"name":"wp","href":"https:\/\/api.w.org\/{rel}","templated":true}]}}