{"id":837,"date":"2025-08-24T10:25:00","date_gmt":"2025-08-24T08:25:00","guid":{"rendered":"https:\/\/vozolpuff.de\/?post_type=product&#038;p=837"},"modified":"2026-01-15T12:15:14","modified_gmt":"2026-01-15T11:15:14","slug":"vozol-vista-40000-strawberry-banana","status":"publish","type":"product","link":"https:\/\/vozolpuff.de\/fr\/produit\/vozol-vista-40000-strawberry-banana\/","title":{"rendered":"Vozol Vista 40000 Fraise Banane"},"content":{"rendered":"<h2 class=\"text-2xl font-bold mt-1 text-text-100\">Vozol Vista 40000 Strawberry Banana - E-cigarette<\/h2>\n<p class=\"whitespace-normal break-words\">Le site <strong>Vozol Vista 40000 Fraise Banane<\/strong> pr\u00e9sente une fusion classique de fruits, de fraises sucr\u00e9es et de bananes cr\u00e9meuses pour un plaisir gustatif ultime. Cette vape rechargeable technologiquement avanc\u00e9e dispose d'une batterie puissante de 1000 mAh avec la technologie USB-C Rapid-Charging. Profitez jusqu'\u00e0 <strong>40.000 bouff\u00e9es cr\u00e9meuses et fruit\u00e9es<\/strong> gr\u00e2ce \u00e0 la bobine avanc\u00e9e Dual-Mesh avec la technologie S.i.L.C, soutenue par un r\u00e9glage en watts \u00e0 4 niveaux et un ajustement flexible de l'airflow.<\/p>\n<h3 class=\"text-xl font-bold text-text-100 mt-1 -mb-0.5\">Strawberry Banana Vista 40000 Caract\u00e9ristiques :<\/h3>\n<p class=\"whitespace-normal break-words\"><strong>Batterie puissante et robuste de 1000 mAh :<\/strong> Alimentation \u00e9lectrique stable avec proc\u00e9d\u00e9 de chargement de type C flash<\/p>\n<p class=\"whitespace-normal break-words\"><strong>Contr\u00f4le du flux d'air \u00e0 deux niveaux :<\/strong> Transition en douceur entre les exp\u00e9riences MTL concentr\u00e9es et les styles de tirage plus ouverts<\/p>\n<p class=\"whitespace-normal break-words\"><strong>Commande de vapeur Quattro-Level :<\/strong> R\u00e9glage individuel de la production de vapeur pour un plaisir optimal de la strawberry banana<\/p>\n<p class=\"whitespace-normal break-words\"><strong>\u00c9cran LED \u00e0 visibilit\u00e9 totale de 270\u00b0 :<\/strong> Informations compl\u00e8tes sur le nombre de trains, la capacit\u00e9 de la batterie et les r\u00e9glages de fonctionnement<\/p>\n<p class=\"whitespace-normal break-words\"><strong>Technologie S.i.L.C Dual-Mesh :<\/strong> Une technologie de chauffage innovante pour un go\u00fbt de strawberry banana constant<\/p>\n<p class=\"whitespace-normal break-words\"><strong>Fonctions d'\u00e9clairage adaptatif :<\/strong> Des animations LED dynamiques s'activent \u00e0 chaque inhalation<\/p>\n<p class=\"whitespace-normal break-words\"><strong>Concentration de nicotine de qualit\u00e9 50mg\/ml (5%) :<\/strong> Lib\u00e9ration de nicotine satisfaisante pour les besoins quotidiens<\/p>\n<h3 class=\"text-xl font-bold text-text-100 mt-1 -mb-0.5\">D\u00e9couvrir plus de VOZOL VAPE chez vozolpuff<\/h3>\n<p class=\"whitespace-normal break-words\">Achetez la Vozol Vista 40000 Strawberry Banana dans le premier magasin de vape en Allemagne. Visitez notre <a class=\"underline\" href=\"https:\/\/vozolpuff.de\/fr\/\"><strong>Page d'accueil<\/strong><\/a> pour d'autres produits haut de gamme, d\u00e9couvrez la gamme compl\u00e8te <a class=\"underline\" href=\"https:\/\/vozolpuff.de\/fr\/product-category\/vozol-vape\/\"><strong>VOZOL VAPE<\/strong><\/a> collection ou parcourez tous les <a class=\"underline\" href=\"https:\/\/vozolpuff.de\/fr\/product-category\/vozol-vape\/vozol-vista-40000\/\"><strong>Vozol Vista 40000<\/strong><\/a> Go\u00fbts.<\/p>","protected":false},"excerpt":{"rendered":"<p>Le site <strong>Cigarette \u00e9lectronique Vozol Vista 40000 Strawberry Banana<\/strong> pr\u00e9sente une fusion classique de fruits, de fraises sucr\u00e9es et de bananes cr\u00e9meuses, pour jusqu'\u00e0 40 000 bouff\u00e9es cr\u00e9meuses et fruit\u00e9es. Avec une batterie puissante de 1000mAh, un chargement rapide USB-C et la technologie Dual-Mesh S.i.L.C.. R\u00e9glage de la puissance \u00e0 4 niveaux, ajustement flexible de l'airflow et \u00e9cran LED \u00e0 270\u00b0. Concentration de nicotine : 50mg\/ml (5%).<\/p>","protected":false},"featured_media":840,"comment_status":"open","ping_status":"closed","template":"","meta":{"_acf_changed":false},"product_brand":[],"product_cat":[31],"product_tag":[],"class_list":{"0":"post-837","1":"product","2":"type-product","3":"status-publish","4":"has-post-thumbnail","6":"product_cat-vozol-vista-40000","8":"first","9":"instock","10":"shipping-taxable","11":"purchasable","12":"product-type-variable"},"acf":[],"_links":{"self":[{"href":"https:\/\/vozolpuff.de\/fr\/wp-json\/wp\/v2\/product\/837","targetHints":{"allow":["GET"]}}],"collection":[{"href":"https:\/\/vozolpuff.de\/fr\/wp-json\/wp\/v2\/product"}],"about":[{"href":"https:\/\/vozolpuff.de\/fr\/wp-json\/wp\/v2\/types\/product"}],"replies":[{"embeddable":true,"href":"https:\/\/vozolpuff.de\/fr\/wp-json\/wp\/v2\/comments?post=837"}],"wp:featuredmedia":[{"embeddable":true,"href":"https:\/\/vozolpuff.de\/fr\/wp-json\/wp\/v2\/media\/840"}],"wp:attachment":[{"href":"https:\/\/vozolpuff.de\/fr\/wp-json\/wp\/v2\/media?parent=837"}],"wp:term":[{"taxonomy":"product_brand","embeddable":true,"href":"https:\/\/vozolpuff.de\/fr\/wp-json\/wp\/v2\/product_brand?post=837"},{"taxonomy":"product_cat","embeddable":true,"href":"https:\/\/vozolpuff.de\/fr\/wp-json\/wp\/v2\/product_cat?post=837"},{"taxonomy":"product_tag","embeddable":true,"href":"https:\/\/vozolpuff.de\/fr\/wp-json\/wp\/v2\/product_tag?post=837"}],"curies":[{"name":"wp","href":"https:\/\/api.w.org\/{rel}","templated":true}]}}