{"id":857,"date":"2025-08-24T10:37:20","date_gmt":"2025-08-24T08:37:20","guid":{"rendered":"https:\/\/vozolpuff.de\/?post_type=product&#038;p=857"},"modified":"2026-01-15T12:14:23","modified_gmt":"2026-01-15T11:14:23","slug":"vozol-vista-40000-strawberry-watermelon","status":"publish","type":"product","link":"https:\/\/vozolpuff.de\/fr\/produit\/vozol-vista-40000-strawberry-watermelon\/","title":{"rendered":"Vozol Vista 40000 Fraise Past\u00e8que"},"content":{"rendered":"<h2 class=\"text-2xl font-bold mt-1 text-text-100\">Vozol Vista 40000 Strawberry Watermelon Vaporisateur jetable<\/h2>\n<p class=\"whitespace-normal break-words\">Le site <strong>Vozol Vista 40000 Fraise Past\u00e8que<\/strong> combine des fraises sucr\u00e9es avec un go\u00fbt de past\u00e8que juteux pour une exp\u00e9rience ultime de fruits d'\u00e9t\u00e9. Cette e-cigarette rechargeable jetable technologiquement avanc\u00e9e est dot\u00e9e d'une puissante batterie de 1000 mAh avec une fonctionnalit\u00e9 de chargement rapide USB-C. Profitez jusqu'\u00e0 <strong>40.000 bouff\u00e9es de fra\u00eecheur estivale<\/strong> gr\u00e2ce au coil r\u00e9volutionnaire Dual-Mesh avec technologie S.i.L.C, soutenu par un r\u00e9glage en watts \u00e0 4 niveaux et une adaptation flexible de l'airflow.<\/p>\n<h3 class=\"text-xl font-bold text-text-100 mt-1 -mb-0.5\">Strawberry Watermelon Vista 40000 Sp\u00e9cifications :<\/h3>\n<p class=\"whitespace-normal break-words\"><strong>Batterie puissante et robuste de 1000 mAh :<\/strong> Alimentation \u00e9lectrique durable avec technologie de chargement flash de type C<\/p>\n<p class=\"whitespace-normal break-words\"><strong>Contr\u00f4le du flux d'air \u00e0 deux niveaux :<\/strong> Transition en douceur entre les exp\u00e9riences MTL concentr\u00e9es et les styles de tirage plus ouverts<\/p>\n<p class=\"whitespace-normal break-words\"><strong>R\u00e9gulation de la vapeur Quattro-Level :<\/strong> R\u00e9glage individuel de la production de vapeur pour une d\u00e9gustation optimale de Strawberry Watermelon<\/p>\n<p class=\"whitespace-normal break-words\"><strong>\u00c9cran LED \u00e0 visibilit\u00e9 totale de 270\u00b0 :<\/strong> Informations compl\u00e8tes sur le nombre de trains, la capacit\u00e9 de la batterie et les r\u00e9glages de fonctionnement<\/p>\n<p class=\"whitespace-normal break-words\"><strong>Technologie S.i.L.C Dual-Mesh :<\/strong> Une technologie de chauffage innovante pour un go\u00fbt de strawberry watermelon constant<\/p>\n<p class=\"whitespace-normal break-words\"><strong>Fonctions d'\u00e9clairage adaptatif :<\/strong> Des animations LED dynamiques s'activent \u00e0 chaque inhalation<\/p>\n<p class=\"whitespace-normal break-words\"><strong>Teneur en nicotine de qualit\u00e9 50mg\/ml (5%) :<\/strong> Lib\u00e9ration de nicotine satisfaisante pour les besoins quotidiens<\/p>\n<h3 class=\"text-xl font-bold text-text-100 mt-1 -mb-0.5\">D\u00e9couvrir plus de VOZOL VAPE chez vozolpuff<\/h3>\n<p class=\"whitespace-normal break-words\">Achetez la Vozol Vista 40000 Strawberry Watermelon dans le premier magasin de vape en Allemagne. Visitez notre <a class=\"underline\" href=\"https:\/\/vozolpuff.de\/fr\/\"><strong>Page d'accueil<\/strong><\/a> pour d'autres produits haut de gamme, d\u00e9couvrez la gamme compl\u00e8te <a class=\"underline\" href=\"https:\/\/vozolpuff.de\/fr\/product-category\/vozol-vape\/\"><strong>VOZOL VAPE<\/strong><\/a> collection ou parcourez tous les <a class=\"underline\" href=\"https:\/\/vozolpuff.de\/fr\/product-category\/vozol-vape\/vozol-vista-40000\/\"><strong>Vozol Vista 40000<\/strong><\/a> Go\u00fbts.<\/p>","protected":false},"excerpt":{"rendered":"<p>Le site <strong>Vozol Vista 40000 Strawberry Watermelon Vaporisateur jetable<\/strong> combine des fraises sucr\u00e9es avec un go\u00fbt de past\u00e8que juteux pour une exp\u00e9rience ultime de fruits d'\u00e9t\u00e9 pour jusqu'\u00e0 40.000 bouff\u00e9es fra\u00eeches et estivales. Avec une batterie puissante de 1000mAh, un chargement rapide USB-C et la technologie Dual-Mesh S.i.L.C. R\u00e9glage de la puissance \u00e0 4 niveaux, ajustement flexible de l'airflow et \u00e9cran LED \u00e0 270\u00b0. Teneur en nicotine : 50mg\/ml (5%).<\/p>","protected":false},"featured_media":860,"comment_status":"open","ping_status":"closed","template":"","meta":{"_acf_changed":false},"product_brand":[],"product_cat":[31],"product_tag":[],"class_list":{"0":"post-857","1":"product","2":"type-product","3":"status-publish","4":"has-post-thumbnail","6":"product_cat-vozol-vista-40000","8":"first","9":"instock","10":"shipping-taxable","11":"purchasable","12":"product-type-variable"},"acf":[],"_links":{"self":[{"href":"https:\/\/vozolpuff.de\/fr\/wp-json\/wp\/v2\/product\/857","targetHints":{"allow":["GET"]}}],"collection":[{"href":"https:\/\/vozolpuff.de\/fr\/wp-json\/wp\/v2\/product"}],"about":[{"href":"https:\/\/vozolpuff.de\/fr\/wp-json\/wp\/v2\/types\/product"}],"replies":[{"embeddable":true,"href":"https:\/\/vozolpuff.de\/fr\/wp-json\/wp\/v2\/comments?post=857"}],"wp:featuredmedia":[{"embeddable":true,"href":"https:\/\/vozolpuff.de\/fr\/wp-json\/wp\/v2\/media\/860"}],"wp:attachment":[{"href":"https:\/\/vozolpuff.de\/fr\/wp-json\/wp\/v2\/media?parent=857"}],"wp:term":[{"taxonomy":"product_brand","embeddable":true,"href":"https:\/\/vozolpuff.de\/fr\/wp-json\/wp\/v2\/product_brand?post=857"},{"taxonomy":"product_cat","embeddable":true,"href":"https:\/\/vozolpuff.de\/fr\/wp-json\/wp\/v2\/product_cat?post=857"},{"taxonomy":"product_tag","embeddable":true,"href":"https:\/\/vozolpuff.de\/fr\/wp-json\/wp\/v2\/product_tag?post=857"}],"curies":[{"name":"wp","href":"https:\/\/api.w.org\/{rel}","templated":true}]}}