{"id":8631,"date":"2025-11-26T08:18:28","date_gmt":"2025-11-26T07:18:28","guid":{"rendered":"https:\/\/vozolpuff.de\/?post_type=product&#038;p=8631"},"modified":"2025-11-26T08:18:28","modified_gmt":"2025-11-26T07:18:28","slug":"jnr-rage-gorilla-55000-mixed-berries","status":"publish","type":"product","link":"https:\/\/vozolpuff.de\/fr\/produit\/jnr-rage-gorilla-55000-mixed-berries\/","title":{"rendered":"JNR Rage Gorilla 55000 Baies m\u00e9lang\u00e9es"},"content":{"rendered":"<h2 class=\"font-claude-response-heading text-text-100 mt-1 -mb-0.5\">JNR Rage Gorilla 55000 Mixed Berries Vape jetable<\/h2>\n<p class=\"font-claude-response-body whitespace-normal break-words\">La JNR Rage Gorilla 55000 Mixed Berries est une symphonie harmonieuse de baies qui combine diff\u00e9rentes vari\u00e9t\u00e9s classiques de baies pour offrir une exp\u00e9rience gustative \u00e9quilibr\u00e9e. Cette puissante cigarette \u00e9lectronique jetable offre 55 000 bouff\u00e9es ph\u00e9nom\u00e9nales \u00e0 partir de 42 ml de e-liquide de premi\u00e8re qualit\u00e9. Les doubles r\u00e9sistances mesh avanc\u00e9es extraient les nuances complexes des baies avec une pr\u00e9cision impressionnante et offrent une vapeur velout\u00e9e du d\u00e9but \u00e0 la fin. L'\u00e9cran intelligent clair vous informe en permanence du niveau d'\u00e9nergie et des r\u00e9serves de liquide, tandis que la batterie longue dur\u00e9e de 950 mAh avec fonction de charge rapide de type C offre une flexibilit\u00e9 maximale.<\/p>\n<h3 class=\"font-claude-response-subheading text-text-100 mt-1 -mb-1.5\">Avantages du JNR Rage Gorilla 55000 Mixed Berries :<\/h3>\n<p class=\"font-claude-response-body whitespace-normal break-words\">La teneur en nicotine 2% conforme aux normes europ\u00e9ennes offre une exp\u00e9rience de vapotage r\u00e9gul\u00e9e et douce, sans irritation de la gorge, parfaite pour les soir\u00e9es tranquilles ou pour une pause aromatique dans la journ\u00e9e. Mixed Berries s\u00e9duira les amateurs de m\u00e9langes classiques de baies qui privil\u00e9gient les profils gustatifs complexes \u00e0 la simple production de vapeur.<\/p>\n<p class=\"font-claude-response-body whitespace-normal break-words\">Gr\u00e2ce \u00e0 la technologie Dual Mesh Coil, la r\u00e9partition de la chaleur est optimis\u00e9e, ce qui permet de mettre en valeur les caract\u00e9ristiques individuelles de chaque vari\u00e9t\u00e9 de baies. Le r\u00e9sultat est un go\u00fbt \u00e9quilibr\u00e9, jamais unilat\u00e9ral, qui capture parfaitement la douceur naturelle et la l\u00e9g\u00e8re acidit\u00e9 des diff\u00e9rentes baies.<\/p>\n<p class=\"font-claude-response-body whitespace-normal break-words\">Avec une autonomie remarquable de 55 000 bouff\u00e9es, cet appareil est le compagnon id\u00e9al \u00e0 long terme. Gr\u00e2ce \u00e0 son r\u00e9servoir d'une contenance de 42 ml, plus besoin de le remplir ou de racheter constamment des recharges : profitez-en simplement et faites confiance \u00e0 sa qualit\u00e9 constante.<\/p>\n<p class=\"font-claude-response-body whitespace-normal break-words\">La batterie performante de 950 mAh est con\u00e7ue pour durer et r\u00e9siste sans faiblir m\u00eame \u00e0 une utilisation intensive. La recharge rapide de type C ne n\u00e9cessite que 30 minutes pour une recharge compl\u00e8te. L'\u00e9cran LED informatif vous fournit \u00e0 tout moment tous les messages d'\u00e9tat pertinents.<\/p>\n<p class=\"font-claude-response-body whitespace-normal break-words\">Le design moderne avec des applications m\u00e9talliques polies incarne l'\u00e9l\u00e9gance contemporaine. Des mat\u00e9riaux haut de gamme et une finition soign\u00e9e garantissent une sensation de qualit\u00e9 sup\u00e9rieure.<\/p>\n<h3 class=\"font-claude-response-subheading text-text-100 mt-1 -mb-1.5\">Donn\u00e9es techniques :<\/h3>\n<p class=\"font-claude-response-body whitespace-normal break-words\"><strong>concentration de nicotine :<\/strong> 2% Nicotine<br \/>\n<strong>Nombre de trains :<\/strong> 55 000 trains<br \/>\n<strong>Volume du r\u00e9servoir :<\/strong> 42 ml<br \/>\n<strong>Syst\u00e8me d'\u00e9vaporation :<\/strong> Bobine Dual Mesh<br \/>\n<strong>annonce :<\/strong> \u00c9cran intelligent<br \/>\n<strong>Capacit\u00e9 de la batterie :<\/strong> 950 mAh rechargeable<br \/>\n<strong>Interface de chargement :<\/strong> Charge rapide Type-C<br \/>\n<strong>saveur :<\/strong> M\u00e9lange de baies<\/p>\n<h3 class=\"font-claude-response-subheading text-text-100 mt-1 -mb-1.5\">D\u00e9couvrir plus de JNR VAPE chez vozolpuff<\/h3>\n<p class=\"font-claude-response-body whitespace-normal break-words\">Parcourez notre <strong><a class=\"underline\" href=\"https:\/\/vozolpuff.de\/fr\/\">Gamme de produits<\/a><\/strong> pour d'autres solutions vapeur haut de gamme ou informez-vous sur l'ensemble de la gamme <strong><a class=\"underline\" href=\"https:\/\/vozolpuff.de\/fr\/product-category\/jnr-vape\/\">Gamme JNR VAPE<\/a><\/strong> avec une technologie de pointe. Nous pr\u00e9sentons clairement toutes les saveurs disponibles pour la Rage Gorilla 55000 dans notre <strong><a class=\"underline\" href=\"https:\/\/vozolpuff.de\/fr\/product-category\/jnr-vape\/jnr-rage-gorilla-55000\/\">Collection d'ar\u00f4mes<\/a><\/strong>.<\/p>","protected":false},"excerpt":{"rendered":"<p class=\"font-claude-response-body whitespace-normal break-words\">Le JNR Rage Gorilla 55000 Mixed Berries combine des vari\u00e9t\u00e9s de baies classiques pour cr\u00e9er un go\u00fbt harmonieux. Avec 55 000 bouff\u00e9es, 42 ml d'e-liquide et des r\u00e9sistances Dual Mesh Coils, vous d\u00e9couvrirez des ar\u00f4mes complexes. \u00c9cran intelligent, batterie 950 mAh avec charge de type C : un plaisir \u00e9quilibr\u00e9 pendant des semaines sans recharge.<\/p>","protected":false},"featured_media":8633,"comment_status":"open","ping_status":"closed","template":"","meta":{"_acf_changed":false},"product_brand":[],"product_cat":[96],"product_tag":[],"class_list":{"0":"post-8631","1":"product","2":"type-product","3":"status-publish","4":"has-post-thumbnail","6":"product_cat-jnr-rage-gorilla-55000","8":"first","9":"instock","10":"shipping-taxable","11":"purchasable","12":"product-type-variable"},"acf":[],"_links":{"self":[{"href":"https:\/\/vozolpuff.de\/fr\/wp-json\/wp\/v2\/product\/8631","targetHints":{"allow":["GET"]}}],"collection":[{"href":"https:\/\/vozolpuff.de\/fr\/wp-json\/wp\/v2\/product"}],"about":[{"href":"https:\/\/vozolpuff.de\/fr\/wp-json\/wp\/v2\/types\/product"}],"replies":[{"embeddable":true,"href":"https:\/\/vozolpuff.de\/fr\/wp-json\/wp\/v2\/comments?post=8631"}],"wp:featuredmedia":[{"embeddable":true,"href":"https:\/\/vozolpuff.de\/fr\/wp-json\/wp\/v2\/media\/8633"}],"wp:attachment":[{"href":"https:\/\/vozolpuff.de\/fr\/wp-json\/wp\/v2\/media?parent=8631"}],"wp:term":[{"taxonomy":"product_brand","embeddable":true,"href":"https:\/\/vozolpuff.de\/fr\/wp-json\/wp\/v2\/product_brand?post=8631"},{"taxonomy":"product_cat","embeddable":true,"href":"https:\/\/vozolpuff.de\/fr\/wp-json\/wp\/v2\/product_cat?post=8631"},{"taxonomy":"product_tag","embeddable":true,"href":"https:\/\/vozolpuff.de\/fr\/wp-json\/wp\/v2\/product_tag?post=8631"}],"curies":[{"name":"wp","href":"https:\/\/api.w.org\/{rel}","templated":true}]}}