{"id":888,"date":"2025-08-24T14:52:42","date_gmt":"2025-08-24T12:52:42","guid":{"rendered":"https:\/\/vozolpuff.de\/?post_type=product&#038;p=888"},"modified":"2026-01-15T11:55:55","modified_gmt":"2026-01-15T10:55:55","slug":"vozol-rave-40000-grape-ice","status":"publish","type":"product","link":"https:\/\/vozolpuff.de\/fr\/produit\/vozol-rave-40000-grape-ice\/","title":{"rendered":"Vozol Rave 40000 Grape Ice"},"content":{"rendered":"<h2 class=\"text-xl font-bold text-text-100 mt-1 -mb-0.5\">Vozol Rave 40000 Grape Ice Cigarette \u00e9lectronique jetable<\/h2>\n<p class=\"whitespace-normal break-words\">Le site <strong>VOZOL RAVE 40000 bouff\u00e9es Grape Ice Vape jetable<\/strong> Vous serez combl\u00e9 par le go\u00fbt d\u00e9licieux des raisins m\u00fbrs, rehauss\u00e9 d'une note rafra\u00eechissante. Cet appareil \u00e0 vapeur ultramoderne offre 40 000 bouff\u00e9es impressionnantes et dispose d'une capacit\u00e9 de 20 ml de liquide pour plusieurs semaines d'utilisation. L'\u00e9cran 3D r\u00e9volutionnaire avec technologie Beat Sensing \u00e0 270\u00b0 et deux modes de fonctionnement diff\u00e9rents font de l'exp\u00e9rience de vapotage Grape Ice un v\u00e9ritable plaisir.<\/p>\n<h3 class=\"text-lg font-bold text-text-100 mt-1 -mb-1.5\">VOZOL RAVE 40000 Grape Ice D\u00e9tails du produit :<\/h3>\n<p class=\"whitespace-normal break-words\"><strong>volume de liquide :<\/strong> 20 ml d'ar\u00f4me intense Grape Ice<br \/>\n<strong>Alimentation par batterie :<\/strong> 1000 mAh avec recharge rapide USB Type-C<br \/>\n<strong>Nombre de bouff\u00e9es :<\/strong> Environ 40 000 coups (mode normal) | 25 000 coups (mode boost)<br \/>\n<strong>Niveau de nicotine :<\/strong> 5% (50 mg) pour une pulsation cardiaque forte<br \/>\n<strong>\u00c9vaporateur :<\/strong> Bobines maill\u00e9es pour une production de vapeur uniforme<br \/>\n<strong>R\u00e9sistance au tirage :<\/strong> D\u00e9bit d'air r\u00e9glable individuellement<br \/>\n<strong>\u00c9cran LCD :<\/strong> Surveillance du niveau de la batterie et du niveau d'e-liquide<br \/>\n<strong>\u00c9cran \u00e0 270\u00b0 :<\/strong> Affichage interactif avec retour d'information en temps r\u00e9el<br \/>\n<strong>Modes de fonctionnement :<\/strong> Mode doux et mode intensif disponibles<br \/>\n<strong>Chipset :<\/strong> Puces MCU doubles de S.i.L.C Tech<\/p>\n<h3 class=\"text-lg font-bold text-text-100 mt-1 -mb-1.5\">D\u00e9couvrir plus de VOZOL VAPE chez vozolpuff<\/h3>\n<p class=\"whitespace-normal break-words\">D\u00e9couvrez d'autres e-cigarettes de qualit\u00e9 dans notre <strong><a class=\"underline\" href=\"https:\/\/vozolpuff.de\/fr\/\">Boutique en ligne<\/a><\/strong> ou explorer l'ensemble <strong><a class=\"underline\" href=\"https:\/\/vozolpuff.de\/fr\/product-category\/vozol-vape\/\">Gamme de produits VOZOL VAPE<\/a><\/strong>. Vous trouverez toutes les saveurs disponibles dans notre <strong><a class=\"underline\" href=\"https:\/\/vozolpuff.de\/fr\/product-category\/vozol-vape\/vozol-rave-40000\/\">Collection Vozol Rave 40000<\/a><\/strong>.<\/p>","protected":false},"excerpt":{"rendered":"<p>Le site <strong>VOZOL RAVE 40000 Grape Ice Cigarette \u00e9lectronique jetable<\/strong> Un go\u00fbt d\u00e9licieux de raisin et une note rafra\u00eechissante pour jusqu'\u00e0 40 000 bouff\u00e9es. Avec une capacit\u00e9 de 20 ml de liquide, une batterie USB Type-C de 1000 mAh et un \u00e9cran 3D r\u00e9volutionnaire avec technologie Beat-Sensing \u00e0 270\u00b0. Deux modes de tir, des bobines Mesh et deux puces S.i.L.C MCU. Teneur en nicotine : 5% (50 mg).<\/p>","protected":false},"featured_media":891,"comment_status":"open","ping_status":"closed","template":"","meta":{"_acf_changed":false},"product_brand":[],"product_cat":[32],"product_tag":[],"class_list":{"0":"post-888","1":"product","2":"type-product","3":"status-publish","4":"has-post-thumbnail","6":"product_cat-vozol-rave-40000","8":"first","9":"instock","10":"shipping-taxable","11":"purchasable","12":"product-type-variable"},"acf":[],"_links":{"self":[{"href":"https:\/\/vozolpuff.de\/fr\/wp-json\/wp\/v2\/product\/888","targetHints":{"allow":["GET"]}}],"collection":[{"href":"https:\/\/vozolpuff.de\/fr\/wp-json\/wp\/v2\/product"}],"about":[{"href":"https:\/\/vozolpuff.de\/fr\/wp-json\/wp\/v2\/types\/product"}],"replies":[{"embeddable":true,"href":"https:\/\/vozolpuff.de\/fr\/wp-json\/wp\/v2\/comments?post=888"}],"wp:featuredmedia":[{"embeddable":true,"href":"https:\/\/vozolpuff.de\/fr\/wp-json\/wp\/v2\/media\/891"}],"wp:attachment":[{"href":"https:\/\/vozolpuff.de\/fr\/wp-json\/wp\/v2\/media?parent=888"}],"wp:term":[{"taxonomy":"product_brand","embeddable":true,"href":"https:\/\/vozolpuff.de\/fr\/wp-json\/wp\/v2\/product_brand?post=888"},{"taxonomy":"product_cat","embeddable":true,"href":"https:\/\/vozolpuff.de\/fr\/wp-json\/wp\/v2\/product_cat?post=888"},{"taxonomy":"product_tag","embeddable":true,"href":"https:\/\/vozolpuff.de\/fr\/wp-json\/wp\/v2\/product_tag?post=888"}],"curies":[{"name":"wp","href":"https:\/\/api.w.org\/{rel}","templated":true}]}}