{"id":289,"date":"2025-08-21T09:36:49","date_gmt":"2025-08-21T07:36:49","guid":{"rendered":"https:\/\/vozolpuff.de\/?page_id=289"},"modified":"2025-08-21T09:58:28","modified_gmt":"2025-08-21T07:58:28","slug":"about","status":"publish","type":"page","link":"https:\/\/vozolpuff.de\/hu\/about\/","title":{"rendered":"A  oldalr\u00f3l"},"content":{"rendered":"<section class=\"section dark\" id=\"section_1481061567\">\n\t\t<div class=\"section-bg fill\" >\n\t\t\t<img loading=\"lazy\" decoding=\"async\" width=\"1024\" height=\"588\" src=\"https:\/\/vozolpuff.de\/wp-content\/uploads\/2025\/08\/\u5fae\u4fe1\u56fe\u7247_20250820223125.png\" class=\"bg attachment- size-\" alt=\"\" \/>\t\t\t\t\t\t<div class=\"section-bg-overlay absolute fill\"><\/div>\n\t\t\t\n\n\t\t<\/div>\n\n\t\t\n\n\t\t<div class=\"section-content relative\">\n\t\t\t\n\n<div class=\"row align-center\"  id=\"row-2049295108\">\n\n\n\t<div id=\"col-322835176\" class=\"col medium-9 small-12 large-7\"  >\n\t\t\t\t<div class=\"col-inner text-center\"  >\n\t\t\t\n\t\t\t\n\n\t<div id=\"text-2689669068\" class=\"text\">\n\t\t\n\n<h3>R\u00f3lunk<\/h3>\n\t\t\n<style>\n#text-2689669068 {\n  font-size: 2.75rem;\n  line-height: 1;\n}\n<\/style>\n\t<\/div>\n\t\n\t<div id=\"text-1282632360\" class=\"text\">\n\t\t\n\n<p><strong>Fedezze fel a vozolpuff.co.uk weboldalt, az \u00d6n els\u0151 sz\u00e1m\u00fa c\u00e9lpontj\u00e1t a kiv\u00e1l\u00f3 min\u0151s\u00e9g\u0171 eldobhat\u00f3 p\u00e1rologtat\u00f3 term\u00e9kek online beszerz\u00e9s\u00e9hez. Hat \u00e9ves ipar\u00e1gi tapasztalatunkkal olyan vezet\u0151 m\u00e1rk\u00e1k megb\u00edzhat\u00f3 forgalmaz\u00f3j\u00e1v\u00e1 v\u00e1ltunk, mint a Vozol, Waspe, Bang, JNR, RandM Tornado, Elf Box, Uwin, Vapsolo, Al Fakher \u00e9s sok m\u00e1s elismert n\u00e9v a vaping iparban. A nemzetk\u00f6zileg elismert term\u00e9keink vil\u00e1gszerte sz\u00e1mos orsz\u00e1gban jutnak el a v\u00e1s\u00e1rl\u00f3khoz.<\/strong><\/p>\n<p><strong>A vozolpuff.de-n\u00e9l mind a kiskeresked\u0151ket, mind a nagykeresked\u0151ket az eldobhat\u00f3 p\u00e1rologtat\u00e1si megold\u00e1sok \u00e1tfog\u00f3 v\u00e1laszt\u00e9k\u00e1val szolg\u00e1ljuk ki. A kiemelked\u0151 min\u0151s\u00e9gre \u00e9s a v\u00e1s\u00e1rl\u00f3i el\u00e9gedetts\u00e9gre val\u00f3 \u00f6sszpontos\u00edt\u00e1sunk megb\u00edzhat\u00f3 \u00e9s professzion\u00e1lis vaping-kiskeresked\u0151k\u00e9nt jellemez minket.<\/strong><\/p>\n<p><strong>B\u00f6ng\u00e9sszen a Vozol eldobhat\u00f3 k\u00e9sz\u00fcl\u00e9kek, RandM Tornado term\u00e9kek, Vapsolo term\u00e9kek, Elf Box term\u00e9kek \u00e9s m\u00e1s pr\u00e9mium m\u00e1rk\u00e1k v\u00e1ltozatos k\u00edn\u00e1lat\u00e1ban, hogy megtal\u00e1lja az \u00d6n egy\u00e9ni ig\u00e9nyeinek megfelel\u0151 t\u00f6k\u00e9letes vaping megold\u00e1st. Ak\u00e1r tapasztalt vapingrajong\u00f3 vagy, ak\u00e1r csak most kezded a vaping utaz\u00e1st, sz\u00e9les k\u00edn\u00e1latunkban mindenki sz\u00e1m\u00e1ra van valami.<\/strong><\/p>\n<p><strong>V\u00e1lassza a vozolpuff.co.uk weboldalt a probl\u00e9mamentes v\u00e1s\u00e1rl\u00e1si \u00e9lm\u00e9ny\u00e9rt, a tisztess\u00e9ges \u00e1rak\u00e9rt \u00e9s az \u00edzek \u00e9s eszk\u00f6z\u00f6k leny\u0171g\u00f6z\u0151 v\u00e1laszt\u00e9k\u00e1\u00e9rt, amelyek fokozz\u00e1k a p\u00e1rologtat\u00e1si kalandot. Csatlakozzon el\u00e9gedett \u00fcgyfeleinkhez vil\u00e1gszerte, \u00e9s tapasztalja meg az eldobhat\u00f3 p\u00e1rol\u00f3k \u00e1ltal ny\u00fajtott praktikumot \u00e9s el\u00e9gedetts\u00e9get.<\/strong><\/p>\n<p><strong>Forradalmas\u00edtsa a p\u00e1rologtat\u00e1s \u00e9lm\u00e9ny\u00e9t a vozolpuff.co.uk pr\u00e9mium eldobhat\u00f3 term\u00e9keivel. Rendeljen m\u00e9g ma, \u00e9s \u00e9lvezze a p\u00e1rologtat\u00e1s t\u00f6k\u00e9letess\u00e9g\u00e9t a legjobban!<\/strong><\/p>\n\t\t\n<style>\n#text-1282632360 {\n  font-size: 1.2rem;\n  line-height: 1.65;\n  color: rgb(255,255,255);\n}\n#text-1282632360 > * {\n  color: rgb(255,255,255);\n}\n<\/style>\n\t<\/div>\n\t\n\n\t\t<\/div>\n\t\t\t\t\t<\/div>\n\n\t\n\n<\/div>\n\n\t\t<\/div>\n\n\t\t\n<style>\n#section_1481061567 {\n  padding-top: 30px;\n  padding-bottom: 30px;\n  min-height: 600px;\n}\n#section_1481061567 .section-bg-overlay {\n  background-color: rgba(0, 0, 0, 0.4);\n}\n@media (min-width:850px) {\n  #section_1481061567 {\n    min-height: 900px;\n  }\n}\n<\/style>\n\t<\/section>","protected":false},"excerpt":{"rendered":"","protected":false},"author":1,"featured_media":0,"parent":0,"menu_order":0,"comment_status":"closed","ping_status":"closed","template":"","meta":{"_acf_changed":false,"footnotes":""},"class_list":["post-289","page","type-page","status-publish","hentry"],"acf":[],"_links":{"self":[{"href":"https:\/\/vozolpuff.de\/hu\/wp-json\/wp\/v2\/pages\/289","targetHints":{"allow":["GET"]}}],"collection":[{"href":"https:\/\/vozolpuff.de\/hu\/wp-json\/wp\/v2\/pages"}],"about":[{"href":"https:\/\/vozolpuff.de\/hu\/wp-json\/wp\/v2\/types\/page"}],"author":[{"embeddable":true,"href":"https:\/\/vozolpuff.de\/hu\/wp-json\/wp\/v2\/users\/1"}],"replies":[{"embeddable":true,"href":"https:\/\/vozolpuff.de\/hu\/wp-json\/wp\/v2\/comments?post=289"}],"version-history":[{"count":10,"href":"https:\/\/vozolpuff.de\/hu\/wp-json\/wp\/v2\/pages\/289\/revisions"}],"predecessor-version":[{"id":307,"href":"https:\/\/vozolpuff.de\/hu\/wp-json\/wp\/v2\/pages\/289\/revisions\/307"}],"wp:attachment":[{"href":"https:\/\/vozolpuff.de\/hu\/wp-json\/wp\/v2\/media?parent=289"}],"curies":[{"name":"wp","href":"https:\/\/api.w.org\/{rel}","templated":true}]}}