{"id":328,"date":"2025-08-21T10:43:16","date_gmt":"2025-08-21T08:43:16","guid":{"rendered":"https:\/\/vozolpuff.de\/?page_id=328"},"modified":"2025-08-21T10:43:18","modified_gmt":"2025-08-21T08:43:18","slug":"rueckgaberichtlinie","status":"publish","type":"page","link":"https:\/\/vozolpuff.de\/hu\/rueckgaberichtlinie\/","title":{"rendered":"Visszat\u00e9r\u00edt\u00e9si politika"},"content":{"rendered":"<p><strong>Visszat\u00e9r\u00e9si id\u0151szakok \u00e9s \u00e1ltal\u00e1nos rendelkez\u00e9sek<\/strong><\/p>\n\n\n\n<ul class=\"wp-block-list\">\n<li><strong>A visszat\u00e9r\u00e9s id\u0151kerete<\/strong>: 3 napos visszak\u00fcld\u00e9si id\u0151 a v\u00e1s\u00e1rl\u00e1st\u00f3l sz\u00e1m\u00edtva<\/li>\n\n\n\n<li><strong>Sz\u00e1ll\u00edt\u00e1si id\u0151k<\/strong>3 napos sz\u00e1ll\u00edt\u00e1si id\u0151 - az \u00e1ru megfelel\u0151 m\u0171k\u00f6d\u00e9s\u00e9nek ellen\u0151rz\u00e9se k\u00f6zvetlen\u00fcl a meg\u00e9rkez\u00e9s ut\u00e1n.<\/li>\n\n\n\n<li><strong>Id\u0151z\u00edt\u00e9s<\/strong>: 3 nap ut\u00e1n semmilyen okb\u00f3l nincs lehet\u0151s\u00e9g visszat\u00e9r\u00edt\u00e9sre vagy cser\u00e9re.<\/li>\n\n\n\n<li><strong>A sorrend m\u00f3dos\u00edt\u00e1sa<\/strong>: A c\u00edm m\u00f3dos\u00edt\u00e1s\u00e1t a felad\u00e1sig lehet elv\u00e9gezni a czhiwen97@gmail.com e-mail c\u00edmen.<\/li>\n\n\n\n<li><strong>Az \u00e1ruk felad\u00e1sa ut\u00e1n<\/strong>A t\u00f6rl\u00e9s m\u00e1r nem lehets\u00e9ges<\/li>\n<\/ul>\n\n\n\n<p><strong>K\u00f6lts\u00e9gek \u00e9s d\u00edjak<\/strong><\/p>\n\n\n\n<ul class=\"wp-block-list\">\n<li><strong>Nem elfogadott sz\u00e1ll\u00edt\u00e1sok<\/strong>30% Feldolgoz\u00e1si d\u00edj a csomag visszautas\u00edt\u00e1s\u00e1\u00e9rt vagy hib\u00e1s c\u00edm\u00e9rt visszat\u00e9r\u00edt\u00e9si k\u00e9relemmel egy\u00fctt<\/li>\n\n\n\n<li><strong>Sz\u00e1ll\u00edt\u00e1si k\u00f6lts\u00e9gek<\/strong>\u00e1ltal\u00e1ban nem t\u00e9r\u00edthet\u0151k vissza<\/li>\n\n\n\n<li><strong>Visszat\u00e9r\u0151 t\u00e1rol\u00e1si k\u00f6lts\u00e9gek<\/strong>50% A visszak\u00fcld\u00f6tt, hib\u00e1tlan, felbontott \u00e1ruk d\u00edja<\/li>\n<\/ul>\n\n\n\n<p><strong>Visszak\u00fcld\u00e9sre enged\u00e9lyezett \u00e1ruk<\/strong><\/p>\n\n\n\n<ul class=\"wp-block-list\">\n<li><strong>Elfogadott visszat\u00e9r\u00edt\u00e9sek<\/strong>Csak a hib\u00e1s term\u00e9keket fogadjuk el visszak\u00fcld\u00e9sre<\/li>\n\n\n\n<li><strong>Standard cikk<\/strong>: Nincs visszat\u00e9r\u00edt\u00e9s a norm\u00e1l term\u00e9kekre<\/li>\n<\/ul>\n\n\n\n<p><strong>Nem visszav\u00e1lthat\u00f3 term\u00e9kek<\/strong> <strong>Higi\u00e9niai \u00e9s biztons\u00e1gi okokb\u00f3l:<\/strong><\/p>\n\n\n\n<ul class=\"wp-block-list\">\n<li>E-cigaretta folyad\u00e9kok\/e-folyad\u00e9kok<\/li>\n\n\n\n<li>Sz\u00e1jr\u00e9szek, patronok, p\u00e1rologtat\u00f3 tekercsek<\/li>\n\n\n\n<li>Nyitott tart\u00e1ly\/RDA\/RDTA rendszerek<\/li>\n\n\n\n<li>F\u0171t\u0151tekercsek, huzalok, vatta<\/li>\n\n\n\n<li>Tart\u00e1ly, p\u00e1rologtat\u00f3egys\u00e9gek, p\u00e1rologtat\u00f3fejek<\/li>\n\n\n\n<li>Akkumul\u00e1torok, t\u00f6lt\u0151k<\/li>\n<\/ul>\n\n\n\n<p><strong>Tov\u00e1bbi kiz\u00e1r\u00e1sok:<\/strong><\/p>\n\n\n\n<ul class=\"wp-block-list\">\n<li>Ingyenes vagy prom\u00f3ci\u00f3s mint\u00e1k<\/li>\n\n\n\n<li>Egyedi megrendel\u00e9sek az \u00e9rt\u00e9kes\u00edt\u00e9si szem\u00e9lyzeten kereszt\u00fcl<\/li>\n\n\n\n<li>T\u00f6meges megrendel\u00e9sek<\/li>\n\n\n\n<li>Minden bemutatott vagy m\u00f3dos\u00edtott term\u00e9k<\/li>\n\n\n\n<li>Fizikai s\u00e9r\u00fcl\u00e9sekkel, nedvess\u00e9gk\u00e1rosod\u00e1ssal vagy manipul\u00e1ci\u00f3ra utal\u00f3 jelekkel rendelkez\u0151 t\u00e1rgyak.<\/li>\n<\/ul>\n\n\n\n<p><strong>Visszat\u00e9r\u00e9si elj\u00e1r\u00e1s<\/strong><\/p>\n\n\n\n<ul class=\"wp-block-list\">\n<li><strong>Sz\u00fcks\u00e9ges inform\u00e1ci\u00f3k<\/strong>Teljes n\u00e9v, rendel\u00e9s sz\u00e1ma \u00e9s d\u00e1tuma, a term\u00e9k adatai: megnevez\u00e9se, gy\u00e1rt\u00f3, t\u00edpusa, sz\u00edne<\/li>\n\n\n\n<li><strong>A visszat\u00e9r\u00e9s t\u00edpusa<\/strong>Hib\u00e1s cikk, rossz term\u00e9k<\/li>\n\n\n\n<li><strong>K\u00e9p kreditpontok<\/strong>Vonalk\u00f3d, sorozatsz\u00e1m, QR-k\u00f3d f\u00e9nyk\u00e9pes\/vide\u00f3s bizony\u00edt\u00e9kai<\/li>\n\n\n\n<li><strong>Visszat\u00e9r\u00e9si t\u00edpus<\/strong>Visszat\u00e9r\u00edt\u00e9s, bolti hitel vagy term\u00e9kcsere<\/li>\n\n\n\n<li><strong>Visszasz\u00e1ll\u00edt\u00e1s<\/strong>Saj\u00e1t csomagol\u00e1s \u00e9s kisz\u00e1ll\u00edt\u00e1s a megrendel\u0151 k\u00f6lts\u00e9g\u00e9re<\/li>\n\n\n\n<li><strong>Feldolgoz\u00e1si id\u0151<\/strong>1-3 munkanap Az \u00e1ru \u00e1tv\u00e9tel\u00e9t k\u00f6vet\u0151 ellen\u0151rz\u00e9s<\/li>\n\n\n\n<li><strong>Kapcsolatfelv\u00e9teli lehet\u0151s\u00e9g<\/strong>: czhiwen97@gmail.com<\/li>\n<\/ul>\n\n\n\n<p><strong>A hib\u00e1s t\u00e9telekre vonatkoz\u00f3 k\u00f6vetelm\u00e9nyek<\/strong><\/p>\n\n\n\n<ul class=\"wp-block-list\">\n<li><strong>A csere\/hitel felt\u00e9telei<\/strong>: Nincs fizikai s\u00e9r\u00fcl\u00e9s vagy m\u00e9ly karcol\u00e1s<\/li>\n\n\n\n<li><strong>Nincs visszat\u00e9r\u00e9s<\/strong>Kisebb optikai hib\u00e1k miatt<\/li>\n\n\n\n<li><strong>Teljess\u00e9g<\/strong>: Minden tov\u00e1bbi alkatr\u00e9szt szint\u00e9n el kell k\u00fcldeni<\/li>\n\n\n\n<li><strong>Csomagol\u00e1s<\/strong>: Gondos csomagol\u00e1sra van sz\u00fcks\u00e9g<\/li>\n\n\n\n<li><strong>Kiz\u00e1r\u00e1si krit\u00e9riumok<\/strong>A cikkek nem szerepelhetnek a kiz\u00e1r\u00e1si list\u00e1n<\/li>\n<\/ul>\n\n\n\n<p><strong>Visszat\u00e9r\u00edt\u00e9s feldolgoz\u00e1sa \u00e9s kezel\u00e9se<\/strong><\/p>\n\n\n\n<ul class=\"wp-block-list\">\n<li><strong>Feldolgoz\u00e1si id\u0151<\/strong>7-10 munkanap postai visszak\u00fcld\u00e9s eset\u00e9n<\/li>\n\n\n\n<li><strong>Visszat\u00e9r\u00edt\u00e9s feldolgoz\u00e1sa<\/strong>3-7 munkanap a visszafizet\u00e9s feldolgoz\u00e1s\u00e1ra<\/li>\n\n\n\n<li><strong>Bankf\u00fcgg\u0151 id\u0151tartam<\/strong>A bankt\u00f3l f\u00fcgg\u0151en legfeljebb 10 tov\u00e1bbi nap<\/li>\n\n\n\n<li><strong>Norm\u00e1l \u00e1rak<\/strong>: Visszat\u00e9r\u00edtend\u0151<\/li>\n\n\n\n<li><strong>Prom\u00f3ci\u00f3s term\u00e9kek<\/strong>: Nem jogosult a visszat\u00e9r\u00e9sre<\/li>\n\n\n\n<li><strong>Elad\u00f3 t\u00e9telek<\/strong>: Nem garant\u00e1lt a csere, nem rendelj\u00fck \u00fajra.<\/li>\n<\/ul>\n\n\n\n<p><strong>Fontos megjegyz\u00e9sek<\/strong><\/p>\n\n\n\n<ul class=\"wp-block-list\">\n<li><strong>Felel\u0151ss\u00e9g<\/strong>Nincs felel\u0151ss\u00e9g az elveszett, ellopott vagy s\u00e9r\u00fclt visszak\u00fcld\u00f6tt term\u00e9kek\u00e9rt.<\/li>\n\n\n\n<li><strong>A v\u00e1s\u00e1rl\u00f3 megb\u00e1nta<\/strong>Nincs visszaad\u00e1s a kibontott\/haszn\u00e1lt, hib\u00e1tlan t\u00e9telek eset\u00e9ben.<\/li>\n\n\n\n<li><strong>Helyi rendeletek<\/strong>: A v\u00e1s\u00e1rl\u00f3knak ellen\u0151rizni\u00fck kell a helyi jogszab\u00e1lyokat<\/li>\n\n\n\n<li><strong>Felel\u0151ss\u00e9gi nyilatkozat<\/strong>: Nem jogi tan\u00e1csad\u00e1s a vozolpuff.de \u00e1ltal<\/li>\n\n\n\n<li><strong>Az akkumul\u00e1tor biztons\u00e1ga<\/strong>Nem v\u00e1llal felel\u0151ss\u00e9get az akkumul\u00e1tor helytelen haszn\u00e1lata \u00e1ltal okozott k\u00e1rok\u00e9rt.<\/li>\n\n\n\n<li><strong>K\u00e9szp\u00e9nz ut\u00e1nv\u00e9tellel<\/strong>: M\u00e1r nem \u00e1ll rendelkez\u00e9sre sz\u00e1ll\u00edt\u00e1si lehet\u0151s\u00e9gk\u00e9nt<\/li>\n<\/ul>","protected":false},"excerpt":{"rendered":"<p>R\u00fcckgabefristen und Allgemeine Bestimmungen Kosten und Abgaben Zur R\u00fcckgabe berechtigte Waren Nicht r\u00fccksendbare Produkte Hygienische und sicherheitsrelevante Gr\u00fcnde: Weitere Ausschl\u00fcsse: Ablauf der R\u00fcckgabe Voraussetzungen f\u00fcr mangelhafte Artikel Erstattungsabwicklung und Bearbeitung Wesentliche Hinweise<\/p>","protected":false},"author":1,"featured_media":0,"parent":0,"menu_order":0,"comment_status":"closed","ping_status":"closed","template":"","meta":{"_acf_changed":false,"footnotes":""},"class_list":["post-328","page","type-page","status-publish","hentry"],"acf":[],"_links":{"self":[{"href":"https:\/\/vozolpuff.de\/hu\/wp-json\/wp\/v2\/pages\/328","targetHints":{"allow":["GET"]}}],"collection":[{"href":"https:\/\/vozolpuff.de\/hu\/wp-json\/wp\/v2\/pages"}],"about":[{"href":"https:\/\/vozolpuff.de\/hu\/wp-json\/wp\/v2\/types\/page"}],"author":[{"embeddable":true,"href":"https:\/\/vozolpuff.de\/hu\/wp-json\/wp\/v2\/users\/1"}],"replies":[{"embeddable":true,"href":"https:\/\/vozolpuff.de\/hu\/wp-json\/wp\/v2\/comments?post=328"}],"version-history":[{"count":1,"href":"https:\/\/vozolpuff.de\/hu\/wp-json\/wp\/v2\/pages\/328\/revisions"}],"predecessor-version":[{"id":330,"href":"https:\/\/vozolpuff.de\/hu\/wp-json\/wp\/v2\/pages\/328\/revisions\/330"}],"wp:attachment":[{"href":"https:\/\/vozolpuff.de\/hu\/wp-json\/wp\/v2\/media?parent=328"}],"curies":[{"name":"wp","href":"https:\/\/api.w.org\/{rel}","templated":true}]}}