{"id":331,"date":"2025-08-21T10:45:50","date_gmt":"2025-08-21T08:45:50","guid":{"rendered":"https:\/\/vozolpuff.de\/?page_id=331"},"modified":"2025-08-21T10:45:52","modified_gmt":"2025-08-21T08:45:52","slug":"versand-und-lieferung","status":"publish","type":"page","link":"https:\/\/vozolpuff.de\/hu\/versand-und-lieferung\/","title":{"rendered":"Sz\u00e1ll\u00edt\u00e1s \u00e9s k\u00e9zbes\u00edt\u00e9s"},"content":{"rendered":"<h2 class=\"wp-block-heading\"><strong>Megrendel\u00e9s feldolgoz\u00e1sa \u00e9s felad\u00e1sa<\/strong><\/h2>\n\n\n\n<ul class=\"wp-block-list\">\n<li><strong>Feldolgoz\u00e1si id\u0151<\/strong>A megrendel\u00e9seket 1-5 munkanapon bel\u00fcl feldolgozzuk \u00e9s elk\u00fcldj\u00fck.<\/li>\n\n\n\n<li><strong>Szabv\u00e1nyos sz\u00e1ll\u00edt\u00e1si id\u0151<\/strong>A szok\u00e1sos sz\u00e1ll\u00edt\u00e1si id\u0151 10-15 munkanap<\/li>\n\n\n\n<li><strong>Sz\u00e1ll\u00edt\u00e1si sz\u00fcnet<\/strong>: Az \u00e1rukat h\u00e9tv\u00e9g\u00e9n \u00e9s munkasz\u00fcneti napokon nem sz\u00e1ll\u00edtjuk ki.<\/li>\n<\/ul>\n\n\n\n<h2 class=\"wp-block-heading\"><strong>Csomagk\u00f6vet\u00e9s<\/strong><\/h2>\n\n\n\n<ul class=\"wp-block-list\">\n<li><strong>Nyomonk\u00f6vet\u00e9si \u00e9rtes\u00edt\u00e9s<\/strong>: A felad\u00e1s ut\u00e1n az \u00fcgyfelek e-mailben kapj\u00e1k meg a nyomon k\u00f6vet\u00e9si sz\u00e1mot a sz\u00e1ll\u00edt\u00e1s ellen\u0151rz\u00e9s\u00e9hez.<\/li>\n\n\n\n<li><strong>A nyomonk\u00f6vet\u00e9si adatok friss\u00edt\u00e9se<\/strong>A nyomon k\u00f6vet\u00e9si inform\u00e1ci\u00f3k csak a felad\u00e1s ut\u00e1n 3-7 nappal friss\u00fclnek.<\/li>\n<\/ul>\n\n\n\n<h2 class=\"wp-block-heading\"><strong>Megrendel\u00e9sek m\u00f3dos\u00edt\u00e1sa \u00e9s t\u00f6rl\u00e9se<\/strong><\/h2>\n\n\n\n<ul class=\"wp-block-list\">\n<li><strong>Felad\u00e1s el\u0151tt<\/strong>A megrendel\u00e9seket a felad\u00e1s el\u0151tt le lehet mondani, illetve a sz\u00e1ll\u00edt\u00e1si c\u00edm m\u00f3dos\u00edthat\u00f3.<\/li>\n\n\n\n<li><strong>Sz\u00e1ll\u00edt\u00e1s ut\u00e1n<\/strong>: A felad\u00e1s ut\u00e1n nincs lehet\u0151s\u00e9g visszat\u00e9r\u00edt\u00e9sre vagy c\u00edmv\u00e1ltoztat\u00e1sra.<\/li>\n<\/ul>\n\n\n\n<h2 class=\"wp-block-heading\"><strong>V\u00e1mkezel\u00e9s \u00e9s v\u00e1mkezel\u00e9s<\/strong><\/h2>\n\n\n\n<ul class=\"wp-block-list\">\n<li><strong>DDP sz\u00e1ll\u00edt\u00e1s (Delivery Duty Paid)<\/strong>A k\u00f6vetkez\u0151 orsz\u00e1gokba\/r\u00e9gi\u00f3kba k\u00edn\u00e1ljuk, ahol nem mer\u00fclnek fel v\u00e1mkezel\u00e9si vagy v\u00e1mk\u00f6lts\u00e9gek:\n<ul class=\"wp-block-list\">\n<li>USA (UPS-szel, kiv\u00e9ve Alaszk\u00e1t \u00e9s Hawaiit)<\/li>\n\n\n\n<li>Ausztr\u00e1lia (az Ausztr\u00e1lia Post\u00e1n kereszt\u00fcl)<\/li>\n\n\n\n<li>Egyes\u00fclt Kir\u00e1lys\u00e1g (DPD Expressen kereszt\u00fcl)<\/li>\n\n\n\n<li>Eur\u00f3pa (DHL Express \/ DPD Expressen kereszt\u00fcl)<\/li>\n<\/ul>\n<\/li>\n<\/ul>\n\n\n\n<h2 class=\"wp-block-heading\"><strong>Szolg\u00e1ltat\u00e1si korl\u00e1toz\u00e1sok<\/strong><\/h2>\n\n\n\n<ul class=\"wp-block-list\">\n<li><strong>Nem el\u00e9rhet\u0151 orsz\u00e1gok<\/strong>: A szolg\u00e1ltat\u00e1s nem \u00e9rhet\u0151 el n\u00e9h\u00e1ny olyan orsz\u00e1gban, ahol szigor\u00fa v\u00e1mszab\u00e1lyok vannak \u00e9rv\u00e9nyben: D\u00e1nia, Ausztr\u00e1lia, Norv\u00e9gia \u00e9s Sv\u00e1jc.<\/li>\n<\/ul>\n\n\n\n<h2 class=\"wp-block-heading\"><strong>Kieg\u00e9sz\u00edt\u0151 inform\u00e1ci\u00f3k<\/strong><\/h2>\n\n\n\n<ul class=\"wp-block-list\">\n<li><strong>T\u00e1voli r\u00e9gi\u00f3k<\/strong>: A nehezen megk\u00f6zel\u00edthet\u0151 ter\u00fcleteken tov\u00e1bbi k\u00f6lts\u00e9gek \u00e9s hosszabb sz\u00e1ll\u00edt\u00e1si id\u0151 mer\u00fclhet fel.<\/li>\n\n\n\n<li><strong>\u00dcgyf\u00e9lszolg\u00e1lat<\/strong>Ha b\u00e1rmilyen k\u00e9rd\u00e9se van, k\u00e9rj\u00fck, forduljon az \u00fcgyf\u00e9lszolg\u00e1lathoz a czhiwen97@gmail.com c\u00edmen.<\/li>\n<\/ul>","protected":false},"excerpt":{"rendered":"<p>Auftragsabwicklung und Versendung Paketverfolgung \u00c4nderungen und Stornierungen von Bestellungen Zollabwicklung und Verzollung Servicebeschr\u00e4nkungen Erg\u00e4nzende Informationen<\/p>","protected":false},"author":1,"featured_media":0,"parent":0,"menu_order":0,"comment_status":"closed","ping_status":"closed","template":"","meta":{"_acf_changed":false,"footnotes":""},"class_list":["post-331","page","type-page","status-publish","hentry"],"acf":[],"_links":{"self":[{"href":"https:\/\/vozolpuff.de\/hu\/wp-json\/wp\/v2\/pages\/331","targetHints":{"allow":["GET"]}}],"collection":[{"href":"https:\/\/vozolpuff.de\/hu\/wp-json\/wp\/v2\/pages"}],"about":[{"href":"https:\/\/vozolpuff.de\/hu\/wp-json\/wp\/v2\/types\/page"}],"author":[{"embeddable":true,"href":"https:\/\/vozolpuff.de\/hu\/wp-json\/wp\/v2\/users\/1"}],"replies":[{"embeddable":true,"href":"https:\/\/vozolpuff.de\/hu\/wp-json\/wp\/v2\/comments?post=331"}],"version-history":[{"count":2,"href":"https:\/\/vozolpuff.de\/hu\/wp-json\/wp\/v2\/pages\/331\/revisions"}],"predecessor-version":[{"id":2549,"href":"https:\/\/vozolpuff.de\/hu\/wp-json\/wp\/v2\/pages\/331\/revisions\/2549"}],"wp:attachment":[{"href":"https:\/\/vozolpuff.de\/hu\/wp-json\/wp\/v2\/media?parent=331"}],"curies":[{"name":"wp","href":"https:\/\/api.w.org\/{rel}","templated":true}]}}