{"id":1009,"date":"2025-08-24T16:37:30","date_gmt":"2025-08-24T14:37:30","guid":{"rendered":"https:\/\/vozolpuff.de\/?post_type=product&#038;p=1009"},"modified":"2026-01-15T11:50:45","modified_gmt":"2026-01-15T10:50:45","slug":"vozol-rave-40000-dragon-banana-strawberry","status":"publish","type":"product","link":"https:\/\/vozolpuff.de\/hu\/termek\/vozol-rave-40000-dragon-banana-strawberry\/","title":{"rendered":"Vozol Rave 40000 S\u00e1rk\u00e1ny ban\u00e1n eper"},"content":{"rendered":"<h2 class=\"text-xl font-bold text-text-100 mt-1 -mb-0.5\">Vozol Rave 40000 S\u00e1rk\u00e1ny Ban\u00e1n Eper Eper eldobhat\u00f3 Vape<\/h2>\n<p class=\"whitespace-normal break-words\">A VOZOL RAVE 40000 Dragon Banana Strawberry az egzotikus s\u00e1rk\u00e1nygy\u00fcm\u00f6lcs\u00f6t kr\u00e9mes ban\u00e1nnal \u00e9s \u00e9des eperrel kombin\u00e1lja. Ez a rendk\u00edv\u00fcli h\u00e1rmas gy\u00fcm\u00f6lcskompoz\u00edci\u00f3 komplex \u00e9s t\u00f6bbr\u00e9teg\u0171 g\u0151z\u00f6l\u00e9si \u00e9lm\u00e9nyt ny\u00fajt. Az intelligens kijelz\u0151rendszer \u00fctemfelismer\u00e9ssel interakt\u00edv pillanatt\u00e1 var\u00e1zsol minden egyes sz\u00edv\u00e1st.<\/p>\n<h3 class=\"text-lg font-bold text-text-100 mt-1 -mb-1.5\">A Dragon Banana Strawberry v\u00e1ltozat specifik\u00e1ci\u00f3i:<\/h3>\n<p class=\"whitespace-normal break-words\"><strong>E-folyad\u00e9k tartalom:<\/strong> 20ml egzotikus h\u00e1rom gy\u00fcm\u00f6lcs\u00f6s formula<br \/>\n<strong>Energiat\u00e1rol\u00e1s:<\/strong> 1000mAh nagy kapacit\u00e1s\u00fa akkumul\u00e1tor Type-C-vel<br \/>\n<strong>Hasznos \u00e9lettartam:<\/strong> Maximum 40.000 bel\u00e9gz\u00e9s (k\u00edm\u00e9letes \u00fczemm\u00f3dban) | 25.000 (er\u0151sebb \u00fczemm\u00f3dban)<br \/>\n<strong>Nikotin tartalom:<\/strong> 5% (50mg) az intenz\u00edv r\u00fag\u00e1s\u00e9rt<br \/>\n<strong>P\u00e1rologtat\u00f3 egys\u00e9g:<\/strong> High-end h\u00e1l\u00f3s tekercsrendszer<br \/>\n<strong>Szell\u0151z\u0151rendszer:<\/strong> Pontos l\u00e9g\u00e1raml\u00e1s-be\u00e1ll\u00edt\u00e1s<br \/>\n<strong>Megfigyel\u0151 kijelz\u0151:<\/strong> Val\u00f3s idej\u0171 akkumul\u00e1tor- \u00e9s tart\u00e1ly\u00e1llapot<br \/>\n<strong>\u00c9rz\u00e9kel\u0151t\u00f6mb:<\/strong> 270\u00b0 mozg\u00e1s\u00e9rz\u00e9kel\u00e9s grafikus kimenettel<br \/>\n<strong>M\u0171k\u00f6d\u00e9si m\u00f3dok:<\/strong> V\u00e1ltoz\u00f3 teljes\u00edtm\u00e9nybe\u00e1ll\u00edt\u00e1sok<br \/>\n<strong>mikrokontroller:<\/strong> Dupla MCU S.i.L.C. technol\u00f3giai platform<\/p>\n<h3 class=\"text-lg font-bold text-text-100 mt-1 -mb-1.5\">Fedezzen fel t\u00f6bb VOZOL VAPE-t a vozolpuff-on<\/h3>\n<p class=\"whitespace-normal break-words\">Fedezzen fel t\u00f6bb pr\u00e9mium e-cigarett\u00e1t a <strong><a class=\"underline\" href=\"https:\/\/vozolpuff.de\/hu\/\">Kezd\u0151lap<\/a><\/strong>, fedezze fel a teljes <strong><a class=\"underline\" href=\"https:\/\/vozolpuff.de\/hu\/product-category\/vozol-vape\/\">VOZOL VAPE kollekci\u00f3<\/a><\/strong> vagy b\u00f6ng\u00e9szhet az \u00f6sszes el\u00e9rhet\u0151 <strong><a class=\"underline\" href=\"https:\/\/vozolpuff.de\/hu\/product-category\/vozol-vape\/vozol-rave-40000\/\">Vozol Rave 40000 \u00edzek<\/a><\/strong>.<\/p>","protected":false},"excerpt":{"rendered":"<p>A VOZOL RAVE 40000 Dragon Banana Strawberry eldobhat\u00f3 vape az egzotikus s\u00e1rk\u00e1nygy\u00fcm\u00f6lcs\u00f6t, a kr\u00e9mes ban\u00e1nt \u00e9s az \u00e9des epret \u00f6tv\u00f6zi, hogy egy rendk\u00edv\u00fcli h\u00e1rmas gy\u00fcm\u00f6lcskompoz\u00edci\u00f3t hozzon l\u00e9tre. Ak\u00e1r 40 000 puffol\u00e1ssal, intelligens \u00fctemfelismer\u0151 kijelz\u0151vel, 1000mAh akkumul\u00e1torral \u00e9s cs\u00facskateg\u00f3ri\u00e1s h\u00e1l\u00f3s tekercsekkel.<\/p>","protected":false},"featured_media":1011,"comment_status":"open","ping_status":"closed","template":"","meta":{"_acf_changed":false},"product_brand":[],"product_cat":[32],"product_tag":[],"class_list":{"0":"post-1009","1":"product","2":"type-product","3":"status-publish","4":"has-post-thumbnail","6":"product_cat-vozol-rave-40000","8":"first","9":"instock","10":"shipping-taxable","11":"purchasable","12":"product-type-variable"},"acf":[],"_links":{"self":[{"href":"https:\/\/vozolpuff.de\/hu\/wp-json\/wp\/v2\/product\/1009","targetHints":{"allow":["GET"]}}],"collection":[{"href":"https:\/\/vozolpuff.de\/hu\/wp-json\/wp\/v2\/product"}],"about":[{"href":"https:\/\/vozolpuff.de\/hu\/wp-json\/wp\/v2\/types\/product"}],"replies":[{"embeddable":true,"href":"https:\/\/vozolpuff.de\/hu\/wp-json\/wp\/v2\/comments?post=1009"}],"wp:featuredmedia":[{"embeddable":true,"href":"https:\/\/vozolpuff.de\/hu\/wp-json\/wp\/v2\/media\/1011"}],"wp:attachment":[{"href":"https:\/\/vozolpuff.de\/hu\/wp-json\/wp\/v2\/media?parent=1009"}],"wp:term":[{"taxonomy":"product_brand","embeddable":true,"href":"https:\/\/vozolpuff.de\/hu\/wp-json\/wp\/v2\/product_brand?post=1009"},{"taxonomy":"product_cat","embeddable":true,"href":"https:\/\/vozolpuff.de\/hu\/wp-json\/wp\/v2\/product_cat?post=1009"},{"taxonomy":"product_tag","embeddable":true,"href":"https:\/\/vozolpuff.de\/hu\/wp-json\/wp\/v2\/product_tag?post=1009"}],"curies":[{"name":"wp","href":"https:\/\/api.w.org\/{rel}","templated":true}]}}