{"id":1014,"date":"2025-08-24T16:40:01","date_gmt":"2025-08-24T14:40:01","guid":{"rendered":"https:\/\/vozolpuff.de\/?post_type=product&#038;p=1014"},"modified":"2026-01-15T11:50:34","modified_gmt":"2026-01-15T10:50:34","slug":"vozol-rave-40000-blackberry-ice","status":"publish","type":"product","link":"https:\/\/vozolpuff.de\/hu\/termek\/vozol-rave-40000-blackberry-ice\/","title":{"rendered":"Vozol Rave 40000 szeder j\u00e9g"},"content":{"rendered":"<h2 class=\"text-xl font-bold text-text-100 mt-1 -mb-0.5\">Vozol Rave 40000 Blackberry Ice eldobhat\u00f3 vape<\/h2>\n<p class=\"whitespace-normal break-words\">Tapasztalja meg a l\u00e9d\u00fas szeder \u00e9s a friss\u00edt\u0151 h\u0171v\u00f6ss\u00e9g t\u00f6k\u00e9letes egyens\u00faly\u00e1t a VOZOL RAVE 40000 Blackberry Ice-val. A s\u00f6t\u00e9t bogy\u00f3s gy\u00fcm\u00f6lcs\u00f6k tal\u00e1lkoznak egy gyeng\u00e9d h\u0171s\u00edt\u0151 hat\u00e1ssal a friss\u00edt\u0151 befejez\u00e9s\u00e9rt. Az ak\u00e1r 40 000 slukkol\u00e1ssal \u00e9s az innovat\u00edv 270\u00b0-os kijelz\u0151vel ez az eldobhat\u00f3 vape hosszan tart\u00f3 h\u0171s \u00e9lvezetet ny\u00fajt.<\/p>\n<h3 class=\"text-lg font-bold text-text-100 mt-1 -mb-1.5\">A Blackberry Ice v\u00e1ltozat jellemz\u0151i:<\/h3>\n<p class=\"whitespace-normal break-words\"><strong>Tart\u00e1ly t\u00e9rfogata:<\/strong> 20ml h\u0171t\u00f6tt szeder recept<br \/>\n<strong>Energiaforr\u00e1s:<\/strong> 1000mAh gyorst\u00f6lt\u0151 akkumul\u00e1tor USB-C-n kereszt\u00fcl<br \/>\n<strong>Puff sz\u00e1ml\u00e1l\u00f3:<\/strong> Ak\u00e1r 40.000 l\u00e9p\u00e9s (Eco be\u00e1ll\u00edt\u00e1s) | 25.000 (Boost be\u00e1ll\u00edt\u00e1s)<br \/>\n<strong>Nikotin tartalom:<\/strong> 5% (50mg) az \u00e1t\u00fct\u0151 hat\u00e1s \u00e9rdek\u00e9ben<br \/>\n<strong>F\u0171t\u00e9si komponens:<\/strong> H\u00e1l\u00f3s tekercs az autentikus \u00edzek\u00e9rt h\u0171s\u00edt\u0151 jegyekkel<br \/>\n<strong>L\u00e9g\u00e1raml\u00e1s-szab\u00e1lyoz\u00e1s:<\/strong> \u00c1ll\u00edthat\u00f3 szell\u0151z\u00e9s<br \/>\n<strong>Vez\u00e9rl\u0151panel:<\/strong> Digit\u00e1lis visszajelz\u0151 rendszer<br \/>\n<strong>Dinamikus kijelz\u0151:<\/strong> 270\u00b0-os \u00e9rz\u00e9kel\u0151 interakt\u00edv megjelen\u00edt\u00e9ssel<br \/>\n<strong>Teljes\u00edtm\u00e9nybe\u00e1ll\u00edt\u00e1sok:<\/strong> Kett\u0151s intenzit\u00e1sszab\u00e1lyoz\u00e1s<br \/>\n<strong>Logikai chipek:<\/strong> Dual MCU architekt\u00fara az S.i.L.C.Tech-t\u0151l<\/p>\n<h3 class=\"text-lg font-bold text-text-100 mt-1 -mb-1.5\">Fedezzen fel t\u00f6bb VOZOL VAPE-t a vozolpuff-on<\/h3>\n<p class=\"whitespace-normal break-words\">Fedezzen fel t\u00f6bb pr\u00e9mium e-cigarett\u00e1t a <strong><a class=\"underline\" href=\"https:\/\/vozolpuff.de\/hu\/\">Kezd\u0151lap<\/a><\/strong>, fedezze fel a teljes <strong><a class=\"underline\" href=\"https:\/\/vozolpuff.de\/hu\/product-category\/vozol-vape\/\">VOZOL VAPE kollekci\u00f3<\/a><\/strong> vagy b\u00f6ng\u00e9szhet az \u00f6sszes el\u00e9rhet\u0151 <strong><a class=\"underline\" href=\"https:\/\/vozolpuff.de\/hu\/product-category\/vozol-vape\/vozol-rave-40000\/\">Vozol Rave 40000 \u00edzek<\/a><\/strong>.<\/p>","protected":false},"excerpt":{"rendered":"<p>A VOZOL RAVE 40000 Blackberry Ice eldobhat\u00f3 vape a l\u00e9d\u00fas szedret \u00e9s a friss\u00edt\u0151 h\u0171v\u00f6ss\u00e9get \u00f6tv\u00f6zi, hogy t\u00f6k\u00e9letesen kiegyens\u00falyozott \u00edz\u00e9lm\u00e9nyt ny\u00fajtson. Ak\u00e1r 40.000 slukk, innovat\u00edv 270\u00b0-os kijelz\u0151, 1000mAh gyorst\u00f6lt\u0151 akkumul\u00e1tor \u00e9s h\u00e1l\u00f3s tekercs technol\u00f3gia a hosszan tart\u00f3 h\u0171v\u00f6s \u00e9lvezet\u00e9rt.<\/p>","protected":false},"featured_media":1016,"comment_status":"open","ping_status":"closed","template":"","meta":{"_acf_changed":false},"product_brand":[],"product_cat":[32],"product_tag":[],"class_list":{"0":"post-1014","1":"product","2":"type-product","3":"status-publish","4":"has-post-thumbnail","6":"product_cat-vozol-rave-40000","8":"first","9":"instock","10":"shipping-taxable","11":"purchasable","12":"product-type-variable"},"acf":[],"_links":{"self":[{"href":"https:\/\/vozolpuff.de\/hu\/wp-json\/wp\/v2\/product\/1014","targetHints":{"allow":["GET"]}}],"collection":[{"href":"https:\/\/vozolpuff.de\/hu\/wp-json\/wp\/v2\/product"}],"about":[{"href":"https:\/\/vozolpuff.de\/hu\/wp-json\/wp\/v2\/types\/product"}],"replies":[{"embeddable":true,"href":"https:\/\/vozolpuff.de\/hu\/wp-json\/wp\/v2\/comments?post=1014"}],"wp:featuredmedia":[{"embeddable":true,"href":"https:\/\/vozolpuff.de\/hu\/wp-json\/wp\/v2\/media\/1016"}],"wp:attachment":[{"href":"https:\/\/vozolpuff.de\/hu\/wp-json\/wp\/v2\/media?parent=1014"}],"wp:term":[{"taxonomy":"product_brand","embeddable":true,"href":"https:\/\/vozolpuff.de\/hu\/wp-json\/wp\/v2\/product_brand?post=1014"},{"taxonomy":"product_cat","embeddable":true,"href":"https:\/\/vozolpuff.de\/hu\/wp-json\/wp\/v2\/product_cat?post=1014"},{"taxonomy":"product_tag","embeddable":true,"href":"https:\/\/vozolpuff.de\/hu\/wp-json\/wp\/v2\/product_tag?post=1014"}],"curies":[{"name":"wp","href":"https:\/\/api.w.org\/{rel}","templated":true}]}}