{"id":1019,"date":"2025-08-24T16:42:29","date_gmt":"2025-08-24T14:42:29","guid":{"rendered":"https:\/\/vozolpuff.de\/?post_type=product&#038;p=1019"},"modified":"2026-01-15T11:50:20","modified_gmt":"2026-01-15T10:50:20","slug":"vozol-rave-40000-kiwi-passion-fruit-guava","status":"publish","type":"product","link":"https:\/\/vozolpuff.de\/hu\/termek\/vozol-rave-40000-kiwi-passion-fruit-guava\/","title":{"rendered":"Vozol Rave 40000 Kiwi Golgotavir\u00e1g Guava"},"content":{"rendered":"<h2 class=\"text-xl font-bold text-text-100 mt-1 -mb-0.5\">Vozol Rave 40000 Kiwi Passion Fruit Guava Eldobhat\u00f3 Vape<\/h2>\n<p class=\"whitespace-normal break-words\">Mer\u00fclj\u00f6n el a VOZOL RAVE 40000 Kiwi Passion Fruit Guava tr\u00f3pusi vil\u00e1g\u00e1ban. A savanyk\u00e1s kivi, az arom\u00e1s maracuja \u00e9s az \u00e9des guava eme kiv\u00e1l\u00f3 h\u00e1rmas kombin\u00e1ci\u00f3ja kiv\u00e9telesen \u00f6sszetett \u00edz\u00e9lm\u00e9nyt ny\u00fajt. A futurisztikus 3D \u00edvelt kijelz\u0151 kiemeli ennek az eldobhat\u00f3 k\u00e9sz\u00fcl\u00e9knek a pr\u00e9mium min\u0151s\u00e9g\u00e9t.<\/p>\n<h3 class=\"text-lg font-bold text-text-100 mt-1 -mb-1.5\">A Kiwi Passion Fruit Guava Edition tulajdons\u00e1gai:<\/h3>\n<p class=\"whitespace-normal break-words\"><strong>Folyad\u00e9ktart\u00e1ly:<\/strong> 20ml tr\u00f3pusi h\u00e1rom gy\u00fcm\u00f6lcs\u00f6s szimf\u00f3nia<br \/>\n<strong>Energiaforr\u00e1s:<\/strong> 1000mAh nagyteljes\u00edtm\u00e9ny\u0171 akkumul\u00e1tor Type-C interf\u00e9sszel<br \/>\n<strong>Haszn\u00e1lati kapacit\u00e1s:<\/strong> Kb. 40.000 g\u0151zki\u00e1raml\u00e1s (norm\u00e1l) | 25.000 (turb\u00f3)<br \/>\n<strong>Nikotin-er\u0151ss\u00e9g:<\/strong> 5% (50mg) az er\u0151teljes torokhat\u00e1s\u00e9rt<br \/>\n<strong>P\u00e1rologtat\u00f3 rendszer:<\/strong> Fejlett h\u00e1l\u00f3s technol\u00f3gia az \u00edzh\u0171s\u00e9g\u00e9rt<br \/>\n<strong>L\u00e9gellen\u0151rz\u00e9s:<\/strong> Fokozatmentes fesz\u00fclts\u00e9g ellen\u00e1ll\u00e1s be\u00e1ll\u00edt\u00e1sa<br \/>\n<strong>Inform\u00e1ci\u00f3s kijelz\u0151:<\/strong> A teljes\u00edtm\u00e9ny \u00e9s a t\u00f6lt\u00e9si mennyis\u00e9g \u00e9l\u0151 nyomon k\u00f6vet\u00e9se<br \/>\n<strong>\u00dct\u00e9s\u00e9rz\u00e9kel\u00e9s:<\/strong> 270\u00b0-os \u00e9rz\u00e9kel\u00e9s dinamikus grafik\u00e1val<br \/>\n<strong>\u00dczemm\u00f3d kapcsol\u00f3:<\/strong> K\u00e9tfokozat\u00fa teljes\u00edtm\u00e9nyszab\u00e1lyoz\u00e1s<br \/>\n<strong>CPU technol\u00f3gia:<\/strong> Kett\u0151s MCU rendszer S.i.L.C. fejleszt\u00e9ssel<\/p>\n<h3 class=\"text-lg font-bold text-text-100 mt-1 -mb-1.5\">Fedezzen fel t\u00f6bb VOZOL VAPE-t a vozolpuff-on<\/h3>\n<p class=\"whitespace-normal break-words\">Fedezzen fel t\u00f6bb pr\u00e9mium e-cigarett\u00e1t a <strong><a class=\"underline\" href=\"https:\/\/vozolpuff.de\/hu\/\">Kezd\u0151lap<\/a><\/strong>, fedezze fel a teljes <strong><a class=\"underline\" href=\"https:\/\/vozolpuff.de\/hu\/product-category\/vozol-vape\/\">VOZOL VAPE kollekci\u00f3<\/a><\/strong> vagy b\u00f6ng\u00e9szhet az \u00f6sszes el\u00e9rhet\u0151 <strong><a class=\"underline\" href=\"https:\/\/vozolpuff.de\/hu\/product-category\/vozol-vape\/vozol-rave-40000\/\">Vozol Rave 40000 \u00edzek<\/a><\/strong>.<\/p>","protected":false},"excerpt":{"rendered":"<p>A VOZOL RAVE 40000 Kiwi Passion Fruit Guava eldobhat\u00f3 vape egyes\u00edti a savanyk\u00e1s kivit, az \u00edzletes maracuj\u00e1t \u00e9s az \u00e9des guav\u00e1t, hogy l\u00e9trehozzon egy gy\u00f6ny\u00f6r\u0171 tr\u00f3pusi szimf\u00f3ni\u00e1t. Ak\u00e1r 40 000 puffol\u00e1ssal, futurisztikus 3D \u00edvelt kijelz\u0151vel, 1000mAh akkumul\u00e1torral \u00e9s fejlett h\u00e1l\u00f3s technol\u00f3gi\u00e1val.<\/p>","protected":false},"featured_media":1021,"comment_status":"open","ping_status":"closed","template":"","meta":{"_acf_changed":false},"product_brand":[],"product_cat":[32],"product_tag":[],"class_list":{"0":"post-1019","1":"product","2":"type-product","3":"status-publish","4":"has-post-thumbnail","6":"product_cat-vozol-rave-40000","8":"first","9":"instock","10":"shipping-taxable","11":"purchasable","12":"product-type-variable"},"acf":[],"_links":{"self":[{"href":"https:\/\/vozolpuff.de\/hu\/wp-json\/wp\/v2\/product\/1019","targetHints":{"allow":["GET"]}}],"collection":[{"href":"https:\/\/vozolpuff.de\/hu\/wp-json\/wp\/v2\/product"}],"about":[{"href":"https:\/\/vozolpuff.de\/hu\/wp-json\/wp\/v2\/types\/product"}],"replies":[{"embeddable":true,"href":"https:\/\/vozolpuff.de\/hu\/wp-json\/wp\/v2\/comments?post=1019"}],"wp:featuredmedia":[{"embeddable":true,"href":"https:\/\/vozolpuff.de\/hu\/wp-json\/wp\/v2\/media\/1021"}],"wp:attachment":[{"href":"https:\/\/vozolpuff.de\/hu\/wp-json\/wp\/v2\/media?parent=1019"}],"wp:term":[{"taxonomy":"product_brand","embeddable":true,"href":"https:\/\/vozolpuff.de\/hu\/wp-json\/wp\/v2\/product_brand?post=1019"},{"taxonomy":"product_cat","embeddable":true,"href":"https:\/\/vozolpuff.de\/hu\/wp-json\/wp\/v2\/product_cat?post=1019"},{"taxonomy":"product_tag","embeddable":true,"href":"https:\/\/vozolpuff.de\/hu\/wp-json\/wp\/v2\/product_tag?post=1019"}],"curies":[{"name":"wp","href":"https:\/\/api.w.org\/{rel}","templated":true}]}}