{"id":1029,"date":"2025-08-24T16:47:35","date_gmt":"2025-08-24T14:47:35","guid":{"rendered":"https:\/\/vozolpuff.de\/?post_type=product&#038;p=1029"},"modified":"2026-01-15T11:49:54","modified_gmt":"2026-01-15T10:49:54","slug":"vozol-rave-40000-melon-bubblegum","status":"publish","type":"product","link":"https:\/\/vozolpuff.de\/hu\/termek\/vozol-rave-40000-melon-bubblegum\/","title":{"rendered":"Vozol Rave 40000 dinnye r\u00e1g\u00f3gumi"},"content":{"rendered":"<h2 class=\"text-xl font-bold text-text-100 mt-1 -mb-0.5\">Vozol Rave 40000 Dinnye Bubblegum eldobhat\u00f3 Vape<\/h2>\n<p class=\"whitespace-normal break-words\">Tapasztald meg a l\u00e9d\u00fas dinnye \u00e9s a nosztalgikus r\u00e1g\u00f3gumi \u00edz j\u00e1t\u00e9kos kombin\u00e1ci\u00f3j\u00e1t a VOZOL RAVE 40000 Melon Bubblegummal. Ez a kreat\u00edv \u00edzkre\u00e1ci\u00f3 egyes\u00edti az \u00e9rett dinnye frissess\u00e9g\u00e9t a gyermekkori napok \u00e9des eml\u00e9k\u00e9vel. Az interakt\u00edv 3D kijelz\u0151 minden egyes vape-t sz\u00ednes \u00e9lm\u00e9nny\u00e9 var\u00e1zsol.<\/p>\n<h3 class=\"text-lg font-bold text-text-100 mt-1 -mb-1.5\">A Melon Bubblegum v\u00e1ltozat specifik\u00e1ci\u00f3i:<\/h3>\n<p class=\"whitespace-normal break-words\"><strong>Tart\u00e1ly kapacit\u00e1sa:<\/strong> 20ml \u00e9des dinnye \u00e9s r\u00e1g\u00f3gumi kever\u00e9k<br \/>\n<strong>Energiacsomag:<\/strong> 1000mAh \u00fajrat\u00f6lthet\u0151 t\u00e1pegys\u00e9g<br \/>\n<strong>Puff teljes\u00edtm\u00e9ny:<\/strong> K\u00f6r\u00fclbel\u00fcl 40.000 l\u00e9p\u00e9s (norm\u00e1l \u00fczemm\u00f3d) | 25.000 (nagy teljes\u00edtm\u00e9ny\u0171 \u00fczemm\u00f3d)<br \/>\n<strong>Nikotin er\u0151ss\u00e9g:<\/strong> 5% (50mg) a megk\u00fcl\u00f6nb\u00f6ztet\u0151 \u00edzintenzit\u00e1s\u00e9rt<br \/>\n<strong>Tekercstechnol\u00f3gia:<\/strong> H\u00e1l\u00f3s p\u00e1rologtat\u00f3 az \u00e9des \u00edzek reproduk\u00e1l\u00e1s\u00e1\u00e9rt<br \/>\n<strong>Szell\u0151z\u0151rendszer:<\/strong> V\u00e1ltoz\u00f3 l\u00e9g\u00e1raml\u00e1s-szab\u00e1lyoz\u00e1s<br \/>\n<strong>Monitor-Tech:<\/strong> Az akkumul\u00e1tor \u00e9s a folyad\u00e9kszint val\u00f3s idej\u0171 kijelz\u00e9se<br \/>\n<strong>Interakt\u00edv \u00e9rz\u00e9kel\u0151:<\/strong> 270\u00b0-os \u00fctemfelismer\u00e9s \u00e9l\u0151 visszajelz\u00e9ssel<br \/>\n<strong>M\u0171k\u00f6d\u00e9si m\u00f3dok:<\/strong> Kett\u0151s energiagazd\u00e1lkod\u00e1s<br \/>\n<strong>Vez\u00e9rl\u0151egys\u00e9g:<\/strong> Kett\u0151s MCU chipek S.i.L.C. innov\u00e1ci\u00f3val<\/p>\n<h3 class=\"text-lg font-bold text-text-100 mt-1 -mb-1.5\">Fedezzen fel t\u00f6bb VOZOL VAPE-t a vozolpuff-on<\/h3>\n<p class=\"whitespace-normal break-words\">Fedezzen fel t\u00f6bb pr\u00e9mium e-cigarett\u00e1t a <strong><a class=\"underline\" href=\"https:\/\/vozolpuff.de\/hu\/\">Kezd\u0151lap<\/a><\/strong>, fedezze fel a teljes <strong><a class=\"underline\" href=\"https:\/\/vozolpuff.de\/hu\/product-category\/vozol-vape\/\">VOZOL VAPE kollekci\u00f3<\/a><\/strong> vagy b\u00f6ng\u00e9szhet az \u00f6sszes el\u00e9rhet\u0151 <strong><a class=\"underline\" href=\"https:\/\/vozolpuff.de\/hu\/product-category\/vozol-vape\/vozol-rave-40000\/\">Vozol Rave 40000 \u00edzek<\/a><\/strong>.<\/p>","protected":false},"excerpt":{"rendered":"<p>A VOZOL RAVE 40000 Melon Bubblegum eldobhat\u00f3 vape a l\u00e9d\u00fas dinny\u00e9t \u00e9s a nosztalgikus bubblegum \u00edzt \u00f6tv\u00f6zi, hogy egy gyermekkori eml\u00e9kekkel teli, j\u00e1t\u00e9kos \u00edzvil\u00e1got hozzon l\u00e9tre. Ak\u00e1r 40 000 puffol\u00e1ssal, interakt\u00edv 3D kijelz\u0151vel, 1000mAh akkumul\u00e1torral \u00e9s h\u00e1l\u00f3s p\u00e1rologtat\u00f3val az \u00e9des \u00edzek reproduk\u00e1l\u00e1s\u00e1hoz.<\/p>","protected":false},"featured_media":1031,"comment_status":"open","ping_status":"closed","template":"","meta":{"_acf_changed":false},"product_brand":[],"product_cat":[32],"product_tag":[],"class_list":{"0":"post-1029","1":"product","2":"type-product","3":"status-publish","4":"has-post-thumbnail","6":"product_cat-vozol-rave-40000","8":"first","9":"instock","10":"shipping-taxable","11":"purchasable","12":"product-type-variable"},"acf":[],"_links":{"self":[{"href":"https:\/\/vozolpuff.de\/hu\/wp-json\/wp\/v2\/product\/1029","targetHints":{"allow":["GET"]}}],"collection":[{"href":"https:\/\/vozolpuff.de\/hu\/wp-json\/wp\/v2\/product"}],"about":[{"href":"https:\/\/vozolpuff.de\/hu\/wp-json\/wp\/v2\/types\/product"}],"replies":[{"embeddable":true,"href":"https:\/\/vozolpuff.de\/hu\/wp-json\/wp\/v2\/comments?post=1029"}],"wp:featuredmedia":[{"embeddable":true,"href":"https:\/\/vozolpuff.de\/hu\/wp-json\/wp\/v2\/media\/1031"}],"wp:attachment":[{"href":"https:\/\/vozolpuff.de\/hu\/wp-json\/wp\/v2\/media?parent=1029"}],"wp:term":[{"taxonomy":"product_brand","embeddable":true,"href":"https:\/\/vozolpuff.de\/hu\/wp-json\/wp\/v2\/product_brand?post=1029"},{"taxonomy":"product_cat","embeddable":true,"href":"https:\/\/vozolpuff.de\/hu\/wp-json\/wp\/v2\/product_cat?post=1029"},{"taxonomy":"product_tag","embeddable":true,"href":"https:\/\/vozolpuff.de\/hu\/wp-json\/wp\/v2\/product_tag?post=1029"}],"curies":[{"name":"wp","href":"https:\/\/api.w.org\/{rel}","templated":true}]}}