{"id":1044,"date":"2025-08-24T17:03:02","date_gmt":"2025-08-24T15:03:02","guid":{"rendered":"https:\/\/vozolpuff.de\/?post_type=product&#038;p=1044"},"modified":"2026-01-15T11:49:12","modified_gmt":"2026-01-15T10:49:12","slug":"vozol-rave-40000-strawberry-bubblegum","status":"publish","type":"product","link":"https:\/\/vozolpuff.de\/hu\/termek\/vozol-rave-40000-strawberry-bubblegum\/","title":{"rendered":"Vozol Rave 40000 eper r\u00e1g\u00f3gumi"},"content":{"rendered":"<h2 class=\"text-xl font-bold text-text-100 mt-1 -mb-0.5\">Vozol Rave 40000 Eper Bubblegum eldobhat\u00f3 vape<\/h2>\n<p class=\"whitespace-normal break-words\">\u00c9lvezze az \u00e9rett eper \u00e9s az \u00e9des r\u00e1g\u00f3gumi nosztalgikus kombin\u00e1ci\u00f3j\u00e1t a VOZOL RAVE 40000 Strawberry Bubblegummal. Ez a j\u00e1t\u00e9kos \u00edz a gyermekkori eml\u00e9keket id\u00e9zi fel, mik\u00f6zben modern, technol\u00f3giailag fejlett p\u00e1rologtat\u00e1si \u00e9lm\u00e9nyt ny\u00fajt. A 3D \u00edvelt k\u00e9perny\u0151s kijelz\u0151 minden sz\u00edv\u00e1st vizu\u00e1lis \u00e9lm\u00e9nny\u00e9 var\u00e1zsol.<\/p>\n<h3 class=\"text-lg font-bold text-text-100 mt-1 -mb-1.5\">A Strawberry Bubblegum v\u00e1ltozat jellemz\u0151i:<\/h3>\n<p class=\"whitespace-normal break-words\"><strong>Tart\u00e1ly t\u00e9rfogata:<\/strong> 20ml epres r\u00e1g\u00f3gumif\u00fazi\u00f3<br \/>\n<strong>Az akkumul\u00e1tor adatai:<\/strong> 1000mAh \u00fajrat\u00f6lthet\u0151 t\u00e1pegys\u00e9g<br \/>\n<strong>Puff tartom\u00e1ny:<\/strong> K\u00f6r\u00fclbel\u00fcl 40.000 l\u00e9p\u00e9s (standard) | 25.000 (turb\u00f3)<br \/>\n<strong>nikotinkoncentr\u00e1ci\u00f3:<\/strong> 5% (50mg) az intenz\u00edv \u00edz\u00e9rt<br \/>\n<strong>Tekercs kialak\u00edt\u00e1sa:<\/strong> H\u00e1l\u00f3s technol\u00f3gia az \u00e9des \u00edz reproduk\u00e1l\u00e1s\u00e1\u00e9rt<br \/>\n<strong>Szell\u0151z\u00e9svez\u00e9rl\u00e9s:<\/strong> \u00c1ll\u00edthat\u00f3 l\u00e9gkering\u00e9s<br \/>\n<strong>Megjelen\u00edt\u0151 rendszer:<\/strong> Digit\u00e1lis val\u00f3s idej\u0171 fel\u00fcgyelet<br \/>\n<strong>Beat Technology:<\/strong> 270\u00b0-os \u00e9rz\u00e9kel\u0151 dinamikus hat\u00e1sokkal<br \/>\n<strong>Energiagazd\u00e1lkod\u00e1s:<\/strong> Kett\u0151s be\u00e1ll\u00edt\u00e1si vez\u00e9rl\u00e9s<br \/>\n<strong>Feldolgoz\u00f3 mag:<\/strong> Dupla MCU S.i.L.C technol\u00f3giai b\u00e1zis<\/p>\n<h3 class=\"text-lg font-bold text-text-100 mt-1 -mb-1.5\">Fedezzen fel t\u00f6bb VOZOL VAPE-t a vozolpuff-on<\/h3>\n<p class=\"whitespace-normal break-words\">Fedezzen fel t\u00f6bb pr\u00e9mium e-cigarett\u00e1t a <strong><a class=\"underline\" href=\"https:\/\/vozolpuff.de\/hu\/\">Kezd\u0151lap<\/a><\/strong>, fedezze fel a teljes <strong><a class=\"underline\" href=\"https:\/\/vozolpuff.de\/hu\/product-category\/vozol-vape\/\">VOZOL VAPE kollekci\u00f3<\/a><\/strong> vagy b\u00f6ng\u00e9szhet az \u00f6sszes el\u00e9rhet\u0151 <strong><a class=\"underline\" href=\"https:\/\/vozolpuff.de\/hu\/product-category\/vozol-vape\/vozol-rave-40000\/\">Vozol Rave 40000 \u00edzek<\/a><\/strong>.<\/p>","protected":false},"excerpt":{"rendered":"<p>A VOZOL RAVE 40000 Strawberry Bubblegum eldobhat\u00f3 vape az \u00e9rett epret \u00e9des r\u00e1g\u00f3gumival \u00f6tv\u00f6zi, hogy egy nosztalgikus, gyermekkori eml\u00e9kekkel teli \u00edzt hozzon l\u00e9tre. Ak\u00e1r 40 000 slukk, 3D \u00edvelt k\u00e9perny\u0151s kijelz\u0151, 1000mAh akkumul\u00e1tor \u00e9s h\u00e1l\u00f3s technol\u00f3gia a modern, \u00e9des \u00edzek reproduk\u00e1l\u00e1s\u00e1hoz.<\/p>","protected":false},"featured_media":1046,"comment_status":"open","ping_status":"closed","template":"","meta":{"_acf_changed":false},"product_brand":[],"product_cat":[32],"product_tag":[],"class_list":{"0":"post-1044","1":"product","2":"type-product","3":"status-publish","4":"has-post-thumbnail","6":"product_cat-vozol-rave-40000","8":"first","9":"instock","10":"shipping-taxable","11":"purchasable","12":"product-type-variable"},"acf":[],"_links":{"self":[{"href":"https:\/\/vozolpuff.de\/hu\/wp-json\/wp\/v2\/product\/1044","targetHints":{"allow":["GET"]}}],"collection":[{"href":"https:\/\/vozolpuff.de\/hu\/wp-json\/wp\/v2\/product"}],"about":[{"href":"https:\/\/vozolpuff.de\/hu\/wp-json\/wp\/v2\/types\/product"}],"replies":[{"embeddable":true,"href":"https:\/\/vozolpuff.de\/hu\/wp-json\/wp\/v2\/comments?post=1044"}],"wp:featuredmedia":[{"embeddable":true,"href":"https:\/\/vozolpuff.de\/hu\/wp-json\/wp\/v2\/media\/1046"}],"wp:attachment":[{"href":"https:\/\/vozolpuff.de\/hu\/wp-json\/wp\/v2\/media?parent=1044"}],"wp:term":[{"taxonomy":"product_brand","embeddable":true,"href":"https:\/\/vozolpuff.de\/hu\/wp-json\/wp\/v2\/product_brand?post=1044"},{"taxonomy":"product_cat","embeddable":true,"href":"https:\/\/vozolpuff.de\/hu\/wp-json\/wp\/v2\/product_cat?post=1044"},{"taxonomy":"product_tag","embeddable":true,"href":"https:\/\/vozolpuff.de\/hu\/wp-json\/wp\/v2\/product_tag?post=1044"}],"curies":[{"name":"wp","href":"https:\/\/api.w.org\/{rel}","templated":true}]}}