{"id":1049,"date":"2025-08-24T17:05:45","date_gmt":"2025-08-24T15:05:45","guid":{"rendered":"https:\/\/vozolpuff.de\/?post_type=product&#038;p=1049"},"modified":"2026-01-15T11:48:58","modified_gmt":"2026-01-15T10:48:58","slug":"vozol-rave-40000-rainbow-candy","status":"publish","type":"product","link":"https:\/\/vozolpuff.de\/hu\/termek\/vozol-rave-40000-rainbow-candy\/","title":{"rendered":"Vozol Rave 40000 sziv\u00e1rv\u00e1nyos cukorka"},"content":{"rendered":"<h2 class=\"text-xl font-bold text-text-100 mt-1 -mb-0.5\">Vozol Rave 40000 Rainbow Candy eldobhat\u00f3 vape<\/h2>\n<p class=\"whitespace-normal break-words\">Tapasztalja meg a VOZOL RAVE 40000 Rainbow Candy sz\u00ednes v\u00e1ltozatoss\u00e1g\u00e1t, amely k\u00fcl\u00f6nb\u00f6z\u0151 \u00e9des \u00e9dess\u00e9g \u00edzeket egyes\u00edt egyetlen eldobhat\u00f3 vape-ben. Ez a j\u00e1t\u00e9kos \u00edz minden egyes slukkol\u00e1ssal \u00faj \u00e9des meglepet\u00e9st k\u00edn\u00e1l. Az innovat\u00edv 270\u00b0-os \u00fctem\u00e9rz\u00e9kel\u0151s kijelz\u0151 sz\u00ednes anim\u00e1ci\u00f3kkal t\u00f6k\u00e9letesen illeszkedik a vibr\u00e1l\u00f3 Rainbow Candy t\u00e9m\u00e1hoz.<\/p>\n<h3 class=\"text-lg font-bold text-text-100 mt-1 -mb-1.5\">A Rainbow Candy v\u00e1ltozat jellemz\u0151i:<\/h3>\n<p class=\"whitespace-normal break-words\"><strong>E-Juice kapacit\u00e1s:<\/strong> 20ml sz\u00ednes cukork\u00e1k kever\u00e9ke<br \/>\n<strong>Energiaforr\u00e1s:<\/strong> 1000mAh nagy kapacit\u00e1s\u00fa akkumul\u00e1tor Type-C porttal<br \/>\n<strong>Haszn\u00e1lati id\u0151tartam:<\/strong> Maximum 40 000 g\u0151zki\u00e1raml\u00e1s (norm\u00e1l \u00fczemm\u00f3dban) | 25 000 (teljes\u00edtm\u00e9ny \u00fczemm\u00f3dban)<br \/>\n<strong>Nikotin er\u0151ss\u00e9g:<\/strong> 5% (50mg) az er\u0151teljes r\u00fag\u00e1s\u00e9rt<br \/>\n<strong>Atomiser-Tech:<\/strong> Kiv\u00e1l\u00f3 min\u0151s\u00e9g\u0171 h\u00e1l\u00f3s tekercsek az \u00e9des cukork\u00e1s \u00edzekhez<br \/>\n<strong>L\u00e9g\u00e1raml\u00e1s be\u00e1ll\u00edt\u00e1sa:<\/strong> Pontos l\u00e9g\u00e1raml\u00e1s-szab\u00e1lyoz\u00e1s<br \/>\n<strong>Vez\u00e9rl\u0151 kijelz\u0151:<\/strong> Val\u00f3s idej\u0171 fel\u00fcgyeleti rendszer<br \/>\n<strong>\u00c9rz\u00e9kel\u0151t\u00f6mb:<\/strong> 270\u00b0-os mozg\u00e1s\u00e9rz\u00e9kel\u00e9s sz\u00ednes megjelen\u00edt\u00e9ssel<br \/>\n<strong>M\u0171k\u00f6d\u00e9si vez\u00e9rl\u00e9s:<\/strong> V\u00e1ltoz\u00f3 teljes\u00edtm\u00e9nybe\u00e1ll\u00edt\u00e1sok<br \/>\n<strong>Logikai egys\u00e9g:<\/strong> Dupla MCU architekt\u00fara S.i.L.C. innov\u00e1ci\u00f3val<\/p>\n<h3 class=\"text-lg font-bold text-text-100 mt-1 -mb-1.5\">Fedezzen fel t\u00f6bb VOZOL VAPE-t a vozolpuff-on<\/h3>\n<p class=\"whitespace-normal break-words\">Fedezzen fel t\u00f6bb pr\u00e9mium e-cigarett\u00e1t a <strong><a class=\"underline\" href=\"https:\/\/vozolpuff.de\/hu\/\">Kezd\u0151lap<\/a><\/strong>, fedezze fel a teljes <strong><a class=\"underline\" href=\"https:\/\/vozolpuff.de\/hu\/product-category\/vozol-vape\/\">VOZOL VAPE kollekci\u00f3<\/a><\/strong> vagy b\u00f6ng\u00e9szhet az \u00f6sszes el\u00e9rhet\u0151 <strong><a class=\"underline\" href=\"https:\/\/vozolpuff.de\/hu\/product-category\/vozol-vape\/vozol-rave-40000\/\">Vozol Rave 40000 \u00edzek<\/a><\/strong>.<\/p>","protected":false},"excerpt":{"rendered":"<p>A VOZOL RAVE 40000 Rainbow Candy eldobhat\u00f3 vape k\u00fcl\u00f6nb\u00f6z\u0151 \u00e9des cukorka \u00edzeket kombin\u00e1l, hogy sz\u00ednes v\u00e1ltozatoss\u00e1got \u00e9s \u00e9des meglepet\u00e9seket hozzon l\u00e9tre minden egyes slukkban. Ak\u00e1r 40 000 puffol\u00e1ssal, 270\u00b0-os \u00fctem\u00e9rz\u00e9kel\u0151s kijelz\u0151vel sz\u00ednes anim\u00e1ci\u00f3kkal, 1000mAh akkumul\u00e1torral \u00e9s kiv\u00e1l\u00f3 min\u0151s\u00e9g\u0171 h\u00e1l\u00f3s tekercsekkel az \u00e9l\u00e9nk cukork\u00e1s \u00edzek\u00e9rt.<\/p>","protected":false},"featured_media":1051,"comment_status":"open","ping_status":"closed","template":"","meta":{"_acf_changed":false},"product_brand":[],"product_cat":[32],"product_tag":[],"class_list":{"0":"post-1049","1":"product","2":"type-product","3":"status-publish","4":"has-post-thumbnail","6":"product_cat-vozol-rave-40000","8":"first","9":"instock","10":"shipping-taxable","11":"purchasable","12":"product-type-variable"},"acf":[],"_links":{"self":[{"href":"https:\/\/vozolpuff.de\/hu\/wp-json\/wp\/v2\/product\/1049","targetHints":{"allow":["GET"]}}],"collection":[{"href":"https:\/\/vozolpuff.de\/hu\/wp-json\/wp\/v2\/product"}],"about":[{"href":"https:\/\/vozolpuff.de\/hu\/wp-json\/wp\/v2\/types\/product"}],"replies":[{"embeddable":true,"href":"https:\/\/vozolpuff.de\/hu\/wp-json\/wp\/v2\/comments?post=1049"}],"wp:featuredmedia":[{"embeddable":true,"href":"https:\/\/vozolpuff.de\/hu\/wp-json\/wp\/v2\/media\/1051"}],"wp:attachment":[{"href":"https:\/\/vozolpuff.de\/hu\/wp-json\/wp\/v2\/media?parent=1049"}],"wp:term":[{"taxonomy":"product_brand","embeddable":true,"href":"https:\/\/vozolpuff.de\/hu\/wp-json\/wp\/v2\/product_brand?post=1049"},{"taxonomy":"product_cat","embeddable":true,"href":"https:\/\/vozolpuff.de\/hu\/wp-json\/wp\/v2\/product_cat?post=1049"},{"taxonomy":"product_tag","embeddable":true,"href":"https:\/\/vozolpuff.de\/hu\/wp-json\/wp\/v2\/product_tag?post=1049"}],"curies":[{"name":"wp","href":"https:\/\/api.w.org\/{rel}","templated":true}]}}