{"id":1056,"date":"2025-08-25T09:41:59","date_gmt":"2025-08-25T07:41:59","guid":{"rendered":"https:\/\/vozolpuff.de\/?post_type=product&#038;p=1056"},"modified":"2026-04-26T04:52:24","modified_gmt":"2026-04-26T02:52:24","slug":"vozol-gear-power-20000-watermelon-ice","status":"publish","type":"product","link":"https:\/\/vozolpuff.de\/hu\/termek\/vozol-gear-power-20000-watermelon-ice\/","title":{"rendered":"Vozol Gear Power 20000 g\u00f6r\u00f6gdinnye j\u00e9g"},"content":{"rendered":"<h2 class=\"text-xl font-bold text-text-100 mt-1 -mb-0.5\">Vozol Gear Power 20000 Watermelon Ice eldobhat\u00f3 e-cigaretta<\/h2>\n<p class=\"whitespace-normal break-words\">A Vozol Gear Power 20000 friss\u00edt\u0151 Watermelon Ice v\u00e1ltozat\u00e1ban az \u00e9des g\u00f6r\u00f6gdinnye h\u0171s \u00edzzel p\u00e1rosul. Ez a pr\u00e9mium min\u0151s\u00e9g\u0171 eldobhat\u00f3 e-cigaretta 12 000 \u00e9s 20 000 sz\u00edv\u00e1s k\u00f6z\u00f6tt biztos\u00edt, a v\u00e1lasztott m\u00f3dt\u00f3l f\u00fcgg\u0151en. A fejlett S.i.L.C Mesh technol\u00f3gi\u00e1val \u00e9s 650 mAh-s akkumul\u00e1torral felszerelve \u00e1lland\u00f3 teljes\u00edtm\u00e9nyt ny\u00fajt az eg\u00e9sz \u00e9lettartam alatt.<\/p>\n<h3 class=\"text-lg font-bold text-text-100 mt-1 -mb-1.5\">F\u0151bb jellemz\u0151k:<\/h3>\n<p class=\"whitespace-normal break-words\"><strong>Innovat\u00edv S.i.L.C. technol\u00f3gia:<\/strong> Rendk\u00edv\u00fcl tiszta \u00e9s egyenletes g\u0151zk\u00e9pz\u0151d\u00e9st biztos\u00edt<\/p>\n<p class=\"whitespace-normal break-words\"><strong>Rugalmas \u00fczemm\u00f3dok:<\/strong> V\u00e1lasszon 20 000 h\u00faz\u00e1s k\u00f6z\u00f6tt Eco m\u00f3dban vagy 12 000 h\u00faz\u00e1s k\u00f6z\u00f6tt Power m\u00f3dban.<\/p>\n<p class=\"whitespace-normal break-words\"><strong>Pr\u00e9mium h\u00e1l\u00f3s tekercsrendszer:<\/strong> Maximaliz\u00e1lja az \u00edz h\u0171s\u00e9g\u00e9t \u00e9s a g\u0151z mennyis\u00e9g\u00e9t<\/p>\n<p class=\"whitespace-normal break-words\"><strong>Intelligens kijelz\u0151:<\/strong> Az akkumul\u00e1tor t\u00f6lt\u00f6tts\u00e9gi szintj\u00e9nek \u00e9s a t\u00f6lt\u00f6tts\u00e9gi szintnek a folyamatos figyelemmel k\u00eds\u00e9r\u00e9se<\/p>\n<p class=\"whitespace-normal break-words\"><strong>B\u0151s\u00e9ges 20 ml-es tart\u00e1ly:<\/strong> 5% (50 mg) nikotinnal el\u0151re felt\u00f6ltve a tart\u00f3s \u00e9lvezet \u00e9rdek\u00e9ben<\/p>\n<h3 class=\"text-lg font-bold text-text-100 mt-1 -mb-1.5\">Fedezzen fel t\u00f6bb VOZOL VAPE-t a vozolpuff-on<\/h3>\n<p class=\"whitespace-normal break-words\">Fedezze fel tov\u00e1bbi pr\u00e9mium e-cigarett\u00e1kat a <strong><a class=\"underline\" href=\"https:\/\/vozolpuff.de\/hu\/\">vozolpuff.de<\/a><\/strong>, b\u00f6ng\u00e9sszen teljes k\u00edn\u00e1latunkban <strong><a class=\"underline\" href=\"https:\/\/vozolpuff.de\/hu\/product-category\/vozol-vape\/\">VOZOL VAPE<\/a><\/strong> gy\u0171jtem\u00e9ny vagy fedezze fel az \u00f6sszes el\u00e9rhet\u0151 <strong><a class=\"underline\" href=\"https:\/\/vozolpuff.de\/hu\/product-category\/vozol-vape\/vozol-gear-power-20000\/\">Vozol Gear Power 20000<\/a><\/strong> \u00cdzek.<\/p>","protected":false},"excerpt":{"rendered":"<p>A Vozol Gear Power 20000 Watermelon Ice eldobhat\u00f3 e-cigaretta \u00e9des g\u00f6r\u00f6gdinnye \u00edzzel \u00e9s h\u0171s mentolos ut\u00f3\u00edzzel. A S.i.L.C Mesh technol\u00f3gi\u00e1nak \u00e9s a 650 mAh-s akkumul\u00e1tornak k\u00f6sz\u00f6nhet\u0151en 12 000\u201320 000 slukkot \u00e9lvezhet k\u00e9t \u00fczemm\u00f3dban. Intelligens kijelz\u0151 az akkumul\u00e1tor \u00e9s a t\u00f6lt\u00f6tts\u00e9gi szint jelz\u00e9s\u00e9hez.<\/p>","protected":false},"featured_media":1058,"comment_status":"open","ping_status":"closed","template":"","meta":{"_acf_changed":false},"product_brand":[],"product_cat":[33],"product_tag":[],"class_list":{"0":"post-1056","1":"product","2":"type-product","3":"status-publish","4":"has-post-thumbnail","6":"product_cat-vozol-gear-power-20000","8":"first","9":"instock","10":"shipping-taxable","11":"purchasable","12":"product-type-variable"},"acf":[],"_links":{"self":[{"href":"https:\/\/vozolpuff.de\/hu\/wp-json\/wp\/v2\/product\/1056","targetHints":{"allow":["GET"]}}],"collection":[{"href":"https:\/\/vozolpuff.de\/hu\/wp-json\/wp\/v2\/product"}],"about":[{"href":"https:\/\/vozolpuff.de\/hu\/wp-json\/wp\/v2\/types\/product"}],"replies":[{"embeddable":true,"href":"https:\/\/vozolpuff.de\/hu\/wp-json\/wp\/v2\/comments?post=1056"}],"wp:featuredmedia":[{"embeddable":true,"href":"https:\/\/vozolpuff.de\/hu\/wp-json\/wp\/v2\/media\/1058"}],"wp:attachment":[{"href":"https:\/\/vozolpuff.de\/hu\/wp-json\/wp\/v2\/media?parent=1056"}],"wp:term":[{"taxonomy":"product_brand","embeddable":true,"href":"https:\/\/vozolpuff.de\/hu\/wp-json\/wp\/v2\/product_brand?post=1056"},{"taxonomy":"product_cat","embeddable":true,"href":"https:\/\/vozolpuff.de\/hu\/wp-json\/wp\/v2\/product_cat?post=1056"},{"taxonomy":"product_tag","embeddable":true,"href":"https:\/\/vozolpuff.de\/hu\/wp-json\/wp\/v2\/product_tag?post=1056"}],"curies":[{"name":"wp","href":"https:\/\/api.w.org\/{rel}","templated":true}]}}