{"id":1062,"date":"2025-08-25T09:45:58","date_gmt":"2025-08-25T07:45:58","guid":{"rendered":"https:\/\/vozolpuff.de\/?post_type=product&#038;p=1062"},"modified":"2026-04-26T04:52:18","modified_gmt":"2026-04-26T02:52:18","slug":"vozol-gear-power-20000-grape-ice","status":"publish","type":"product","link":"https:\/\/vozolpuff.de\/hu\/termek\/vozol-gear-power-20000-grape-ice\/","title":{"rendered":"Vozol Gear Power 20000 sz\u0151l\u0151 j\u00e9g"},"content":{"rendered":"<h2 class=\"text-xl font-bold text-text-100 mt-1 -mb-0.5\">Vozol Gear Power 20000 Grape Ice eldobhat\u00f3 vape<\/h2>\n<p class=\"whitespace-normal break-words\">Tapasztald meg az \u00e9des sz\u0151l\u0151 \u00e9s a friss\u00edt\u0151 h\u0171v\u00f6ss\u00e9g t\u00f6k\u00e9letes egyens\u00faly\u00e1t a Vozol Gear Power 20000 Grape Ice-val. Ez a legmodernebb eldobhat\u00f3 vape az innovat\u00edv technol\u00f3gi\u00e1t kiv\u00e9teles \u00edzzel \u00f6tv\u00f6zi, \u00e9s a kiv\u00e1lasztott \u00fczemm\u00f3dt\u00f3l f\u00fcgg\u0151en 12 000-20 000 slukkot k\u00edn\u00e1l. A kett\u0151s S.i.L.C. h\u00e1l\u00f3s tekercsrendszer minden haszn\u00e1lat sor\u00e1n intenz\u00edv \u00edzt garant\u00e1l.<\/p>\n<h3 class=\"text-lg font-bold text-text-100 mt-1 -mb-1.5\">A term\u00e9k jellemz\u0151i:<\/h3>\n<p class=\"whitespace-normal break-words\"><strong>Fejlett S.i.L.C. technol\u00f3gia:<\/strong> Tiszta \u00e9s egyenletes puffan\u00e1st biztos\u00edt ut\u00f3\u00edz n\u00e9lk\u00fcl<\/p>\n<p class=\"whitespace-normal break-words\"><strong>Kett\u0151s t\u00e1pell\u00e1t\u00e1si lehet\u0151s\u00e9gek:<\/strong> Ak\u00e1r 20 000 vonat Eco \u00fczemm\u00f3dban vagy 12 000 vonat Power \u00fczemm\u00f3dban<\/p>\n<p class=\"whitespace-normal break-words\"><strong>Nagy teljes\u00edtm\u00e9ny\u0171 h\u00e1l\u00f3s tekercsek:<\/strong> Fokozza az \u00edz intenzit\u00e1s\u00e1t \u00e9s optimaliz\u00e1lja a g\u0151ztermel\u00e9st<\/p>\n<p class=\"whitespace-normal break-words\"><strong>LED \u00e1llapotjelz\u0151:<\/strong> Az akkumul\u00e1tor \u00e9s az e-folyad\u00e9k szintj\u00e9nek val\u00f3s idej\u0171 megjelen\u00edt\u00e9se<\/p>\n<p class=\"whitespace-normal break-words\"><strong>20ml e-folyad\u00e9k kapacit\u00e1s:<\/strong> Hosszan tart\u00f3 haszn\u00e1lat 5% (50mg) nikotin er\u0151ss\u00e9ggel<\/p>\n<h3 class=\"text-lg font-bold text-text-100 mt-1 -mb-1.5\">Fedezzen fel t\u00f6bb VOZOL VAPE-t a vozolpuff-on<\/h3>\n<p class=\"whitespace-normal break-words\">L\u00e1togasson el a  oldalra. <strong><a class=\"underline\" href=\"https:\/\/vozolpuff.de\/hu\/\">vozolpuff.de<\/a><\/strong> tov\u00e1bbi kiv\u00e1l\u00f3 min\u0151s\u00e9g\u0171 vaping term\u00e9kek\u00e9rt, b\u00f6ng\u00e9sszen a sz\u00e9lesk\u00f6r\u0171 <strong><a class=\"underline\" href=\"https:\/\/vozolpuff.de\/hu\/product-category\/vozol-vape\/\">VOZOL VAPE<\/a><\/strong> kiv\u00e1laszt\u00e1s vagy fedezze fel a teljes <strong><a class=\"underline\" href=\"https:\/\/vozolpuff.de\/hu\/product-category\/vozol-vape\/vozol-gear-power-20000\/\">Vozol Gear Power 20000<\/a><\/strong> \u00edzv\u00e1laszt\u00e9k.<\/p>","protected":false},"excerpt":{"rendered":"<p>A Vozol Gear Power 20000 Grape Ice eldobhat\u00f3 vape az \u00e9des sz\u0151l\u0151t \u00e9s a friss\u00edt\u0151 h\u0171v\u00f6ss\u00e9get \u00f6tv\u00f6zi. A fejlett S.i.L.C Mesh technol\u00f3gia \u00e9s a 650mAh akkumul\u00e1tor 12.000-20.000 slukkot tesz lehet\u0151v\u00e9 k\u00e9t \u00fczemm\u00f3dban. Az akkumul\u00e1tor \u00e9s a t\u00f6lt\u00f6tts\u00e9gi szint LED-es \u00e1llapotjelz\u0151je optim\u00e1lis ellen\u0151rz\u00e9st biztos\u00edt.<\/p>","protected":false},"featured_media":1064,"comment_status":"open","ping_status":"closed","template":"","meta":{"_acf_changed":false},"product_brand":[],"product_cat":[33],"product_tag":[],"class_list":{"0":"post-1062","1":"product","2":"type-product","3":"status-publish","4":"has-post-thumbnail","6":"product_cat-vozol-gear-power-20000","8":"first","9":"instock","10":"shipping-taxable","11":"purchasable","12":"product-type-variable"},"acf":[],"_links":{"self":[{"href":"https:\/\/vozolpuff.de\/hu\/wp-json\/wp\/v2\/product\/1062","targetHints":{"allow":["GET"]}}],"collection":[{"href":"https:\/\/vozolpuff.de\/hu\/wp-json\/wp\/v2\/product"}],"about":[{"href":"https:\/\/vozolpuff.de\/hu\/wp-json\/wp\/v2\/types\/product"}],"replies":[{"embeddable":true,"href":"https:\/\/vozolpuff.de\/hu\/wp-json\/wp\/v2\/comments?post=1062"}],"wp:featuredmedia":[{"embeddable":true,"href":"https:\/\/vozolpuff.de\/hu\/wp-json\/wp\/v2\/media\/1064"}],"wp:attachment":[{"href":"https:\/\/vozolpuff.de\/hu\/wp-json\/wp\/v2\/media?parent=1062"}],"wp:term":[{"taxonomy":"product_brand","embeddable":true,"href":"https:\/\/vozolpuff.de\/hu\/wp-json\/wp\/v2\/product_brand?post=1062"},{"taxonomy":"product_cat","embeddable":true,"href":"https:\/\/vozolpuff.de\/hu\/wp-json\/wp\/v2\/product_cat?post=1062"},{"taxonomy":"product_tag","embeddable":true,"href":"https:\/\/vozolpuff.de\/hu\/wp-json\/wp\/v2\/product_tag?post=1062"}],"curies":[{"name":"wp","href":"https:\/\/api.w.org\/{rel}","templated":true}]}}