{"id":1068,"date":"2025-08-25T09:48:28","date_gmt":"2025-08-25T07:48:28","guid":{"rendered":"https:\/\/vozolpuff.de\/?post_type=product&#038;p=1068"},"modified":"2026-04-26T04:52:12","modified_gmt":"2026-04-26T02:52:12","slug":"vozol-gear-power-20000-mango-ice","status":"publish","type":"product","link":"https:\/\/vozolpuff.de\/hu\/termek\/vozol-gear-power-20000-mango-ice\/","title":{"rendered":"Vozol Gear Power 20000 Mango Ice"},"content":{"rendered":"<h2 class=\"text-xl font-bold text-text-100 mt-1 -mb-0.5\">Vozol Gear Power 20000 Mango Ice eldobhat\u00f3 vape<\/h2>\n<p class=\"whitespace-normal break-words\">A Vozol Gear Power 20000 Mango Ice egyes\u00edti a tr\u00f3pusi mang\u00f3 \u00e9dess\u00e9g\u00e9t egy friss\u00edt\u0151en h\u0171s befejez\u00e9ssel. Ez az er\u0151teljes eldobhat\u00f3 vape kiv\u00e9teles sokoldal\u00fas\u00e1got k\u00edn\u00e1l a 12 000 \u00e9s 20 000 k\u00f6z\u00f6tti v\u00e1ltoz\u00f3 h\u00faz\u00e1si sebess\u00e9ggel. Robusztus 650mAh akkumul\u00e1torral \u00e9s a legmodernebb tekercs technol\u00f3gi\u00e1val felszerelt az optim\u00e1lis \u00edzkifejl\u0151d\u00e9s \u00e9rdek\u00e9ben.<\/p>\n<h3 class=\"text-lg font-bold text-text-100 mt-1 -mb-1.5\">Specifik\u00e1ci\u00f3k:<\/h3>\n<p class=\"whitespace-normal break-words\"><strong>S.i.L.C. tekercs-innov\u00e1ci\u00f3:<\/strong> Sima, tiszta g\u0151z\u00f6l\u00e9si \u00e9lm\u00e9nyt ny\u00fajt min\u0151s\u00e9groml\u00e1s n\u00e9lk\u00fcl<\/p>\n<p class=\"whitespace-normal break-words\"><strong>Testreszabhat\u00f3 \u00fczemm\u00f3dok:<\/strong> Eco \u00fczemm\u00f3d 20.000 slukkol\u00e1shoz vagy Power \u00fczemm\u00f3d 12.000 intenz\u00edv slukkol\u00e1shoz<\/p>\n<p class=\"whitespace-normal break-words\"><strong>Dupla h\u00e1l\u00f3s kialak\u00edt\u00e1s:<\/strong> Optimaliz\u00e1lja az \u00edzkibocs\u00e1t\u00e1st \u00e9s a g\u0151z s\u0171r\u0171s\u00e9g\u00e9t<\/p>\n<p class=\"whitespace-normal break-words\"><strong>Digit\u00e1lis kijelz\u0151:<\/strong> Folyamatosan figyeli az akkumul\u00e1tor \u00e9lettartam\u00e1t \u00e9s a folyad\u00e9k \u00e1llapot\u00e1t<\/p>\n<p class=\"whitespace-normal break-words\"><strong>Nagy t\u00e9rfogat\u00fa tart\u00e1ly:<\/strong> 20ml el\u0151ret\u00f6lt\u00f6tt e-folyad\u00e9k 5% (50mg) nikotintartalommal<\/p>\n<h3 class=\"text-lg font-bold text-text-100 mt-1 -mb-1.5\">Fedezzen fel t\u00f6bb VOZOL VAPE-t a vozolpuff-on<\/h3>\n<p class=\"whitespace-normal break-words\">Fedezze fel a teljes v\u00e1laszt\u00e9kot a <strong><a class=\"underline\" href=\"https:\/\/vozolpuff.de\/hu\/\">vozolpuff.de<\/a><\/strong>, n\u00e9zze meg a <strong><a class=\"underline\" href=\"https:\/\/vozolpuff.de\/hu\/product-category\/vozol-vape\/\">VOZOL VAPE<\/a><\/strong> kateg\u00f3ria vagy v\u00e1lasszon az \u00f6sszes <strong><a class=\"underline\" href=\"https:\/\/vozolpuff.de\/hu\/product-category\/vozol-vape\/vozol-gear-power-20000\/\">Vozol Gear Power 20000<\/a><\/strong> V\u00e1ltozatok.<\/p>","protected":false},"excerpt":{"rendered":"<p>A Vozol Gear Power 20000 Mango Ice eldobhat\u00f3 vape egyes\u00edti a tr\u00f3pusi mang\u00f3 \u00e9dess\u00e9g\u00e9t a friss\u00edt\u0151 h\u0171v\u00f6ss\u00e9ggel. Az S.i.L.C tekercs innov\u00e1ci\u00f3 \u00e9s a 650mAh akkumul\u00e1tor 12.000-20.000 slukkot k\u00edn\u00e1l testreszabhat\u00f3 \u00fczemm\u00f3dokban. A digit\u00e1lis kijelz\u0151 figyeli az akkumul\u00e1tor \u00e9s a folyad\u00e9k \u00e1llapot\u00e1t a t\u00f6k\u00e9letes ellen\u0151rz\u00e9s \u00e9rdek\u00e9ben.<\/p>","protected":false},"featured_media":1070,"comment_status":"open","ping_status":"closed","template":"","meta":{"_acf_changed":false},"product_brand":[],"product_cat":[33],"product_tag":[],"class_list":{"0":"post-1068","1":"product","2":"type-product","3":"status-publish","4":"has-post-thumbnail","6":"product_cat-vozol-gear-power-20000","8":"first","9":"instock","10":"shipping-taxable","11":"purchasable","12":"product-type-variable"},"acf":[],"_links":{"self":[{"href":"https:\/\/vozolpuff.de\/hu\/wp-json\/wp\/v2\/product\/1068","targetHints":{"allow":["GET"]}}],"collection":[{"href":"https:\/\/vozolpuff.de\/hu\/wp-json\/wp\/v2\/product"}],"about":[{"href":"https:\/\/vozolpuff.de\/hu\/wp-json\/wp\/v2\/types\/product"}],"replies":[{"embeddable":true,"href":"https:\/\/vozolpuff.de\/hu\/wp-json\/wp\/v2\/comments?post=1068"}],"wp:featuredmedia":[{"embeddable":true,"href":"https:\/\/vozolpuff.de\/hu\/wp-json\/wp\/v2\/media\/1070"}],"wp:attachment":[{"href":"https:\/\/vozolpuff.de\/hu\/wp-json\/wp\/v2\/media?parent=1068"}],"wp:term":[{"taxonomy":"product_brand","embeddable":true,"href":"https:\/\/vozolpuff.de\/hu\/wp-json\/wp\/v2\/product_brand?post=1068"},{"taxonomy":"product_cat","embeddable":true,"href":"https:\/\/vozolpuff.de\/hu\/wp-json\/wp\/v2\/product_cat?post=1068"},{"taxonomy":"product_tag","embeddable":true,"href":"https:\/\/vozolpuff.de\/hu\/wp-json\/wp\/v2\/product_tag?post=1068"}],"curies":[{"name":"wp","href":"https:\/\/api.w.org\/{rel}","templated":true}]}}